{"id":2215,"date":"2021-04-26T14:09:11","date_gmt":"2021-04-26T14:09:11","guid":{"rendered":"https:\/\/clearwatermarine.eu\/?post_type=product&#038;p=2215"},"modified":"2022-11-24T10:22:30","modified_gmt":"2022-11-24T10:22:30","slug":"nimbus-405-coupe","status":"publish","type":"product","link":"https:\/\/clearwatermarine.eu\/es\/producto\/nimbus-405-coupe\/","title":{"rendered":"Nimbus 405 Coup\u00e9"},"content":{"rendered":"<h1 style=\"text-align: center;\"><strong>Cruising made perfect.<\/strong><\/h1>\n<p align=\"center\"><iframe src=\"https:\/\/player.vimeo.com\/video\/84374323?title=0&amp;byline=0&amp;portrait=0\" width=\"640\" height=\"360\" frameborder=\"0\" allowfullscreen=\"allowfullscreen\" data-mce-fragment=\"1\"><\/iframe><\/p>\n<div class=\"str13_des\">\n<p>The Swedish built Nimbus 405 Coup\u00e9 is the largest boat in the Nimbus Coup\u00e9 Series, which includes the 305 Coup\u00e9 and 365 Coup\u00e9. The 405 Coup\u00e9 is built using the same \u201csidewalk\u201d concept as the award winning 365 Coup\u00e9 and which was voted \u201cEuropean Power Boat of the Year 2012\u201d\u201cWe focus on the conscious customer with experience of the sea who requires a large portion of comfort and safety. What is interesting about our coup\u00e9 concept is that it has such an \u201call round\u201d quality, where socialising and other on-board activities can be combined with excellent long cruising characteristics. Our coup\u00e9 boats in particular has enabled us to reach out to both new and younger customers internationally. It has become apparent that our coup\u00e9 boats are not just for the older generation who prioritise functionality and comfort, but also for families and for younger people who want both fun and to voyage securely and safely,\u201d said Jonas G\u00f6thberg, marketing manager.<\/p>\n<p>About Sidewalk Design: \u201cSidewalk\u201d is an asymmetrical deck layout where the side deck along the starboard side is extra wide and provides generous freedom of movement. It becomes convenient and enjoyable to move about on-board from bow to stern, and easy to get on and off the boat along the entire starboard side.<\/p>\n<\/div>\n","protected":false},"excerpt":{"rendered":"<p>Cruising made perfect. The Swedish built Nimbus 405 Coup\u00e9 is the largest boat in the Nimbus Coup\u00e9 Series, which includes the 305 Coup\u00e9 and 365 Coup\u00e9. The 405 Coup\u00e9 is built using the same \u201csidewalk\u201d concept as the award winning 365 Coup\u00e9 and which was voted \u201cEuropean Power Boat of the Year 2012\u201d\u201cWe focus on [&#8230;]\n","protected":false},"featured_media":2261,"comment_status":"open","ping_status":"closed","template":"","meta":{"_acf_changed":false},"product_brand":[],"product_cat":[40],"product_tag":[],"class_list":{"0":"post-2215","1":"product","2":"type-product","3":"status-publish","4":"has-post-thumbnail","6":"product_marcas-nimbus","7":"product_cat-model-boat","9":"first","10":"instock","11":"shipping-taxable","12":"product-type-simple"},"acf":[],"_links":{"self":[{"href":"https:\/\/clearwatermarine.eu\/es\/wp-json\/wp\/v2\/product\/2215","targetHints":{"allow":["GET"]}}],"collection":[{"href":"https:\/\/clearwatermarine.eu\/es\/wp-json\/wp\/v2\/product"}],"about":[{"href":"https:\/\/clearwatermarine.eu\/es\/wp-json\/wp\/v2\/types\/product"}],"replies":[{"embeddable":true,"href":"https:\/\/clearwatermarine.eu\/es\/wp-json\/wp\/v2\/comments?post=2215"}],"wp:featuredmedia":[{"embeddable":true,"href":"https:\/\/clearwatermarine.eu\/es\/wp-json\/wp\/v2\/media\/2261"}],"wp:attachment":[{"href":"https:\/\/clearwatermarine.eu\/es\/wp-json\/wp\/v2\/media?parent=2215"}],"wp:term":[{"taxonomy":"product_brand","embeddable":true,"href":"https:\/\/clearwatermarine.eu\/es\/wp-json\/wp\/v2\/product_brand?post=2215"},{"taxonomy":"product_cat","embeddable":true,"href":"https:\/\/clearwatermarine.eu\/es\/wp-json\/wp\/v2\/product_cat?post=2215"},{"taxonomy":"product_tag","embeddable":true,"href":"https:\/\/clearwatermarine.eu\/es\/wp-json\/wp\/v2\/product_tag?post=2215"}],"curies":[{"name":"wp","href":"https:\/\/api.w.org\/{rel}","templated":true}]}}