{"id":16520,"date":"2021-04-12T21:10:59","date_gmt":"2021-04-12T21:10:59","guid":{"rendered":"https:\/\/clearwatermarine.eu\/blog\/"},"modified":"2023-04-05T14:10:25","modified_gmt":"2023-04-05T14:10:25","slug":"blog","status":"publish","type":"page","link":"https:\/\/clearwatermarine.eu\/fr\/blog\/","title":{"rendered":"Blog"},"content":{"rendered":"\n\t<section class=\"section\" id=\"section_2018846429\">\n\t\t<div class=\"bg section-bg fill bg-fill  bg-loaded\" >\n\n\t\t\t\n\t\t\t\n\t\t\t\n\n\t\t<\/div>\n\n\t\t\n\n\t\t<div class=\"section-content relative\">\n\t\t\t\n\n\t<div id=\"text-2730657886\" class=\"text\">\n\t\t\n\n<h2>NOS DERNI\u00c8RES NOUVELLES ET \u00c9V\u00c9NEMENTS<\/h2>\n\t\t\n<style>\n#text-2730657886 {\n  text-align: center;\n  color: rgb(255, 255, 255);\n}\n#text-2730657886 > * {\n  color: rgb(255, 255, 255);\n}\n<\/style>\n\t<\/div>\n\t\n\n  \n    <div class=\"row large-columns-4 medium-columns-1 small-columns-1 row-small row-full-width\">\n  <div class=\"col post-item\" >\n\t\t\t<div class=\"col-inner\">\n\t\t\t<a href=\"https:\/\/clearwatermarine.eu\/fr\/were-at-boot-dusseldorf\/\" class=\"plain\">\n\t\t\t\t<div class=\"box box-default box-text-bottom box-blog-post has-hover\">\n            \t\t\t\t\t<div class=\"box-image\" >\n  \t\t\t\t\t\t<div class=\"image-cover\" style=\"padding-top:56%;\">\n  \t\t\t\t\t\t\t<img decoding=\"async\" width=\"300\" height=\"225\" src=\"https:\/\/clearwatermarine.eu\/wp-content\/uploads\/2023\/01\/b1e51006-09fb-4287-8855-ea7f8a7b3a32-300x225.jpg\" class=\"attachment-medium size-medium wp-post-image\" alt=\"\" srcset=\"https:\/\/clearwatermarine.eu\/wp-content\/uploads\/2023\/01\/b1e51006-09fb-4287-8855-ea7f8a7b3a32-300x225.jpg 300w, https:\/\/clearwatermarine.eu\/wp-content\/uploads\/2023\/01\/b1e51006-09fb-4287-8855-ea7f8a7b3a32-768x576.jpg 768w, https:\/\/clearwatermarine.eu\/wp-content\/uploads\/2023\/01\/b1e51006-09fb-4287-8855-ea7f8a7b3a32-500x375.jpg 500w, https:\/\/clearwatermarine.eu\/wp-content\/uploads\/2023\/01\/b1e51006-09fb-4287-8855-ea7f8a7b3a32-900x675.jpg 900w, https:\/\/clearwatermarine.eu\/wp-content\/uploads\/2023\/01\/b1e51006-09fb-4287-8855-ea7f8a7b3a32.jpg 1024w\" sizes=\"(max-width: 300px) 100vw, 300px\" \/>  \t\t\t\t\t\t\t  \t\t\t\t\t\t\t  \t\t\t\t\t\t<\/div>\n  \t\t\t\t\t\t  \t\t\t\t\t<\/div>\n          \t\t\t\t\t<div class=\"box-text text-center\" style=\"background-color:rgb(255, 255, 255);\">\n\t\t\t\t\t<div class=\"box-text-inner blog-post-inner\">\n\n\t\t\t\t\t\n\t\t\t\t\t\t\t\t\t\t<h5 class=\"post-title is-large uppercase\">Nous sommes \u00e0 Boot Dusseldorf!<\/h5>\n\t\t\t\t\t\t\t\t\t\t<div class=\"is-divider\"><\/div>\n\t\t\t\t\t\t\t\t\t\t<p class=\"from_the_blog_excerpt \">Le stand Nimbus a \u00e9t\u00e9 tr\u00e8s actif au salon de D\u00fcsseldorf. Le premier jour a [...]\t\t\t\t\t<\/p>\n\t\t\t\t\t                    \n\t\t\t\t\t\t\t\t\t\t\t<button href=\"https:\/\/clearwatermarine.eu\/fr\/were-at-boot-dusseldorf\/\" class=\"button primary is-underline is-small mb-0\">\n\t\t\t\t\t\t\tRead more\t\t\t\t\t\t<\/button>\n\t\t\t\t\t\n\t\t\t\t\t\n\t\t\t\t\t<\/div>\n\t\t\t\t\t<\/div>\n\t\t\t\t\t\t\t\t\t\t\t\t\t\t\t\t<div class=\"badge absolute top post-date badge-outline\">\n\t\t\t\t\t\t\t<div class=\"badge-inner\">\n\t\t\t\t\t\t\t\t<span class=\"post-date-day\">24<\/span><br>\n\t\t\t\t\t\t\t\t<span class=\"post-date-month is-xsmall\">Jan<\/span>\n\t\t\t\t\t\t\t<\/div>\n\t\t\t\t\t\t<\/div>\n\t\t\t\t\t\t\t\t\t<\/div>\n\t\t\t\t<\/a>\n\t\t\t<\/div>\n\t\t<\/div><\/div>\n\n\t<div id=\"gap-271911371\" class=\"gap-element clearfix\" style=\"display:block; height:auto;\">\n\t\t\n<style>\n#gap-271911371 {\n  padding-top: 20px;\n}\n<\/style>\n\t<\/div>\n\t\n\n\n\n\n\t\t<\/div>\n\n\t\t\n<style>\n#section_2018846429 {\n  padding-top: 0px;\n  padding-bottom: 0px;\n  background-color: rgb(12, 63, 107);\n}\n#section_2018846429 .ux-shape-divider--top svg {\n  height: 150px;\n  --divider-top-width: 100%;\n}\n#section_2018846429 .ux-shape-divider--bottom svg {\n  height: 150px;\n  --divider-width: 100%;\n}\n@media (min-width:550px) {\n  #section_2018846429 {\n    padding-top: 30px;\n    padding-bottom: 30px;\n  }\n}\n<\/style>\n\t<\/section>\n\t\n","protected":false},"excerpt":{"rendered":"","protected":false},"author":1,"featured_media":0,"parent":0,"menu_order":0,"comment_status":"closed","ping_status":"closed","template":"page-blank.php","meta":{"_acf_changed":false,"footnotes":""},"class_list":["post-16520","page","type-page","status-publish","hentry"],"acf":[],"_links":{"self":[{"href":"https:\/\/clearwatermarine.eu\/fr\/wp-json\/wp\/v2\/pages\/16520","targetHints":{"allow":["GET"]}}],"collection":[{"href":"https:\/\/clearwatermarine.eu\/fr\/wp-json\/wp\/v2\/pages"}],"about":[{"href":"https:\/\/clearwatermarine.eu\/fr\/wp-json\/wp\/v2\/types\/page"}],"author":[{"embeddable":true,"href":"https:\/\/clearwatermarine.eu\/fr\/wp-json\/wp\/v2\/users\/1"}],"replies":[{"embeddable":true,"href":"https:\/\/clearwatermarine.eu\/fr\/wp-json\/wp\/v2\/comments?post=16520"}],"version-history":[{"count":0,"href":"https:\/\/clearwatermarine.eu\/fr\/wp-json\/wp\/v2\/pages\/16520\/revisions"}],"wp:attachment":[{"href":"https:\/\/clearwatermarine.eu\/fr\/wp-json\/wp\/v2\/media?parent=16520"}],"curies":[{"name":"wp","href":"https:\/\/api.w.org\/{rel}","templated":true}]}}