{"id":16547,"date":"2021-05-06T08:46:59","date_gmt":"2021-05-06T08:46:59","guid":{"rendered":"https:\/\/clearwatermarine.eu\/bespoke\/"},"modified":"2023-04-07T09:47:42","modified_gmt":"2023-04-07T09:47:42","slug":"bespoke","status":"publish","type":"page","link":"https:\/\/clearwatermarine.eu\/fr\/bespoke\/","title":{"rendered":"Sur mesure"},"content":{"rendered":"\n\t<section class=\"section\" id=\"section_2049418681\">\n\t\t<div class=\"bg section-bg fill bg-fill  \" >\n\n\t\t\t\n\t\t\t<div class=\"section-bg-overlay absolute fill\"><\/div>\n\t\t\t\n\n\t\t<\/div>\n\n\t\t\n\n\t\t<div class=\"section-content relative\">\n\t\t\t\n\n<div class=\"row\" style=\"max-width:1200px\" id=\"row-668293862\">\n\n\n\t<div id=\"col-2012909092\" class=\"col medium-12 small-12 large-7\"  >\n\t\t\t\t<div class=\"col-inner\"  >\n\t\t\t\n\t\t\t\n\n\n  <div class=\"banner has-hover\" id=\"banner-801208674\">\n          <div class=\"banner-inner fill\">\n        <div class=\"banner-bg fill\" >\n            <div class=\"bg fill bg-fill \"><\/div>\n                                    \n                    <\/div>\n\t\t\n        <div class=\"banner-layers container\">\n            <div class=\"fill banner-link\"><\/div>            \n\n   <div id=\"text-box-1283431421\" class=\"text-box banner-layer x100 md-x50 lg-x50 y100 md-y45 lg-y45 res-text\">\n                                <div class=\"text-box-content text dark\">\n              \n              <div class=\"text-inner text-left\">\n                  \n\n\t<div id=\"gap-1932668209\" class=\"gap-element clearfix show-for-small\" style=\"display:block; height:auto;\">\n\t\t\n<style>\n#gap-1932668209 {\n  padding-top: 30px;\n}\n<\/style>\n\t<\/div>\n\t\n\n\t<div id=\"text-3895223598\" class=\"text\">\n\t\t\n\n<h6>Services<\/h6>\n\t\t\n<style>\n#text-3895223598 {\n  font-size: 1rem;\n}\n@media (min-width:550px) {\n  #text-3895223598 {\n    font-size: 1.25rem;\n  }\n}\n<\/style>\n\t<\/div>\n\t\n\t<div id=\"text-1581673955\" class=\"text\">\n\t\t\n\n<h1>Sur mesure<\/h1>\n\t\t\n<style>\n#text-1581673955 {\n  font-size: 1rem;\n}\n<\/style>\n\t<\/div>\n\t\n\n              <\/div>\n           <\/div>\n                            \n<style>\n#text-box-1283431421 {\n  width: 100%;\n}\n#text-box-1283431421 .text-box-content {\n  font-size: 121%;\n}\n@media (min-width:550px) {\n  #text-box-1283431421 {\n    width: 100%;\n  }\n  #text-box-1283431421 .text-box-content {\n    font-size: 145%;\n  }\n}\n<\/style>\n    <\/div>\n \n\n        <\/div>\n      <\/div>\n\n            \n<style>\n#banner-801208674 {\n  padding-top: 200px;\n  background-color: rgba(0, 0, 0, 0);\n}\n#banner-801208674 .ux-shape-divider--top svg {\n  height: 150px;\n  --divider-top-width: 100%;\n}\n#banner-801208674 .ux-shape-divider--bottom svg {\n  height: 150px;\n  --divider-width: 100%;\n}\n@media (min-width:550px) {\n  #banner-801208674 {\n    padding-top: 200px;\n  }\n}\n@media (min-width:850px) {\n  #banner-801208674 {\n    padding-top: 350px;\n  }\n}\n<\/style>\n  <\/div>\n\n\n\n\t\t<\/div>\n\t\t\t\t\n<style>\n#col-2012909092 > .col-inner {\n  padding: 0px 0px 0px 0;\n}\n@media (min-width:550px) {\n  #col-2012909092 > .col-inner {\n    padding: 0px 0px 0px 30px;\n  }\n}\n<\/style>\n\t<\/div>\n\n\t\n\n<\/div>\n\n\t\t<\/div>\n\n\t\t\n<style>\n#section_2049418681 {\n  padding-top: 30px;\n  padding-bottom: 30px;\n  min-height: 300px;\n  background-color: rgb(0, 63, 107);\n}\n#section_2049418681 .section-bg-overlay {\n  background-color: rgba(0, 0, 0, 0.262);\n}\n#section_2049418681 .section-bg.bg-loaded {\n  background-image: url(https:\/\/clearwatermarine.eu\/wp-content\/uploads\/2021\/05\/bespoke_header-scaled.jpg);\n}\n#section_2049418681 .section-bg {\n  background-position: 58% 54%;\n}\n#section_2049418681 .ux-shape-divider--top svg {\n  height: 150px;\n  --divider-top-width: 100%;\n}\n#section_2049418681 .ux-shape-divider--bottom svg {\n  height: 150px;\n  --divider-width: 100%;\n}\n@media (min-width:550px) {\n  #section_2049418681 {\n    min-height: 350px;\n  }\n}\n@media (min-width:850px) {\n  #section_2049418681 {\n    min-height: 350px;\n  }\n}\n<\/style>\n\t<\/section>\n\t\n\t<div id=\"gap-2045228879\" class=\"gap-element clearfix\" style=\"display:block; height:auto;\">\n\t\t\n<style>\n#gap-2045228879 {\n  padding-top: 40px;\n}\n@media (min-width:550px) {\n  #gap-2045228879 {\n    padding-top: 80px;\n  }\n}\n<\/style>\n\t<\/div>\n\t\n\n<div class=\"row\" style=\"max-width:\" id=\"row-377197037\">\n\n\n\t<div id=\"col-1517419480\" class=\"col medium-11 small-12 large-7\"  >\n\t\t\t\t<div class=\"col-inner\"  >\n\t\t\t\n\t\t\t\n\n\t<div id=\"gap-496565344\" class=\"gap-element clearfix\" style=\"display:block; height:auto;\">\n\t\t\n<style>\n#gap-496565344 {\n  padding-top: 30px;\n}\n<\/style>\n\t<\/div>\n\t\n\n<p>Clearwater Bespoke est con\u00e7u pour vous donner l&rsquo;opportunit\u00e9 de personnaliser et d&rsquo;adapter votre bateau \u00e0 vos besoins exacts et de le rendre unique \u00e0 vos yeux.<\/p>\n<p>Il peut s&rsquo;agir de simples travaux d&rsquo;am\u00e9nagement et d&rsquo;accessoirisation ou d&rsquo;une r\u00e9novation compl\u00e8te. Nous pouvons transformer un bateau bien aim\u00e9 mais peut-\u00eatre fatigu\u00e9 avec des options telles que l&rsquo;habillage de la coque et une nouvelle sellerie ou am\u00e9liorer un achat r\u00e9cent avec des \u00e9quipements suppl\u00e9mentaires.<\/p>\n<p>Notre \u00e9quipe exp\u00e9riment\u00e9e peut installer de nouveaux \u00e9quipements de navigation, \u00e9lectroniques et de pont, moderniser les \u00e9quipements audiovisuels et installer des services de t\u00e9l\u00e9vision et d&rsquo;Internet. <\/p>\n<p>Nous sommes les distributeurs officiels de Dockmate, une t\u00e9l\u00e9commande sans fil de pointe pour les yachts, qui permet de s&rsquo;amarrer facilement et sans stress. <\/p>\n<p>En collaboration avec Clearwater Toys, nous pouvons vous fournir les accessoires et le mat\u00e9riel n\u00e9cessaires pour rendre vos sorties sur l&rsquo;eau aussi amusantes et excitantes que possible, gr\u00e2ce aux \u00e9quipements Jobe, Sea-Doo et Seabob. Nous proposons des solutions d&rsquo;appel d&rsquo;offres de Seago, Williams et Ribeye et, pour les moments au port, nous offrons les meilleurs v\u00e9los \u00e9lectroniques du monde de GoCycle.<\/p>\n<p>Que votre bateau soit neuf ou d&rsquo;occasion, notre \u00e9quipe peut vous proposer des solutions pour cr\u00e9er le bateau de vos r\u00eaves. Envoyez-nous un courriel \u00e0 <a href=\"mailto:info@clearwater.es\">info@clearwater.es<\/a> ou appelez le +34 971 354 pour discuter de vos besoins.<\/p>\n\t<div id=\"gap-769951468\" class=\"gap-element clearfix\" style=\"display:block; height:auto;\">\n\t\t\n<style>\n#gap-769951468 {\n  padding-top: 80px;\n}\n@media (min-width:550px) {\n  #gap-769951468 {\n    padding-top: 60px;\n  }\n}\n<\/style>\n\t<\/div>\n\t\n\n\n\t\t<\/div>\n\t\t\t\t\n<style>\n#col-1517419480 > .col-inner {\n  padding: 0px 0px 0px 0;\n}\n@media (min-width:550px) {\n  #col-1517419480 > .col-inner {\n    padding: 0px 0px 0px 30px;\n  }\n}\n<\/style>\n\t<\/div>\n\n\t\n\n\t<div id=\"col-498656865\" class=\"col medium-12 small-12 large-5\"  >\n\t\t\t\t<div class=\"col-inner dark\" style=\"background-color:rgb(0, 63, 107);\" >\n\t\t\t\n\t\t\t\n\n\t<div id=\"text-892251540\" class=\"text\">\n\t\t\n\n<h2>CONTACTEZ-NOUS <\/h2>\n\t\t\n<style>\n#text-892251540 {\n  font-size: 1.25rem;\n  text-align: left;\n}\n@media (min-width:550px) {\n  #text-892251540 {\n    font-size: 1rem;\n  }\n}\n<\/style>\n\t<\/div>\n\t\n<div class=\"is-divider divider clearfix\" style=\"margin-top:25px;margin-bottom:25px;max-width:100px;background-color:rgb(255, 255, 255);\"><\/div>\n\n\n\t\t<div class=\"icon-box featured-box icon-box-left text-left\"  >\n\t\t\t\t\t<div class=\"icon-box-img\" style=\"width: 31px\">\n\t\t\t\t<div class=\"icon\">\n\t\t\t\t\t<div class=\"icon-inner\" >\n\t\t\t\t\t\t<img decoding=\"async\" width=\"120\" height=\"120\" src=\"https:\/\/clearwatermarine.eu\/wp-content\/uploads\/2021\/02\/phone-line.png\" class=\"attachment-medium size-medium\" alt=\"\" srcset=\"https:\/\/clearwatermarine.eu\/wp-content\/uploads\/2021\/02\/phone-line.png 120w, https:\/\/clearwatermarine.eu\/wp-content\/uploads\/2021\/02\/phone-line-100x100.png 100w\" sizes=\"(max-width: 120px) 100vw, 120px\" \/>\t\t\t\t\t<\/div>\n\t\t\t\t<\/div>\n\t\t\t<\/div>\n\t\t\t\t<div class=\"icon-box-text last-reset\">\n\t\t\t\t\t\t\t\t\t\n\n\t<div id=\"text-4125065625\" class=\"text\">\n\t\t\n\n<h3><a href=\"tel:%200034971354208\">+34 971 35 42 08<\/a><\/h3>\n\t\t\n<style>\n#text-4125065625 {\n  font-size: 1rem;\n  text-align: left;\n}\n@media (min-width:550px) {\n  #text-4125065625 {\n    font-size: 1rem;\n  }\n}\n<\/style>\n\t<\/div>\n\t\n\n\t\t<\/div>\n\t<\/div>\n\t\n\t\n\t<div id=\"gap-325968134\" class=\"gap-element clearfix\" style=\"display:block; height:auto;\">\n\t\t\n<style>\n#gap-325968134 {\n  padding-top: 15px;\n}\n<\/style>\n\t<\/div>\n\t\n\n\n\t\t<div class=\"icon-box featured-box icon-box-left text-left\"  >\n\t\t\t\t\t<div class=\"icon-box-img\" style=\"width: 29px\">\n\t\t\t\t<div class=\"icon\">\n\t\t\t\t\t<div class=\"icon-inner\" >\n\t\t\t\t\t\t<img decoding=\"async\" width=\"120\" height=\"120\" src=\"https:\/\/clearwatermarine.eu\/wp-content\/uploads\/2021\/02\/mail-line.png\" class=\"attachment-medium size-medium\" alt=\"\" srcset=\"https:\/\/clearwatermarine.eu\/wp-content\/uploads\/2021\/02\/mail-line.png 120w, https:\/\/clearwatermarine.eu\/wp-content\/uploads\/2021\/02\/mail-line-100x100.png 100w\" sizes=\"(max-width: 120px) 100vw, 120px\" \/>\t\t\t\t\t<\/div>\n\t\t\t\t<\/div>\n\t\t\t<\/div>\n\t\t\t\t<div class=\"icon-box-text last-reset\">\n\t\t\t\t\t\t\t\t\t\n\n\t<div id=\"text-4261992823\" class=\"text\">\n\t\t\n\n<h3><a href=\"mailto:info@clearwater.es\">info@clearwater.es<\/a><\/h3>\n\t\t\n<style>\n#text-4261992823 {\n  font-size: 1rem;\n  text-align: left;\n}\n@media (min-width:550px) {\n  #text-4261992823 {\n    font-size: 1rem;\n  }\n}\n<\/style>\n\t<\/div>\n\t\n\n\t\t<\/div>\n\t<\/div>\n\t\n\t\n\t<div id=\"gap-1550805547\" class=\"gap-element clearfix\" style=\"display:block; height:auto;\">\n\t\t\n<style>\n#gap-1550805547 {\n  padding-top: 30px;\n}\n<\/style>\n\t<\/div>\n\t\n\n<span class=\"quform-popup-link quform-popup-link-3\" data-unique-id=\"480f9f\">\n<div class=\"button white is-outline\" style=\"margin-right: 20px !important;\">demander des informations<\/div>\n<\/span><div class=\"quform-popup\"><div id=\"quform-480f9f\" class=\"quform quform-3 quform-theme-hollow quform-support-page-caching\"><form id=\"quform-form-480f9f\" class=\"quform-form quform-form-3\" action=\"\/fr\/wp-json\/wp\/v2\/pages\/16547#quform-480f9f\" method=\"post\" enctype=\"multipart\/form-data\" novalidate=\"novalidate\" data-options=\"{&quot;id&quot;:3,&quot;uniqueId&quot;:&quot;480f9f&quot;,&quot;theme&quot;:&quot;hollow&quot;,&quot;ajax&quot;:true,&quot;logic&quot;:{&quot;logic&quot;:[],&quot;dependents&quot;:[],&quot;elementIds&quot;:[],&quot;dependentElementIds&quot;:[],&quot;animate&quot;:true},&quot;currentPageId&quot;:1,&quot;errorsIcon&quot;:&quot;&quot;,&quot;updateFancybox&quot;:true,&quot;hasPages&quot;:false,&quot;pages&quot;:[1],&quot;pageProgressType&quot;:&quot;numbers&quot;,&quot;tooltipsEnabled&quot;:true,&quot;tooltipClasses&quot;:&quot;qtip-quform-dark qtip-shadow&quot;,&quot;tooltipMy&quot;:&quot;left center&quot;,&quot;tooltipAt&quot;:&quot;right center&quot;,&quot;isRtl&quot;:false,&quot;scrollOffset&quot;:-50,&quot;scrollSpeed&quot;:800}\"><button class=\"quform-default-submit\" name=\"quform_submit\" type=\"submit\" value=\"submit\" aria-hidden=\"true\" tabindex=\"-1\"><\/button><div class=\"quform-form-inner quform-form-inner-3\"><input type=\"hidden\" name=\"quform_form_id\" value=\"3\" \/><input type=\"hidden\" name=\"quform_form_uid\" value=\"480f9f\" \/><input type=\"hidden\" name=\"quform_count\" value=\"1\" \/><input type=\"hidden\" name=\"form_url\" value=\"https:\/\/clearwatermarine.eu\/fr\/wp-json\/wp\/v2\/pages\/16547\" \/><input type=\"hidden\" name=\"referring_url\" value=\"\" \/><input type=\"hidden\" name=\"post_id\" value=\"\" \/><input type=\"hidden\" name=\"post_title\" value=\"\" \/><input type=\"hidden\" name=\"quform_current_page_id\" value=\"1\" \/><input type=\"hidden\" name=\"quform_csrf_token\" value=\"fC6tGYIvz2j6aFoPOPsfjtnBmPxdYrUwQdzudBBJ\" \/><div class=\"quform-elements quform-elements-3 quform-cf quform-responsive-elements-phone-portrait\"><div class=\"quform-element quform-element-page quform-page-1 quform-page-3_1 quform-cf quform-group-style-plain quform-first-page quform-last-page quform-current-page\"><div class=\"quform-child-elements\"><div class=\"quform-element quform-element-row quform-element-row-3_15 quform-1-columns quform-element-row-size-fixed quform-responsive-columns-phone-portrait\"><div class=\"quform-element quform-element-column quform-element-3_16\"><div class=\"quform-element quform-element-html quform-element-3_33 quform-cf\"><div class=\"quform-spacer\"><div style=\"color: #1e284f; font-size: 24px; margin-bottom: 20px; text-align: left; text-transform: uppercase;\">Service Enquiry<\/div><\/div><\/div><\/div><\/div><div class=\"quform-element quform-element-row quform-element-row-3_21 quform-2-columns quform-element-row-size-fixed quform-responsive-columns-phone-portrait\"><div class=\"quform-element quform-element-column quform-element-3_22\"><div class=\"quform-element quform-element-text quform-element-3_26 quform-cf quform-labels-inside quform-element-required\"><div class=\"quform-spacer\"><div class=\"quform-label quform-label-3_26\"><label class=\"quform-label-text\" for=\"quform_3_26_480f9f\">Name<span class=\"quform-required\">*<\/span><\/label><\/div><div class=\"quform-inner quform-inner-text quform-inner-3_26 quform-field-size-medium\"><div class=\"quform-input quform-input-text quform-input-3_26 quform-cf\"><input type=\"text\" id=\"quform_3_26_480f9f\" name=\"quform_3_26\" class=\"quform-field quform-field-text quform-field-3_26\" \/><\/div><\/div><\/div><\/div><\/div><div class=\"quform-element quform-element-column quform-element-3_24\"><div class=\"quform-element quform-element-text quform-element-3_40 quform-cf quform-labels-inside quform-element-required\"><div class=\"quform-spacer\"><div class=\"quform-label quform-label-3_40\"><label class=\"quform-label-text\" for=\"quform_3_40_480f9f\">Surname<span class=\"quform-required\">*<\/span><\/label><\/div><div class=\"quform-inner quform-inner-text quform-inner-3_40 quform-field-size-medium\"><div class=\"quform-input quform-input-text quform-input-3_40 quform-cf\"><input type=\"text\" id=\"quform_3_40_480f9f\" name=\"quform_3_40\" class=\"quform-field quform-field-text quform-field-3_40\" \/><\/div><\/div><\/div><\/div><\/div><\/div><div class=\"quform-element quform-element-row quform-element-row-3_34 quform-2-columns quform-element-row-size-fixed quform-responsive-columns-phone-portrait\"><div class=\"quform-element quform-element-column quform-element-3_35\"><div class=\"quform-element quform-element-email quform-element-3_36 quform-cf quform-labels-inside quform-element-required\"><div class=\"quform-spacer\"><div class=\"quform-label quform-label-3_36\"><label class=\"quform-label-text\" for=\"quform_3_36_480f9f\">Email<span class=\"quform-required\">*<\/span><\/label><\/div><div class=\"quform-inner quform-inner-email quform-inner-3_36 quform-field-size-medium\"><div class=\"quform-input quform-input-email quform-input-3_36 quform-cf\"><input type=\"email\" id=\"quform_3_36_480f9f\" name=\"quform_3_36\" class=\"quform-field quform-field-email quform-field-3_36\" \/><\/div><\/div><\/div><\/div><\/div><div class=\"quform-element quform-element-column quform-element-3_37\"><div class=\"quform-element quform-element-text quform-element-3_38 quform-cf quform-labels-inside quform-element-required\"><div class=\"quform-spacer\"><div class=\"quform-label quform-label-3_38\"><label class=\"quform-label-text\" for=\"quform_3_38_480f9f\">Phone<span class=\"quform-required\">*<\/span><\/label><\/div><div class=\"quform-inner quform-inner-text quform-inner-3_38 quform-field-size-medium\"><div class=\"quform-input quform-input-text quform-input-3_38 quform-cf\"><input type=\"text\" id=\"quform_3_38_480f9f\" name=\"quform_3_38\" class=\"quform-field quform-field-text quform-field-3_38\" \/><\/div><\/div><\/div><\/div><\/div><\/div><div class=\"quform-element quform-element-textarea quform-element-3_6 quform-cf quform-labels-inside quform-element-required\"><div class=\"quform-spacer\"><div class=\"quform-label quform-label-3_6\"><label class=\"quform-label-text\" for=\"quform_3_6_480f9f\">Write here<span class=\"quform-required\">*<\/span><\/label><\/div><div class=\"quform-inner quform-inner-textarea quform-inner-3_6 quform-field-size-medium\"><div class=\"quform-input quform-input-textarea quform-input-3_6 quform-cf\"><textarea id=\"quform_3_6_480f9f\" name=\"quform_3_6\" class=\"quform-field quform-field-textarea quform-field-3_6\"><\/textarea><\/div><\/div><\/div><\/div><div class=\"quform-element quform-element-checkbox quform-element-3_30 quform-cf quform-element-required\"><div class=\"quform-spacer\"><div class=\"quform-inner quform-inner-checkbox quform-inner-3_30 quform-field-size-medium\"><div class=\"quform-input quform-input-checkbox quform-input-3_30 quform-cf\"><div class=\"quform-options quform-cf quform-options-block quform-options-simple\"><div class=\"quform-option\"><input type=\"checkbox\" name=\"quform_3_30[]\" id=\"quform_3_30_480f9f_1\" class=\"quform-field quform-field-checkbox quform-field-3_30 quform-field-3_30_1\" value=\"&lt;span style=&quot;font-size: 12px&quot;&gt;have read and accepted the &lt;a style=&quot;color:#2e51d1;font-size: 12px&quot; href=&quot;#&quot;&gt;&lt;strong&gt;the privacy policies and the conditions of use&lt;\/strong&gt;&lt;\/a&gt; of this website.&lt;\/span&gt;\" \/><label for=\"quform_3_30_480f9f_1\" class=\"quform-option-label quform-option-label-3_30_1\"><span class=\"quform-option-text\"><span style=\"font-size: 12px\">have read and accepted the <a style=\"color:#2e51d1;font-size: 12px\" href=\"#\"><strong>the privacy policies and the conditions of use<\/strong><\/a> of this website.<\/span><\/span><\/label><\/div><\/div><\/div><\/div><\/div><\/div><div class=\"quform-element quform-element-submit quform-element-3_2 quform-cf quform-button-style-theme quform-button-size-fat quform-button-width-full\"><div class=\"quform-button-submit quform-button-submit-default quform-button-submit-3_2\"><button name=\"quform_submit\" type=\"submit\" class=\"quform-submit\" value=\"submit\"><span class=\"quform-button-text quform-button-submit-text\">Contact<\/span><\/button><\/div><div class=\"quform-loading quform-loading-position-left quform-loading-type-spinner-1\"><div class=\"quform-loading-inner\"><div class=\"quform-loading-spinner\"><div class=\"quform-loading-spinner-inner\"><\/div><\/div><\/div><\/div><\/div><div class=\"quform-element-tree\"><label for=\"quform_3_0_480f9f\">Ce champ devrait \u00eatre laiss\u00e9 vide<\/label><input type=\"text\" id=\"quform_3_0_480f9f\" name=\"quform_3_0\" class=\"quform-field quform-field-tree quform-field-3_0\" tabindex=\"-1\" autocomplete=\"off\" \/><\/div><\/div><\/div><\/div><\/div><\/form><\/div><\/div>\n\n\t\t<\/div>\n\t\t\t\t\n<style>\n#col-498656865 > .col-inner {\n  padding: 40px 40px 40px 40px;\n  margin: -75px 0px 0px 0px;\n}\n@media (min-width:550px) {\n  #col-498656865 > .col-inner {\n    padding: 60px 60px 60px 60px;\n    margin: -121px 0px 0px 0px;\n  }\n}\n@media (min-width:850px) {\n  #col-498656865 > .col-inner {\n    margin: -10px 0px 0px 0px;\n  }\n}\n<\/style>\n\t<\/div>\n\n\t\n\n<\/div>\n\t<div id=\"gap-29376601\" class=\"gap-element clearfix\" style=\"display:block; height:auto;\">\n\t\t\n<style>\n#gap-29376601 {\n  padding-top: 50px;\n}\n<\/style>\n\t<\/div>\n\t\n\n\n","protected":false},"excerpt":{"rendered":"","protected":false},"author":2,"featured_media":0,"parent":0,"menu_order":0,"comment_status":"closed","ping_status":"closed","template":"page-transparent-header-light.php","meta":{"_acf_changed":false,"footnotes":""},"class_list":["post-16547","page","type-page","status-publish","hentry"],"acf":[],"_links":{"self":[{"href":"https:\/\/clearwatermarine.eu\/fr\/wp-json\/wp\/v2\/pages\/16547","targetHints":{"allow":["GET"]}}],"collection":[{"href":"https:\/\/clearwatermarine.eu\/fr\/wp-json\/wp\/v2\/pages"}],"about":[{"href":"https:\/\/clearwatermarine.eu\/fr\/wp-json\/wp\/v2\/types\/page"}],"author":[{"embeddable":true,"href":"https:\/\/clearwatermarine.eu\/fr\/wp-json\/wp\/v2\/users\/2"}],"replies":[{"embeddable":true,"href":"https:\/\/clearwatermarine.eu\/fr\/wp-json\/wp\/v2\/comments?post=16547"}],"version-history":[{"count":0,"href":"https:\/\/clearwatermarine.eu\/fr\/wp-json\/wp\/v2\/pages\/16547\/revisions"}],"wp:attachment":[{"href":"https:\/\/clearwatermarine.eu\/fr\/wp-json\/wp\/v2\/media?parent=16547"}],"curies":[{"name":"wp","href":"https:\/\/api.w.org\/{rel}","templated":true}]}}