{"id":16564,"date":"2021-03-26T11:05:53","date_gmt":"2021-03-26T11:05:53","guid":{"rendered":"https:\/\/clearwatermarine.eu\/saxdor\/"},"modified":"2023-04-07T10:41:52","modified_gmt":"2023-04-07T10:41:52","slug":"saxdor","status":"publish","type":"page","link":"https:\/\/clearwatermarine.eu\/fr\/saxdor\/","title":{"rendered":"Saxdor"},"content":{"rendered":"\n\t<section class=\"section\" id=\"section_531834160\">\n\t\t<div class=\"bg section-bg fill bg-fill  \" >\n\n\t\t\t\n\t\t\t<div class=\"section-bg-overlay absolute fill\"><\/div>\n\t\t\t\n\n\t\t<\/div>\n\n\t\t\n\n\t\t<div class=\"section-content relative\">\n\t\t\t\n\n<div class=\"row\" style=\"max-width:1200px\" id=\"row-1535080269\">\n\n\n\t<div id=\"col-1015395413\" class=\"col medium-12 small-12 large-7\"  >\n\t\t\t\t<div class=\"col-inner\"  >\n\t\t\t\n\t\t\t\n\n\n  <div class=\"banner has-hover\" id=\"banner-1469282620\">\n          <div class=\"banner-inner fill\">\n        <div class=\"banner-bg fill\" >\n            <div class=\"bg fill bg-fill \"><\/div>\n                                    \n                    <\/div>\n\t\t\n        <div class=\"banner-layers container\">\n            <div class=\"fill banner-link\"><\/div>            \n\n   <div id=\"text-box-1358747412\" class=\"text-box banner-layer x100 md-x50 lg-x50 y100 md-y45 lg-y45 res-text\">\n                                <div class=\"text-box-content text dark\">\n              \n              <div class=\"text-inner text-left\">\n                  \n\n\t<div id=\"gap-1451399098\" class=\"gap-element clearfix show-for-small\" style=\"display:block; height:auto;\">\n\t\t\n<style>\n#gap-1451399098 {\n  padding-top: 30px;\n}\n<\/style>\n\t<\/div>\n\t\n\n\t<div id=\"gap-770602023\" class=\"gap-element clearfix hide-for-small\" style=\"display:block; height:auto;\">\n\t\t\n<style>\n#gap-770602023 {\n  padding-top: 30px;\n}\n<\/style>\n\t<\/div>\n\t\n\n\t<div class=\"img has-hover x md-x lg-x y md-y lg-y\" id=\"image_734300871\">\n\t\t\t\t\t\t\t\t<div class=\"img-inner dark\" >\n\t\t\t<img decoding=\"async\" width=\"548\" height=\"88\" src=\"https:\/\/clearwatermarine.eu\/wp-content\/uploads\/2021\/01\/saxdor-logo.png\" class=\"attachment-large size-large\" alt=\"\" srcset=\"https:\/\/clearwatermarine.eu\/wp-content\/uploads\/2021\/01\/saxdor-logo.png 548w, https:\/\/clearwatermarine.eu\/wp-content\/uploads\/2021\/01\/saxdor-logo-500x80.png 500w, https:\/\/clearwatermarine.eu\/wp-content\/uploads\/2021\/01\/saxdor-logo-300x48.png 300w\" sizes=\"(max-width: 548px) 100vw, 548px\" \/>\t\t\t\t\t\t\n\t\t\t\t\t<\/div>\n\t\t\t\t\t\t\t\t\n<style>\n#image_734300871 {\n  width: 58%;\n}\n@media (min-width:550px) {\n  #image_734300871 {\n    width: 44%;\n  }\n}\n<\/style>\n\t<\/div>\n\t\n\n\n              <\/div>\n           <\/div>\n                            \n<style>\n#text-box-1358747412 {\n  width: 100%;\n}\n#text-box-1358747412 .text-box-content {\n  font-size: 121%;\n}\n@media (min-width:550px) {\n  #text-box-1358747412 {\n    width: 100%;\n  }\n  #text-box-1358747412 .text-box-content {\n    font-size: 145%;\n  }\n}\n<\/style>\n    <\/div>\n \n\n        <\/div>\n      <\/div>\n\n            \n<style>\n#banner-1469282620 {\n  padding-top: 200px;\n  background-color: rgba(0, 0, 0, 0);\n}\n#banner-1469282620 .ux-shape-divider--top svg {\n  height: 150px;\n  --divider-top-width: 100%;\n}\n#banner-1469282620 .ux-shape-divider--bottom svg {\n  height: 150px;\n  --divider-width: 100%;\n}\n@media (min-width:550px) {\n  #banner-1469282620 {\n    padding-top: 200px;\n  }\n}\n@media (min-width:850px) {\n  #banner-1469282620 {\n    padding-top: 350px;\n  }\n}\n<\/style>\n  <\/div>\n\n\n\n\t\t<\/div>\n\t\t\t\t\n<style>\n#col-1015395413 > .col-inner {\n  padding: 0px 0px 0px 0;\n}\n@media (min-width:550px) {\n  #col-1015395413 > .col-inner {\n    padding: 0px 0px 0px 30px;\n  }\n}\n<\/style>\n\t<\/div>\n\n\t\n\n<\/div>\n\n\t\t<\/div>\n\n\t\t\n<style>\n#section_531834160 {\n  padding-top: 30px;\n  padding-bottom: 30px;\n  min-height: 300px;\n  background-color: rgb(0, 63, 107);\n}\n#section_531834160 .section-bg-overlay {\n  background-color: rgba(0, 0, 0, 0);\n}\n#section_531834160 .section-bg.bg-loaded {\n  background-image: url(https:\/\/clearwatermarine.eu\/wp-content\/uploads\/2021\/03\/XF7_5107-WEB.jpg);\n}\n#section_531834160 .section-bg {\n  background-position: 23% 26%;\n}\n#section_531834160 .ux-shape-divider--top svg {\n  height: 150px;\n  --divider-top-width: 100%;\n}\n#section_531834160 .ux-shape-divider--bottom svg {\n  height: 150px;\n  --divider-width: 100%;\n}\n@media (min-width:550px) {\n  #section_531834160 {\n    min-height: 350px;\n  }\n}\n@media (min-width:850px) {\n  #section_531834160 {\n    min-height: 350px;\n  }\n}\n<\/style>\n\t<\/section>\n\t\n\t<div id=\"gap-331804116\" class=\"gap-element clearfix\" style=\"display:block; height:auto;\">\n\t\t\n<style>\n#gap-331804116 {\n  padding-top: 50px;\n}\n<\/style>\n\t<\/div>\n\t\n\n\t<section class=\"section\" id=\"section_131169364\">\n\t\t<div class=\"bg section-bg fill bg-fill  bg-loaded\" >\n\n\t\t\t\n\t\t\t\n\t\t\t\n\n\t\t<\/div>\n\n\t\t\n\n\t\t<div class=\"section-content relative\">\n\t\t\t\n\n<div class=\"row\" style=\"max-width:\" id=\"row-1199075175\">\n\n\n\t<div id=\"col-1665479186\" class=\"col medium-11 small-12 large-6\"  >\n\t\t\t\t<div class=\"col-inner\"  >\n\t\t\t\n\t\t\t\n\n<h1 style=\"text-transform: uppercase;\">LE D\u00c9BUT D&rsquo;UNE NOUVELLE \u00c8RE<\/h1>\n\n\t\t<\/div>\n\t\t\t\t\n<style>\n#col-1665479186 > .col-inner {\n  padding: 0px 0px 0px 0;\n}\n@media (min-width:550px) {\n  #col-1665479186 > .col-inner {\n    padding: 0px 30px 0px 0px;\n  }\n}\n<\/style>\n\t<\/div>\n\n\t\n\n\t<div id=\"col-7427197\" class=\"col medium-11 small-12 large-6\"  >\n\t\t\t\t<div class=\"col-inner\"  >\n\t\t\t\n\t\t\t\n\n<p>Saxdor Yachts a \u00e9t\u00e9 cr\u00e9\u00e9 par le l\u00e9gendaire concepteur de bateaux Sakari Mattila, avec la vision de cr\u00e9er une flotte de bateaux qui n&rsquo;a jamais exist\u00e9 auparavant.&nbsp; Le concept de la marque est de construire des bateaux de nouvelle g\u00e9n\u00e9ration &#8211; des embarcations haut de gamme au style moderne, \u00e9quip\u00e9es des derni\u00e8res technologies, \u00e0 un prix abordable.&nbsp; Leur premi\u00e8re ann\u00e9e en 2020 a \u00e9t\u00e9 couronn\u00e9e de succ\u00e8s avec trois prix et nominations importants pour leur premier mod\u00e8le, le Saxdor 200.&nbsp; L&rsquo;ann\u00e9e 2021 s&rsquo;av\u00e8re tout aussi passionnante avec le lancement du 320, qui a \u00e9t\u00e9 bien accueilli par les clients et les professionnels du secteur.&nbsp; Il est temps pour vous de faire&nbsp; des vagues avec style.<\/p>\n\n\t\t<\/div>\n\t\t\t\t\n<style>\n#col-7427197 > .col-inner {\n  padding: 0px 0px 0px 0;\n  margin: -5px 0px 0px 0px;\n}\n<\/style>\n\t<\/div>\n\n\t\n\n<\/div>\n\n\t\t<\/div>\n\n\t\t\n<style>\n#section_131169364 {\n  padding-top: 30px;\n  padding-bottom: 30px;\n}\n#section_131169364 .ux-shape-divider--top svg {\n  height: 150px;\n  --divider-top-width: 100%;\n}\n#section_131169364 .ux-shape-divider--bottom svg {\n  height: 150px;\n  --divider-width: 100%;\n}\n<\/style>\n\t<\/section>\n\t\n\t<section class=\"section\" id=\"section_1029858107\">\n\t\t<div class=\"bg section-bg fill bg-fill  bg-loaded\" >\n\n\t\t\t\n\t\t\t\n\t\t\t\n\n\t\t<\/div>\n\n\t\t\n\n\t\t<div class=\"section-content relative\">\n\t\t\t\n\n<div class=\"row\"  id=\"row-122596974\">\n\n\n\t<div id=\"col-265000054\" class=\"col small-12 large-12\"  >\n\t\t\t\t<div class=\"col-inner\"  >\n\t\t\t\n\t\t\t\n\n\n\t\t<div class=\"tabbed-content\">\n\t\t\t\n\t\t\t<ul class=\"nav nav-outline nav-uppercase nav-size-large nav-center\" role=\"tablist\"><li id=\"tab-models\" class=\"tab active has-icon\" role=\"presentation\"><a href=\"#tab_models\" role=\"tab\" aria-selected=\"true\" aria-controls=\"tab_models\"><span>MODELS<\/span><\/a><\/li><\/ul><div class=\"tab-panels\"><div id=\"tab_models\" class=\"panel active entry-content\" role=\"tabpanel\" aria-labelledby=\"tab-models\">\n\n<div class=\"row\"  id=\"row-1867437951\">\n\n\n\t<div id=\"col-1322637443\" class=\"col small-12 large-12\"  >\n\t\t\t\t<div class=\"col-inner\"  >\n\t\t\t\n\t\t\t\n\n\t<div id=\"gap-1866441059\" class=\"gap-element clearfix\" style=\"display:block; height:auto;\">\n\t\t\n<style>\n#gap-1866441059 {\n  padding-top: 20px;\n}\n<\/style>\n\t<\/div>\n\t\n\n<div class=\"row row-small align-center\"  id=\"row-1829897799\">\n\n\n\t<div id=\"col-1389061990\" class=\"col medium-4 small-12 large-4\"  >\n\t\t\t\t<div class=\"col-inner\"  >\n\t\t\t\n\t\t\t\n\n\t<div class=\"box has-hover   has-hover box-shade dark box-text-bottom\" >\n\n\t\t<div class=\"box-image\" >\n\t\t\t<a href=\"https:\/\/clearwatermarine.eu\/producto\/saxdor-200-sport-2\/\"  >\t\t\t<div class=\"image-cover\" style=\"padding-top:110%;\">\n\t\t\t\t<img decoding=\"async\" width=\"1080\" height=\"1080\" src=\"https:\/\/clearwatermarine.eu\/wp-content\/uploads\/2022\/02\/244470812_988968158610656_6250255538521815143_n-1.jpg\" class=\"attachment-original size-original\" alt=\"saxdor 200\" srcset=\"https:\/\/clearwatermarine.eu\/wp-content\/uploads\/2022\/02\/244470812_988968158610656_6250255538521815143_n-1.jpg 1080w, https:\/\/clearwatermarine.eu\/wp-content\/uploads\/2022\/02\/244470812_988968158610656_6250255538521815143_n-1-300x300.jpg 300w, https:\/\/clearwatermarine.eu\/wp-content\/uploads\/2022\/02\/244470812_988968158610656_6250255538521815143_n-1-1024x1024.jpg 1024w, https:\/\/clearwatermarine.eu\/wp-content\/uploads\/2022\/02\/244470812_988968158610656_6250255538521815143_n-1-150x150.jpg 150w, https:\/\/clearwatermarine.eu\/wp-content\/uploads\/2022\/02\/244470812_988968158610656_6250255538521815143_n-1-768x768.jpg 768w, https:\/\/clearwatermarine.eu\/wp-content\/uploads\/2022\/02\/244470812_988968158610656_6250255538521815143_n-1-500x500.jpg 500w, https:\/\/clearwatermarine.eu\/wp-content\/uploads\/2022\/02\/244470812_988968158610656_6250255538521815143_n-1-900x900.jpg 900w, https:\/\/clearwatermarine.eu\/wp-content\/uploads\/2022\/02\/244470812_988968158610656_6250255538521815143_n-1-100x100.jpg 100w\" sizes=\"(max-width: 1080px) 100vw, 1080px\" \/>\t\t\t\t\t\t\t\t<div class=\"shade\"><\/div>\t\t\t<\/div>\n\t\t\t<\/a>\t\t<\/div>\n\n\t\t<div class=\"box-text text-left\" style=\"padding:20px 20px 0px 20px;\">\n\t\t\t<div class=\"box-text-inner\">\n\t\t\t\t\n\n\t<div id=\"text-4110359760\" class=\"text\">\n\t\t\n\n<h2><span style=\"font-size: 140%;\">Saxdor 200 SPORT<\/span><\/h2>\n\t\t\n<style>\n#text-4110359760 {\n  font-size: 1rem;\n}\n@media (min-width:550px) {\n  #text-4110359760 {\n    font-size: 0.75rem;\n  }\n}\n<\/style>\n\t<\/div>\n\t\n\t<div id=\"gap-1589770597\" class=\"gap-element clearfix\" style=\"display:block; height:auto;\">\n\t\t\n<style>\n#gap-1589770597 {\n  padding-top: 30px;\n}\n<\/style>\n\t<\/div>\n\t\n\n\n\t\t\t<\/div>\n\t\t<\/div>\n\t<\/div>\n\t\n\n\t\t<\/div>\n\t\t\t\t\t<\/div>\n\n\t\n\n\t<div id=\"col-136263862\" class=\"col medium-4 small-12 large-4\"  >\n\t\t\t\t<div class=\"col-inner\"  >\n\t\t\t\n\t\t\t\n\n\t<div class=\"box has-hover   has-hover box-shade dark box-text-bottom\" >\n\n\t\t<div class=\"box-image\" >\n\t\t\t<a href=\"https:\/\/clearwatermarine.eu\/producto\/saxdor-270-gto\/\"  >\t\t\t<div class=\"image-cover\" style=\"padding-top:110%;\">\n\t\t\t\t<img decoding=\"async\" width=\"1080\" height=\"720\" src=\"https:\/\/clearwatermarine.eu\/wp-content\/uploads\/2022\/10\/270-dan_0007-scaled-e1667907072875.jpg\" class=\"attachment-original size-original\" alt=\"Saxdor 270 for sale\" srcset=\"https:\/\/clearwatermarine.eu\/wp-content\/uploads\/2022\/10\/270-dan_0007-scaled-e1667907072875.jpg 1080w, https:\/\/clearwatermarine.eu\/wp-content\/uploads\/2022\/10\/270-dan_0007-scaled-e1667907072875-300x200.jpg 300w, https:\/\/clearwatermarine.eu\/wp-content\/uploads\/2022\/10\/270-dan_0007-scaled-e1667907072875-1024x683.jpg 1024w, https:\/\/clearwatermarine.eu\/wp-content\/uploads\/2022\/10\/270-dan_0007-scaled-e1667907072875-768x512.jpg 768w, https:\/\/clearwatermarine.eu\/wp-content\/uploads\/2022\/10\/270-dan_0007-scaled-e1667907072875-500x333.jpg 500w, https:\/\/clearwatermarine.eu\/wp-content\/uploads\/2022\/10\/270-dan_0007-scaled-e1667907072875-900x600.jpg 900w\" sizes=\"(max-width: 1080px) 100vw, 1080px\" \/>\t\t\t\t\t\t\t\t<div class=\"shade\"><\/div>\t\t\t<\/div>\n\t\t\t<\/a>\t\t<\/div>\n\n\t\t<div class=\"box-text text-left\" style=\"padding:20px 20px 0px 20px;\">\n\t\t\t<div class=\"box-text-inner\">\n\t\t\t\t\n\n\t<div id=\"text-672269800\" class=\"text\">\n\t\t\n\n<h2><span style=\"font-size: 140%;\">Saxdor 270 GTO<\/span><\/h2>\n\t\t\n<style>\n#text-672269800 {\n  font-size: 1rem;\n}\n@media (min-width:550px) {\n  #text-672269800 {\n    font-size: 0.75rem;\n  }\n}\n<\/style>\n\t<\/div>\n\t\n\t<div id=\"gap-1200484117\" class=\"gap-element clearfix\" style=\"display:block; height:auto;\">\n\t\t\n<style>\n#gap-1200484117 {\n  padding-top: 30px;\n}\n<\/style>\n\t<\/div>\n\t\n\n\n\t\t\t<\/div>\n\t\t<\/div>\n\t<\/div>\n\t\n\n\t\t<\/div>\n\t\t\t\t\t<\/div>\n\n\t\n\n\t<div id=\"col-1251323752\" class=\"col medium-4 small-12 large-4\"  >\n\t\t\t\t<div class=\"col-inner\"  >\n\t\t\t\n\t\t\t\n\n\t<div class=\"box has-hover   has-hover box-shade dark box-text-bottom\" >\n\n\t\t<div class=\"box-image\" >\n\t\t\t<a href=\"https:\/\/clearwatermarine.eu\/producto\/saxdor-320-gto\/\"  >\t\t\t<div class=\"image-cover\" style=\"padding-top:110%;\">\n\t\t\t\t<img decoding=\"async\" width=\"1080\" height=\"720\" src=\"https:\/\/clearwatermarine.eu\/wp-content\/uploads\/2022\/02\/232076865_792227784776404_2073438068911118910_n-1.jpg\" class=\"attachment-original size-original\" alt=\"\" srcset=\"https:\/\/clearwatermarine.eu\/wp-content\/uploads\/2022\/02\/232076865_792227784776404_2073438068911118910_n-1.jpg 1080w, https:\/\/clearwatermarine.eu\/wp-content\/uploads\/2022\/02\/232076865_792227784776404_2073438068911118910_n-1-300x200.jpg 300w, https:\/\/clearwatermarine.eu\/wp-content\/uploads\/2022\/02\/232076865_792227784776404_2073438068911118910_n-1-1024x683.jpg 1024w, https:\/\/clearwatermarine.eu\/wp-content\/uploads\/2022\/02\/232076865_792227784776404_2073438068911118910_n-1-768x512.jpg 768w, https:\/\/clearwatermarine.eu\/wp-content\/uploads\/2022\/02\/232076865_792227784776404_2073438068911118910_n-1-500x333.jpg 500w, https:\/\/clearwatermarine.eu\/wp-content\/uploads\/2022\/02\/232076865_792227784776404_2073438068911118910_n-1-900x600.jpg 900w\" sizes=\"(max-width: 1080px) 100vw, 1080px\" \/>\t\t\t\t\t\t\t\t<div class=\"shade\"><\/div>\t\t\t<\/div>\n\t\t\t<\/a>\t\t<\/div>\n\n\t\t<div class=\"box-text text-left\" style=\"padding:20px 20px 0px 20px;\">\n\t\t\t<div class=\"box-text-inner\">\n\t\t\t\t\n\n\t<div id=\"text-1257810989\" class=\"text\">\n\t\t\n\n<h2><span style=\"font-size: 140%;\">Saxdor 320 GTO<\/span><\/h2>\n\t\t\n<style>\n#text-1257810989 {\n  font-size: 1rem;\n}\n@media (min-width:550px) {\n  #text-1257810989 {\n    font-size: 0.75rem;\n  }\n}\n<\/style>\n\t<\/div>\n\t\n\t<div id=\"gap-1341108558\" class=\"gap-element clearfix\" style=\"display:block; height:auto;\">\n\t\t\n<style>\n#gap-1341108558 {\n  padding-top: 30px;\n}\n<\/style>\n\t<\/div>\n\t\n\n\n\t\t\t<\/div>\n\t\t<\/div>\n\t<\/div>\n\t\n\n\t\t<\/div>\n\t\t\t\t\t<\/div>\n\n\t\n\n<\/div>\n\n\t\t<\/div>\n\t\t\t\t\t<\/div>\n\n\t\n\n<\/div>\n\n<\/div><\/div><\/div>\n\n\t\t<\/div>\n\t\t\t\t\t<\/div>\n\n\t\n\n<\/div>\n\n\t\t<\/div>\n\n\t\t\n<style>\n#section_1029858107 {\n  padding-top: 60px;\n  padding-bottom: 60px;\n  background-color: rgb(247, 247, 247);\n}\n#section_1029858107 .ux-shape-divider--top svg {\n  height: 150px;\n  --divider-top-width: 100%;\n}\n#section_1029858107 .ux-shape-divider--bottom svg {\n  height: 150px;\n  --divider-width: 100%;\n}\n<\/style>\n\t<\/section>\n\t\n\n","protected":false},"excerpt":{"rendered":"","protected":false},"author":2,"featured_media":0,"parent":0,"menu_order":0,"comment_status":"closed","ping_status":"closed","template":"page-transparent-header-light.php","meta":{"_acf_changed":false,"footnotes":""},"class_list":["post-16564","page","type-page","status-publish","hentry"],"acf":[],"_links":{"self":[{"href":"https:\/\/clearwatermarine.eu\/fr\/wp-json\/wp\/v2\/pages\/16564","targetHints":{"allow":["GET"]}}],"collection":[{"href":"https:\/\/clearwatermarine.eu\/fr\/wp-json\/wp\/v2\/pages"}],"about":[{"href":"https:\/\/clearwatermarine.eu\/fr\/wp-json\/wp\/v2\/types\/page"}],"author":[{"embeddable":true,"href":"https:\/\/clearwatermarine.eu\/fr\/wp-json\/wp\/v2\/users\/2"}],"replies":[{"embeddable":true,"href":"https:\/\/clearwatermarine.eu\/fr\/wp-json\/wp\/v2\/comments?post=16564"}],"version-history":[{"count":0,"href":"https:\/\/clearwatermarine.eu\/fr\/wp-json\/wp\/v2\/pages\/16564\/revisions"}],"wp:attachment":[{"href":"https:\/\/clearwatermarine.eu\/fr\/wp-json\/wp\/v2\/media?parent=16564"}],"curies":[{"name":"wp","href":"https:\/\/api.w.org\/{rel}","templated":true}]}}