{"id":16597,"date":"2021-05-06T08:41:03","date_gmt":"2021-05-06T08:41:03","guid":{"rendered":"https:\/\/clearwatermarine.eu\/storage\/"},"modified":"2023-04-17T07:40:08","modified_gmt":"2023-04-17T07:40:08","slug":"storage","status":"publish","type":"page","link":"https:\/\/clearwatermarine.eu\/fr\/storage\/","title":{"rendered":"Stockage"},"content":{"rendered":"\n\t<section class=\"section\" id=\"section_376917006\">\n\t\t<div class=\"bg section-bg fill bg-fill  \" >\n\n\t\t\t\n\t\t\t<div class=\"section-bg-overlay absolute fill\"><\/div>\n\t\t\t\n\n\t\t<\/div>\n\n\t\t\n\n\t\t<div class=\"section-content relative\">\n\t\t\t\n\n<div class=\"row\" style=\"max-width:1200px\" id=\"row-1792846312\">\n\n\n\t<div id=\"col-1264385613\" class=\"col medium-12 small-12 large-7\"  >\n\t\t\t\t<div class=\"col-inner\"  >\n\t\t\t\n\t\t\t\n\n\n  <div class=\"banner has-hover\" id=\"banner-776642438\">\n          <div class=\"banner-inner fill\">\n        <div class=\"banner-bg fill\" >\n            <div class=\"bg fill bg-fill \"><\/div>\n                                    \n                    <\/div>\n\t\t\n        <div class=\"banner-layers container\">\n            <div class=\"fill banner-link\"><\/div>            \n\n   <div id=\"text-box-1192892404\" class=\"text-box banner-layer x100 md-x50 lg-x50 y100 md-y45 lg-y45 res-text\">\n                                <div class=\"text-box-content text dark\">\n              \n              <div class=\"text-inner text-left\">\n                  \n\n\t<div id=\"gap-1018020014\" class=\"gap-element clearfix show-for-small\" style=\"display:block; height:auto;\">\n\t\t\n<style>\n#gap-1018020014 {\n  padding-top: 30px;\n}\n<\/style>\n\t<\/div>\n\t\n\n\t<div id=\"text-1194184963\" class=\"text\">\n\t\t\n\n<h6>Services<\/h6>\n\t\t\n<style>\n#text-1194184963 {\n  font-size: 1rem;\n}\n@media (min-width:550px) {\n  #text-1194184963 {\n    font-size: 1.25rem;\n  }\n}\n<\/style>\n\t<\/div>\n\t\n\t<div id=\"text-3314368612\" class=\"text\">\n\t\t\n\n<h1>Stockage<\/h1>\n\t\t\n<style>\n#text-3314368612 {\n  font-size: 1rem;\n}\n<\/style>\n\t<\/div>\n\t\n\n              <\/div>\n           <\/div>\n                            \n<style>\n#text-box-1192892404 {\n  width: 100%;\n}\n#text-box-1192892404 .text-box-content {\n  font-size: 121%;\n}\n@media (min-width:550px) {\n  #text-box-1192892404 {\n    width: 100%;\n  }\n  #text-box-1192892404 .text-box-content {\n    font-size: 145%;\n  }\n}\n<\/style>\n    <\/div>\n \n\n        <\/div>\n      <\/div>\n\n            \n<style>\n#banner-776642438 {\n  padding-top: 200px;\n  background-color: rgba(0, 0, 0, 0);\n}\n#banner-776642438 .ux-shape-divider--top svg {\n  height: 150px;\n  --divider-top-width: 100%;\n}\n#banner-776642438 .ux-shape-divider--bottom svg {\n  height: 150px;\n  --divider-width: 100%;\n}\n@media (min-width:550px) {\n  #banner-776642438 {\n    padding-top: 200px;\n  }\n}\n@media (min-width:850px) {\n  #banner-776642438 {\n    padding-top: 350px;\n  }\n}\n<\/style>\n  <\/div>\n\n\n\n\t\t<\/div>\n\t\t\t\t\n<style>\n#col-1264385613 > .col-inner {\n  padding: 0px 0px 0px 0;\n}\n@media (min-width:550px) {\n  #col-1264385613 > .col-inner {\n    padding: 0px 0px 0px 30px;\n  }\n}\n<\/style>\n\t<\/div>\n\n\t\n\n<\/div>\n\n\t\t<\/div>\n\n\t\t\n<style>\n#section_376917006 {\n  padding-top: 30px;\n  padding-bottom: 30px;\n  min-height: 300px;\n  background-color: rgb(0, 63, 107);\n}\n#section_376917006 .section-bg-overlay {\n  background-color: rgba(0, 0, 0, 0.262);\n}\n#section_376917006 .section-bg.bg-loaded {\n  background-image: url(https:\/\/clearwatermarine.eu\/wp-content\/uploads\/2021\/05\/clearwater-storage.jpg);\n}\n#section_376917006 .ux-shape-divider--top svg {\n  height: 150px;\n  --divider-top-width: 100%;\n}\n#section_376917006 .ux-shape-divider--bottom svg {\n  height: 150px;\n  --divider-width: 100%;\n}\n@media (min-width:550px) {\n  #section_376917006 {\n    min-height: 350px;\n  }\n}\n@media (min-width:850px) {\n  #section_376917006 {\n    min-height: 350px;\n  }\n}\n<\/style>\n\t<\/section>\n\t\n\t<div id=\"gap-562765589\" class=\"gap-element clearfix\" style=\"display:block; height:auto;\">\n\t\t\n<style>\n#gap-562765589 {\n  padding-top: 40px;\n}\n@media (min-width:550px) {\n  #gap-562765589 {\n    padding-top: 80px;\n  }\n}\n<\/style>\n\t<\/div>\n\t\n\n<div class=\"row\" style=\"max-width:\" id=\"row-1890939874\">\n\n\n\t<div id=\"col-1094783119\" class=\"col medium-11 small-12 large-7\"  >\n\t\t\t\t<div class=\"col-inner\"  >\n\t\t\t\n\t\t\t\n\n\t<div id=\"gap-718680165\" class=\"gap-element clearfix\" style=\"display:block; height:auto;\">\n\t\t\n<style>\n#gap-718680165 {\n  padding-top: 30px;\n}\n<\/style>\n\t<\/div>\n\t\n\n<p>Clearwater Marine exploite trois entrep\u00f4ts sur le Poligono de Mahon, \u00e0 5 minutes en voiture de nos bureaux et du port. Nous offrons toute l&rsquo;ann\u00e9e un stockage s\u00e9curis\u00e9 pour les bateaux, les voitures et d&rsquo;autres objets. <\/p>\n<p>Si vous avez l&rsquo;intention d&rsquo;immobiliser votre bateau pour l&rsquo;hiver, l&rsquo;entreposage \u00e0 l&rsquo;int\u00e9rieur est consid\u00e9r\u00e9 comme la meilleure option. La protection contre les intemp\u00e9ries, les p\u00e9riodes d&rsquo;inactivit\u00e9 prolong\u00e9es et les taux d&rsquo;humidit\u00e9 \u00e9lev\u00e9s est essentielle pour \u00e9viter les probl\u00e8mes lorsque vous retournez sur votre bateau la saison suivante. <\/p>\n<p>Nos services d&rsquo;entreposage de bateaux comprennent l&rsquo;hivernage ad\u00e9quat des moteurs, du g\u00e9n\u00e9rateur et des autres syst\u00e8mes du bateau. En outre, la coque sera lav\u00e9e sous pression, les \u00e9quipements sous-marins seront nettoy\u00e9s et l&#8217;embarcation sera enti\u00e8rement nettoy\u00e9e \u00e0 l&rsquo;int\u00e9rieur et \u00e0 l&rsquo;ext\u00e9rieur. Les objets susceptibles de se d\u00e9t\u00e9riorer font l&rsquo;objet d&rsquo;une attention particuli\u00e8re et les objets non fix\u00e9s, tels que les coussins, sont retir\u00e9s. Nous ouvrons les panneaux d&rsquo;acc\u00e8s et les armoires pour a\u00e9rer et installer des d\u00e9shumidificateurs si n\u00e9cessaire. Une fois que votre navire est enti\u00e8rement hivern\u00e9, il est contr\u00f4l\u00e9 et surveill\u00e9 tout au long de la p\u00e9riode d&rsquo;entreposage.<\/p>\n<p>Pour les voitures, nous pouvons proposer un service d&rsquo;entreposage uniquement ou un service de livraison et de collecte \u00e0 l&rsquo;a\u00e9roport ou \u00e0 la villa, ce qui signifie que votre voiture peut vous attendre \u00e0 votre arriv\u00e9e, propre et pr\u00eate \u00e0 partir. Nous organisons le nettoyage et la valorisation des voitures, l&rsquo;entretien et la maintenance, et nous apportons notre aide pour les t\u00e2ches administratives telles que l&rsquo;immatriculation et l&rsquo;assurance d&rsquo;une voiture.<\/p>\n<p>Pour obtenir de plus amples informations et un devis, veuillez appeler l&rsquo;\u00e9quipe au +34 971 354 208 ou nous contacter par courriel \u00e0 info@clearwater.es.<\/p>\n\t<div id=\"gap-940483073\" class=\"gap-element clearfix\" style=\"display:block; height:auto;\">\n\t\t\n<style>\n#gap-940483073 {\n  padding-top: 80px;\n}\n@media (min-width:550px) {\n  #gap-940483073 {\n    padding-top: 60px;\n  }\n}\n<\/style>\n\t<\/div>\n\t\n\n\n\t\t<\/div>\n\t\t\t\t\n<style>\n#col-1094783119 > .col-inner {\n  padding: 0px 0px 0px 0;\n}\n@media (min-width:550px) {\n  #col-1094783119 > .col-inner {\n    padding: 0px 0px 0px 30px;\n  }\n}\n<\/style>\n\t<\/div>\n\n\t\n\n\t<div id=\"col-1800235921\" class=\"col medium-12 small-12 large-5\"  >\n\t\t\t\t<div class=\"col-inner dark\" style=\"background-color:rgb(0, 63, 107);\" >\n\t\t\t\n\t\t\t\n\n\t<div id=\"text-2459290983\" class=\"text\">\n\t\t\n\n<h2>CONTACTEZ-NOUS <\/h2>\n\t\t\n<style>\n#text-2459290983 {\n  font-size: 1.25rem;\n  text-align: left;\n}\n@media (min-width:550px) {\n  #text-2459290983 {\n    font-size: 1rem;\n  }\n}\n<\/style>\n\t<\/div>\n\t\n<div class=\"is-divider divider clearfix\" style=\"margin-top:25px;margin-bottom:25px;max-width:100px;background-color:rgb(255, 255, 255);\"><\/div>\n\n\n\t\t<div class=\"icon-box featured-box icon-box-left text-left\"  >\n\t\t\t\t\t<div class=\"icon-box-img\" style=\"width: 31px\">\n\t\t\t\t<div class=\"icon\">\n\t\t\t\t\t<div class=\"icon-inner\" >\n\t\t\t\t\t\t<img decoding=\"async\" width=\"120\" height=\"120\" src=\"https:\/\/clearwatermarine.eu\/wp-content\/uploads\/2021\/02\/phone-line.png\" class=\"attachment-medium size-medium\" alt=\"\" srcset=\"https:\/\/clearwatermarine.eu\/wp-content\/uploads\/2021\/02\/phone-line.png 120w, https:\/\/clearwatermarine.eu\/wp-content\/uploads\/2021\/02\/phone-line-100x100.png 100w\" sizes=\"(max-width: 120px) 100vw, 120px\" \/>\t\t\t\t\t<\/div>\n\t\t\t\t<\/div>\n\t\t\t<\/div>\n\t\t\t\t<div class=\"icon-box-text last-reset\">\n\t\t\t\t\t\t\t\t\t\n\n\t<div id=\"text-379626187\" class=\"text\">\n\t\t\n\n<h3><a href=\"tel:%200034971354208\">+34 971 35 42 08<\/a><\/h3>\n\t\t\n<style>\n#text-379626187 {\n  font-size: 1rem;\n  text-align: left;\n}\n@media (min-width:550px) {\n  #text-379626187 {\n    font-size: 1rem;\n  }\n}\n<\/style>\n\t<\/div>\n\t\n\n\t\t<\/div>\n\t<\/div>\n\t\n\t\n\t<div id=\"gap-1270705607\" class=\"gap-element clearfix\" style=\"display:block; height:auto;\">\n\t\t\n<style>\n#gap-1270705607 {\n  padding-top: 15px;\n}\n<\/style>\n\t<\/div>\n\t\n\n\n\t\t<div class=\"icon-box featured-box icon-box-left text-left\"  >\n\t\t\t\t\t<div class=\"icon-box-img\" style=\"width: 29px\">\n\t\t\t\t<div class=\"icon\">\n\t\t\t\t\t<div class=\"icon-inner\" >\n\t\t\t\t\t\t<img decoding=\"async\" width=\"120\" height=\"120\" src=\"https:\/\/clearwatermarine.eu\/wp-content\/uploads\/2021\/02\/mail-line.png\" class=\"attachment-medium size-medium\" alt=\"\" srcset=\"https:\/\/clearwatermarine.eu\/wp-content\/uploads\/2021\/02\/mail-line.png 120w, https:\/\/clearwatermarine.eu\/wp-content\/uploads\/2021\/02\/mail-line-100x100.png 100w\" sizes=\"(max-width: 120px) 100vw, 120px\" \/>\t\t\t\t\t<\/div>\n\t\t\t\t<\/div>\n\t\t\t<\/div>\n\t\t\t\t<div class=\"icon-box-text last-reset\">\n\t\t\t\t\t\t\t\t\t\n\n\t<div id=\"text-3605857114\" class=\"text\">\n\t\t\n\n<h3><a href=\"mailto:info@clearwater.es\">info@clearwater.es<\/a><\/h3>\n\t\t\n<style>\n#text-3605857114 {\n  font-size: 1rem;\n  text-align: left;\n}\n@media (min-width:550px) {\n  #text-3605857114 {\n    font-size: 1rem;\n  }\n}\n<\/style>\n\t<\/div>\n\t\n\n\t\t<\/div>\n\t<\/div>\n\t\n\t\n\t<div id=\"gap-2074416697\" class=\"gap-element clearfix\" style=\"display:block; height:auto;\">\n\t\t\n<style>\n#gap-2074416697 {\n  padding-top: 30px;\n}\n<\/style>\n\t<\/div>\n\t\n\n<span class=\"quform-popup-link quform-popup-link-3\" data-unique-id=\"e285d9\">\n<div class=\"button white is-outline\" style=\"margin-right: 20px !important;\">demander des informations<\/div>\n<\/span><div class=\"quform-popup\"><div id=\"quform-e285d9\" class=\"quform quform-3 quform-theme-hollow quform-support-page-caching\"><form id=\"quform-form-e285d9\" class=\"quform-form quform-form-3\" action=\"\/fr\/wp-json\/wp\/v2\/pages\/16597#quform-e285d9\" method=\"post\" enctype=\"multipart\/form-data\" novalidate=\"novalidate\" data-options=\"{&quot;id&quot;:3,&quot;uniqueId&quot;:&quot;e285d9&quot;,&quot;theme&quot;:&quot;hollow&quot;,&quot;ajax&quot;:true,&quot;logic&quot;:{&quot;logic&quot;:[],&quot;dependents&quot;:[],&quot;elementIds&quot;:[],&quot;dependentElementIds&quot;:[],&quot;animate&quot;:true},&quot;currentPageId&quot;:1,&quot;errorsIcon&quot;:&quot;&quot;,&quot;updateFancybox&quot;:true,&quot;hasPages&quot;:false,&quot;pages&quot;:[1],&quot;pageProgressType&quot;:&quot;numbers&quot;,&quot;tooltipsEnabled&quot;:true,&quot;tooltipClasses&quot;:&quot;qtip-quform-dark qtip-shadow&quot;,&quot;tooltipMy&quot;:&quot;left center&quot;,&quot;tooltipAt&quot;:&quot;right center&quot;,&quot;isRtl&quot;:false,&quot;scrollOffset&quot;:-50,&quot;scrollSpeed&quot;:800}\"><button class=\"quform-default-submit\" name=\"quform_submit\" type=\"submit\" value=\"submit\" aria-hidden=\"true\" tabindex=\"-1\"><\/button><div class=\"quform-form-inner quform-form-inner-3\"><input type=\"hidden\" name=\"quform_form_id\" value=\"3\" \/><input type=\"hidden\" name=\"quform_form_uid\" value=\"e285d9\" \/><input type=\"hidden\" name=\"quform_count\" value=\"1\" \/><input type=\"hidden\" name=\"form_url\" value=\"https:\/\/clearwatermarine.eu\/fr\/wp-json\/wp\/v2\/pages\/16597\" \/><input type=\"hidden\" name=\"referring_url\" value=\"\" \/><input type=\"hidden\" name=\"post_id\" value=\"\" \/><input type=\"hidden\" name=\"post_title\" value=\"\" \/><input type=\"hidden\" name=\"quform_current_page_id\" value=\"1\" \/><input type=\"hidden\" name=\"quform_csrf_token\" value=\"TvZ8n2c3htc5XjQLJzKL5498aJqBLci39613L3q3\" \/><div class=\"quform-elements quform-elements-3 quform-cf quform-responsive-elements-phone-portrait\"><div class=\"quform-element quform-element-page quform-page-1 quform-page-3_1 quform-cf quform-group-style-plain quform-first-page quform-last-page quform-current-page\"><div class=\"quform-child-elements\"><div class=\"quform-element quform-element-row quform-element-row-3_15 quform-1-columns quform-element-row-size-fixed quform-responsive-columns-phone-portrait\"><div class=\"quform-element quform-element-column quform-element-3_16\"><div class=\"quform-element quform-element-html quform-element-3_33 quform-cf\"><div class=\"quform-spacer\"><div style=\"color: #1e284f; font-size: 24px; margin-bottom: 20px; text-align: left; text-transform: uppercase;\">Service Enquiry<\/div><\/div><\/div><\/div><\/div><div class=\"quform-element quform-element-row quform-element-row-3_21 quform-2-columns quform-element-row-size-fixed quform-responsive-columns-phone-portrait\"><div class=\"quform-element quform-element-column quform-element-3_22\"><div class=\"quform-element quform-element-text quform-element-3_26 quform-cf quform-labels-inside quform-element-required\"><div class=\"quform-spacer\"><div class=\"quform-label quform-label-3_26\"><label class=\"quform-label-text\" for=\"quform_3_26_e285d9\">Name<span class=\"quform-required\">*<\/span><\/label><\/div><div class=\"quform-inner quform-inner-text quform-inner-3_26 quform-field-size-medium\"><div class=\"quform-input quform-input-text quform-input-3_26 quform-cf\"><input type=\"text\" id=\"quform_3_26_e285d9\" name=\"quform_3_26\" class=\"quform-field quform-field-text quform-field-3_26\" \/><\/div><\/div><\/div><\/div><\/div><div class=\"quform-element quform-element-column quform-element-3_24\"><div class=\"quform-element quform-element-text quform-element-3_40 quform-cf quform-labels-inside quform-element-required\"><div class=\"quform-spacer\"><div class=\"quform-label quform-label-3_40\"><label class=\"quform-label-text\" for=\"quform_3_40_e285d9\">Surname<span class=\"quform-required\">*<\/span><\/label><\/div><div class=\"quform-inner quform-inner-text quform-inner-3_40 quform-field-size-medium\"><div class=\"quform-input quform-input-text quform-input-3_40 quform-cf\"><input type=\"text\" id=\"quform_3_40_e285d9\" name=\"quform_3_40\" class=\"quform-field quform-field-text quform-field-3_40\" \/><\/div><\/div><\/div><\/div><\/div><\/div><div class=\"quform-element quform-element-row quform-element-row-3_34 quform-2-columns quform-element-row-size-fixed quform-responsive-columns-phone-portrait\"><div class=\"quform-element quform-element-column quform-element-3_35\"><div class=\"quform-element quform-element-email quform-element-3_36 quform-cf quform-labels-inside quform-element-required\"><div class=\"quform-spacer\"><div class=\"quform-label quform-label-3_36\"><label class=\"quform-label-text\" for=\"quform_3_36_e285d9\">Email<span class=\"quform-required\">*<\/span><\/label><\/div><div class=\"quform-inner quform-inner-email quform-inner-3_36 quform-field-size-medium\"><div class=\"quform-input quform-input-email quform-input-3_36 quform-cf\"><input type=\"email\" id=\"quform_3_36_e285d9\" name=\"quform_3_36\" class=\"quform-field quform-field-email quform-field-3_36\" \/><\/div><\/div><\/div><\/div><\/div><div class=\"quform-element quform-element-column quform-element-3_37\"><div class=\"quform-element quform-element-text quform-element-3_38 quform-cf quform-labels-inside quform-element-required\"><div class=\"quform-spacer\"><div class=\"quform-label quform-label-3_38\"><label class=\"quform-label-text\" for=\"quform_3_38_e285d9\">Phone<span class=\"quform-required\">*<\/span><\/label><\/div><div class=\"quform-inner quform-inner-text quform-inner-3_38 quform-field-size-medium\"><div class=\"quform-input quform-input-text quform-input-3_38 quform-cf\"><input type=\"text\" id=\"quform_3_38_e285d9\" name=\"quform_3_38\" class=\"quform-field quform-field-text quform-field-3_38\" \/><\/div><\/div><\/div><\/div><\/div><\/div><div class=\"quform-element quform-element-textarea quform-element-3_6 quform-cf quform-labels-inside quform-element-required\"><div class=\"quform-spacer\"><div class=\"quform-label quform-label-3_6\"><label class=\"quform-label-text\" for=\"quform_3_6_e285d9\">Write here<span class=\"quform-required\">*<\/span><\/label><\/div><div class=\"quform-inner quform-inner-textarea quform-inner-3_6 quform-field-size-medium\"><div class=\"quform-input quform-input-textarea quform-input-3_6 quform-cf\"><textarea id=\"quform_3_6_e285d9\" name=\"quform_3_6\" class=\"quform-field quform-field-textarea quform-field-3_6\"><\/textarea><\/div><\/div><\/div><\/div><div class=\"quform-element quform-element-checkbox quform-element-3_30 quform-cf quform-element-required\"><div class=\"quform-spacer\"><div class=\"quform-inner quform-inner-checkbox quform-inner-3_30 quform-field-size-medium\"><div class=\"quform-input quform-input-checkbox quform-input-3_30 quform-cf\"><div class=\"quform-options quform-cf quform-options-block quform-options-simple\"><div class=\"quform-option\"><input type=\"checkbox\" name=\"quform_3_30[]\" id=\"quform_3_30_e285d9_1\" class=\"quform-field quform-field-checkbox quform-field-3_30 quform-field-3_30_1\" value=\"&lt;span style=&quot;font-size: 12px&quot;&gt;have read and accepted the &lt;a style=&quot;color:#2e51d1;font-size: 12px&quot; href=&quot;#&quot;&gt;&lt;strong&gt;the privacy policies and the conditions of use&lt;\/strong&gt;&lt;\/a&gt; of this website.&lt;\/span&gt;\" \/><label for=\"quform_3_30_e285d9_1\" class=\"quform-option-label quform-option-label-3_30_1\"><span class=\"quform-option-text\"><span style=\"font-size: 12px\">have read and accepted the <a style=\"color:#2e51d1;font-size: 12px\" href=\"#\"><strong>the privacy policies and the conditions of use<\/strong><\/a> of this website.<\/span><\/span><\/label><\/div><\/div><\/div><\/div><\/div><\/div><div class=\"quform-element quform-element-submit quform-element-3_2 quform-cf quform-button-style-theme quform-button-size-fat quform-button-width-full\"><div class=\"quform-button-submit quform-button-submit-default quform-button-submit-3_2\"><button name=\"quform_submit\" type=\"submit\" class=\"quform-submit\" value=\"submit\"><span class=\"quform-button-text quform-button-submit-text\">Contact<\/span><\/button><\/div><div class=\"quform-loading quform-loading-position-left quform-loading-type-spinner-1\"><div class=\"quform-loading-inner\"><div class=\"quform-loading-spinner\"><div class=\"quform-loading-spinner-inner\"><\/div><\/div><\/div><\/div><\/div><div class=\"quform-element-tree\"><label for=\"quform_3_0_e285d9\">Ce champ devrait \u00eatre laiss\u00e9 vide<\/label><input type=\"text\" id=\"quform_3_0_e285d9\" name=\"quform_3_0\" class=\"quform-field quform-field-tree quform-field-3_0\" tabindex=\"-1\" autocomplete=\"off\" \/><\/div><\/div><\/div><\/div><\/div><\/form><\/div><\/div>\n\n\t\t<\/div>\n\t\t\t\t\n<style>\n#col-1800235921 > .col-inner {\n  padding: 40px 40px 40px 40px;\n  margin: -75px 0px 0px 0px;\n}\n@media (min-width:550px) {\n  #col-1800235921 > .col-inner {\n    padding: 60px 60px 60px 60px;\n    margin: -121px 0px 0px 0px;\n  }\n}\n@media (min-width:850px) {\n  #col-1800235921 > .col-inner {\n    margin: -10px 0px 0px 0px;\n  }\n}\n<\/style>\n\t<\/div>\n\n\t\n\n<\/div>\n\t<div id=\"gap-140103743\" class=\"gap-element clearfix\" style=\"display:block; height:auto;\">\n\t\t\n<style>\n#gap-140103743 {\n  padding-top: 50px;\n}\n<\/style>\n\t<\/div>\n\t\n\n\n","protected":false},"excerpt":{"rendered":"","protected":false},"author":2,"featured_media":0,"parent":0,"menu_order":0,"comment_status":"closed","ping_status":"closed","template":"page-transparent-header-light.php","meta":{"_acf_changed":false,"footnotes":""},"class_list":["post-16597","page","type-page","status-publish","hentry"],"acf":[],"_links":{"self":[{"href":"https:\/\/clearwatermarine.eu\/fr\/wp-json\/wp\/v2\/pages\/16597","targetHints":{"allow":["GET"]}}],"collection":[{"href":"https:\/\/clearwatermarine.eu\/fr\/wp-json\/wp\/v2\/pages"}],"about":[{"href":"https:\/\/clearwatermarine.eu\/fr\/wp-json\/wp\/v2\/types\/page"}],"author":[{"embeddable":true,"href":"https:\/\/clearwatermarine.eu\/fr\/wp-json\/wp\/v2\/users\/2"}],"replies":[{"embeddable":true,"href":"https:\/\/clearwatermarine.eu\/fr\/wp-json\/wp\/v2\/comments?post=16597"}],"version-history":[{"count":0,"href":"https:\/\/clearwatermarine.eu\/fr\/wp-json\/wp\/v2\/pages\/16597\/revisions"}],"wp:attachment":[{"href":"https:\/\/clearwatermarine.eu\/fr\/wp-json\/wp\/v2\/media?parent=16597"}],"curies":[{"name":"wp","href":"https:\/\/api.w.org\/{rel}","templated":true}]}}