{"id":16601,"date":"2021-02-24T12:20:54","date_gmt":"2021-02-24T12:20:54","guid":{"rendered":"https:\/\/clearwatermarine.eu\/manteinance\/"},"modified":"2023-04-17T08:05:49","modified_gmt":"2023-04-17T08:05:49","slug":"manteinance","status":"publish","type":"page","link":"https:\/\/clearwatermarine.eu\/fr\/manteinance\/","title":{"rendered":"Entretien"},"content":{"rendered":"\n\t<section class=\"section\" id=\"section_2129344346\">\n\t\t<div class=\"bg section-bg fill bg-fill  \" >\n\n\t\t\t\n\t\t\t<div class=\"section-bg-overlay absolute fill\"><\/div>\n\t\t\t\n\n\t\t<\/div>\n\n\t\t\n\n\t\t<div class=\"section-content relative\">\n\t\t\t\n\n<div class=\"row\" style=\"max-width:1200px\" id=\"row-142454210\">\n\n\n\t<div id=\"col-870434235\" class=\"col medium-12 small-12 large-7\"  >\n\t\t\t\t<div class=\"col-inner\"  >\n\t\t\t\n\t\t\t\n\n\n  <div class=\"banner has-hover\" id=\"banner-127179867\">\n          <div class=\"banner-inner fill\">\n        <div class=\"banner-bg fill\" >\n            <div class=\"bg fill bg-fill \"><\/div>\n                                    \n                    <\/div>\n\t\t\n        <div class=\"banner-layers container\">\n            <div class=\"fill banner-link\"><\/div>            \n\n   <div id=\"text-box-1299491139\" class=\"text-box banner-layer x100 md-x50 lg-x50 y100 md-y45 lg-y45 res-text\">\n                                <div class=\"text-box-content text dark\">\n              \n              <div class=\"text-inner text-left\">\n                  \n\n\t<div id=\"gap-609342243\" class=\"gap-element clearfix show-for-small\" style=\"display:block; height:auto;\">\n\t\t\n<style>\n#gap-609342243 {\n  padding-top: 30px;\n}\n<\/style>\n\t<\/div>\n\t\n\n\t<div id=\"text-925895498\" class=\"text\">\n\t\t\n\n<h6>Services<\/h6>\n\t\t\n<style>\n#text-925895498 {\n  font-size: 1rem;\n}\n@media (min-width:550px) {\n  #text-925895498 {\n    font-size: 1.25rem;\n  }\n}\n<\/style>\n\t<\/div>\n\t\n\t<div id=\"text-2541274805\" class=\"text\">\n\t\t\n\n<h1>Entretien<\/h1>\n\t\t\n<style>\n#text-2541274805 {\n  font-size: 1rem;\n}\n<\/style>\n\t<\/div>\n\t\n\n              <\/div>\n           <\/div>\n                            \n<style>\n#text-box-1299491139 {\n  width: 100%;\n}\n#text-box-1299491139 .text-box-content {\n  font-size: 121%;\n}\n@media (min-width:550px) {\n  #text-box-1299491139 {\n    width: 100%;\n  }\n  #text-box-1299491139 .text-box-content {\n    font-size: 145%;\n  }\n}\n<\/style>\n    <\/div>\n \n\n        <\/div>\n      <\/div>\n\n            \n<style>\n#banner-127179867 {\n  padding-top: 200px;\n  background-color: rgba(0, 0, 0, 0);\n}\n#banner-127179867 .ux-shape-divider--top svg {\n  height: 150px;\n  --divider-top-width: 100%;\n}\n#banner-127179867 .ux-shape-divider--bottom svg {\n  height: 150px;\n  --divider-width: 100%;\n}\n@media (min-width:550px) {\n  #banner-127179867 {\n    padding-top: 200px;\n  }\n}\n@media (min-width:850px) {\n  #banner-127179867 {\n    padding-top: 350px;\n  }\n}\n<\/style>\n  <\/div>\n\n\n\n\t\t<\/div>\n\t\t\t\t\n<style>\n#col-870434235 > .col-inner {\n  padding: 0px 0px 0px 0;\n}\n@media (min-width:550px) {\n  #col-870434235 > .col-inner {\n    padding: 0px 0px 0px 30px;\n  }\n}\n<\/style>\n\t<\/div>\n\n\t\n\n<\/div>\n\n\t\t<\/div>\n\n\t\t\n<style>\n#section_2129344346 {\n  padding-top: 30px;\n  padding-bottom: 30px;\n  min-height: 300px;\n  background-color: rgb(0, 63, 107);\n}\n#section_2129344346 .section-bg-overlay {\n  background-color: rgba(0, 0, 0, 0.262);\n}\n#section_2129344346 .section-bg.bg-loaded {\n  background-image: url(https:\/\/clearwatermarine.eu\/wp-content\/uploads\/2021\/02\/final_care.jpg);\n}\n#section_2129344346 .ux-shape-divider--top svg {\n  height: 150px;\n  --divider-top-width: 100%;\n}\n#section_2129344346 .ux-shape-divider--bottom svg {\n  height: 150px;\n  --divider-width: 100%;\n}\n@media (min-width:550px) {\n  #section_2129344346 {\n    min-height: 350px;\n  }\n}\n@media (min-width:850px) {\n  #section_2129344346 {\n    min-height: 350px;\n  }\n}\n<\/style>\n\t<\/section>\n\t\n\t<div id=\"gap-1209700187\" class=\"gap-element clearfix\" style=\"display:block; height:auto;\">\n\t\t\n<style>\n#gap-1209700187 {\n  padding-top: 40px;\n}\n@media (min-width:550px) {\n  #gap-1209700187 {\n    padding-top: 80px;\n  }\n}\n<\/style>\n\t<\/div>\n\t\n\n<div class=\"row\" style=\"max-width:\" id=\"row-16388344\">\n\n\n\t<div id=\"col-1423427030\" class=\"col medium-11 small-12 large-7\"  >\n\t\t\t\t<div class=\"col-inner\"  >\n\t\t\t\n\t\t\t\n\n<p style=\"text-align: center;\"><a href=\"http:\/\/clearwatermarine.eu\/wp-content\/uploads\/2022\/03\/logo-penta-homepage.png\"><img decoding=\"async\" class=\"alignnone wp-image-5104\" src=\"http:\/\/clearwatermarine.eu\/wp-content\/uploads\/2022\/03\/logo-penta-homepage.png\" alt=\"volvo penta\" width=\"168\" height=\"139\" srcset=\"https:\/\/clearwatermarine.eu\/wp-content\/uploads\/2022\/03\/logo-penta-homepage.png 400w, https:\/\/clearwatermarine.eu\/wp-content\/uploads\/2022\/03\/logo-penta-homepage-300x248.png 300w\" sizes=\"(max-width: 168px) 100vw, 168px\" \/> &nbsp; &nbsp; &nbsp; &nbsp; &nbsp; &nbsp; &nbsp;<\/a><img decoding=\"async\" class=\"alignnone wp-image-3398 size-thumbnail\" src=\"http:\/\/clearwatermarine.eu\/wp-content\/uploads\/2021\/06\/onan-logo-150x150.png\" alt=\"onan-logo\" width=\"150\" height=\"150\" srcset=\"https:\/\/clearwatermarine.eu\/wp-content\/uploads\/2021\/06\/onan-logo-150x150.png 150w, https:\/\/clearwatermarine.eu\/wp-content\/uploads\/2021\/06\/onan-logo-300x300.png 300w, https:\/\/clearwatermarine.eu\/wp-content\/uploads\/2021\/06\/onan-logo-100x100.png 100w, https:\/\/clearwatermarine.eu\/wp-content\/uploads\/2021\/06\/onan-logo.png 360w\" sizes=\"(max-width: 150px) 100vw, 150px\" \/><\/p>\n\t<div id=\"gap-2056998998\" class=\"gap-element clearfix\" style=\"display:block; height:auto;\">\n\t\t\n<style>\n#gap-2056998998 {\n  padding-top: 30px;\n}\n<\/style>\n\t<\/div>\n\t\n\n<p>Clearwater Marine propose des services de maintenance et d&rsquo;assistance aux propri\u00e9taires de bateaux \u00e0 Minorque depuis 2004.&nbsp; Nous apportons d\u00e9sormais un soutien annuel r\u00e9gulier \u00e0 plus de 100 embarcations sur l&rsquo;\u00eele, des semi-rigides aux yachts \u00e0 moteur de luxe, ainsi qu&rsquo;aux bateaux de passage tout au long de l&rsquo;\u00e9t\u00e9.<\/p>\n<p>L&rsquo;objectif de nos services d&rsquo;entretien est de veiller \u00e0 ce que l&rsquo;\u00e9tat, les performances et la valeur de votre bateau soient maintenus \u00e0 des niveaux optimaux.&nbsp; Nous cr\u00e9ons un programme d&rsquo;entretien sur mesure pour chaque client, con\u00e7u en fonction de son bateau et de ses besoins particuliers en mati\u00e8re d&rsquo;entretien.&nbsp; Et si des probl\u00e8mes surviennent pendant que votre bateau est en service, nous sommes fiers de notre rapidit\u00e9 d&rsquo;intervention pour vous permettre de retourner sur l&rsquo;eau rapidement et efficacement. &nbsp;Nos ing\u00e9nieurs exp\u00e9riment\u00e9s, polyvalents et bilingues sont disponibles 7 jours sur 7 et peuvent \u00eatre d\u00e9ploy\u00e9s dans n&rsquo;importe quel endroit de l&rsquo;\u00eele.<\/p>\n<p>Clearwater est un concessionnaire officiel de bateaux <strong>VOLVO PENTA<\/strong> et un centre de service pour les g\u00e9n\u00e9rateurs <strong>CUMMINS ONAN<\/strong>.&nbsp; Nous disposons d&rsquo;ing\u00e9nieurs sp\u00e9cialement form\u00e9s aux derni\u00e8res technologies et processus de r\u00e9paration Volvo Penta et sommes en mesure d&rsquo;adapter notre assistance et nos services \u00e0 vos besoins sp\u00e9cifiques.&nbsp; Vous n&rsquo;avez qu&rsquo;un seul point de contact pour tout &#8211; moteur, pi\u00e8ces et garantie &#8211; ce qui vous permet de vous concentrer pleinement sur votre exp\u00e9rience de navigation.&nbsp;<\/p>\n<p><strong>CUMMINS ONAN<\/strong> s&rsquo;est \u00e9galement engag\u00e9 \u00e0 fournir un support produit exceptionnel et nos techniciens font partie de l&rsquo;un des r\u00e9seaux mondiaux les plus importants et les mieux form\u00e9s.&nbsp; Nous pouvons donc non seulement g\u00e9rer tous vos besoins en mati\u00e8re d&rsquo;entretien et de maintenance \u00e0 Minorque, mais aussi vous mettre en contact avec les meilleurs sp\u00e9cialistes lorsque votre croisi\u00e8re vous emm\u00e8ne plus loin.<\/p>\n<p>Nous disposons d&rsquo;une gamme compl\u00e8te de pi\u00e8ces d&rsquo;origine et travaillons en \u00e9troite collaboration avec d&rsquo;autres partenaires afin de fournir la meilleure expertise possible pour chaque t\u00e2che.&nbsp; Que vous ayez besoin d&rsquo;un programme d&rsquo;entretien planifi\u00e9, d&rsquo;un ascenseur ou d&rsquo;une r\u00e9paration ponctuelle, nous sommes l\u00e0 pour vous aider.&nbsp; Veuillez contacter l&rsquo;\u00e9quipe sur <a href=\"mailto:service@clearwater.es\">service@clearwater.es<\/a> ou appeler le <a href=\"tel:%200034971354208\">+34 971 354 208<\/a>.<\/p>\n\t<div id=\"gap-1576264402\" class=\"gap-element clearfix\" style=\"display:block; height:auto;\">\n\t\t\n<style>\n#gap-1576264402 {\n  padding-top: 80px;\n}\n@media (min-width:550px) {\n  #gap-1576264402 {\n    padding-top: 60px;\n  }\n}\n<\/style>\n\t<\/div>\n\t\n\n\n\t\t<\/div>\n\t\t\t\t\n<style>\n#col-1423427030 > .col-inner {\n  padding: 0px 0px 0px 0;\n}\n@media (min-width:550px) {\n  #col-1423427030 > .col-inner {\n    padding: 0px 0px 0px 30px;\n  }\n}\n<\/style>\n\t<\/div>\n\n\t\n\n\t<div id=\"col-1949346728\" class=\"col medium-12 small-12 large-5\"  >\n\t\t\t\t<div class=\"col-inner dark\" style=\"background-color:rgb(0, 63, 107);\" >\n\t\t\t\n\t\t\t\n\n\t<div id=\"text-1065756533\" class=\"text\">\n\t\t\n\n<h2>CONTACTEZ-NOUS <\/h2>\n\t\t\n<style>\n#text-1065756533 {\n  font-size: 1.25rem;\n  text-align: left;\n}\n@media (min-width:550px) {\n  #text-1065756533 {\n    font-size: 1rem;\n  }\n}\n<\/style>\n\t<\/div>\n\t\n<div class=\"is-divider divider clearfix\" style=\"margin-top:25px;margin-bottom:25px;max-width:100px;background-color:rgb(255, 255, 255);\"><\/div>\n\n\n\t\t<div class=\"icon-box featured-box icon-box-left text-left\"  >\n\t\t\t\t\t<div class=\"icon-box-img\" style=\"width: 31px\">\n\t\t\t\t<div class=\"icon\">\n\t\t\t\t\t<div class=\"icon-inner\" >\n\t\t\t\t\t\t<img decoding=\"async\" width=\"120\" height=\"120\" src=\"https:\/\/clearwatermarine.eu\/wp-content\/uploads\/2021\/02\/phone-line.png\" class=\"attachment-medium size-medium\" alt=\"\" srcset=\"https:\/\/clearwatermarine.eu\/wp-content\/uploads\/2021\/02\/phone-line.png 120w, https:\/\/clearwatermarine.eu\/wp-content\/uploads\/2021\/02\/phone-line-100x100.png 100w\" sizes=\"(max-width: 120px) 100vw, 120px\" \/>\t\t\t\t\t<\/div>\n\t\t\t\t<\/div>\n\t\t\t<\/div>\n\t\t\t\t<div class=\"icon-box-text last-reset\">\n\t\t\t\t\t\t\t\t\t\n\n\t<div id=\"text-4052112877\" class=\"text\">\n\t\t\n\n<h3><a href=\"tel:%200034971354208\">+34 971 35 42 08<\/a><\/h3>\n\t\t\n<style>\n#text-4052112877 {\n  font-size: 1rem;\n  text-align: left;\n}\n@media (min-width:550px) {\n  #text-4052112877 {\n    font-size: 1rem;\n  }\n}\n<\/style>\n\t<\/div>\n\t\n\n\t\t<\/div>\n\t<\/div>\n\t\n\t\n\t<div id=\"gap-310551425\" class=\"gap-element clearfix\" style=\"display:block; height:auto;\">\n\t\t\n<style>\n#gap-310551425 {\n  padding-top: 15px;\n}\n<\/style>\n\t<\/div>\n\t\n\n\n\t\t<div class=\"icon-box featured-box icon-box-left text-left\"  >\n\t\t\t\t\t<div class=\"icon-box-img\" style=\"width: 29px\">\n\t\t\t\t<div class=\"icon\">\n\t\t\t\t\t<div class=\"icon-inner\" >\n\t\t\t\t\t\t<img decoding=\"async\" width=\"120\" height=\"120\" src=\"https:\/\/clearwatermarine.eu\/wp-content\/uploads\/2021\/02\/mail-line.png\" class=\"attachment-medium size-medium\" alt=\"\" srcset=\"https:\/\/clearwatermarine.eu\/wp-content\/uploads\/2021\/02\/mail-line.png 120w, https:\/\/clearwatermarine.eu\/wp-content\/uploads\/2021\/02\/mail-line-100x100.png 100w\" sizes=\"(max-width: 120px) 100vw, 120px\" \/>\t\t\t\t\t<\/div>\n\t\t\t\t<\/div>\n\t\t\t<\/div>\n\t\t\t\t<div class=\"icon-box-text last-reset\">\n\t\t\t\t\t\t\t\t\t\n\n\t<div id=\"text-3558863853\" class=\"text\">\n\t\t\n\n<h3><a href=\"mailto:info@clearwater.es\">info@clearwater.es<\/a><\/h3>\n\t\t\n<style>\n#text-3558863853 {\n  font-size: 1rem;\n  text-align: left;\n}\n@media (min-width:550px) {\n  #text-3558863853 {\n    font-size: 1rem;\n  }\n}\n<\/style>\n\t<\/div>\n\t\n\n\t\t<\/div>\n\t<\/div>\n\t\n\t\n\t<div id=\"gap-1012525980\" class=\"gap-element clearfix\" style=\"display:block; height:auto;\">\n\t\t\n<style>\n#gap-1012525980 {\n  padding-top: 30px;\n}\n<\/style>\n\t<\/div>\n\t\n\n<span class=\"quform-popup-link quform-popup-link-3\" data-unique-id=\"e7793f\">\n<div class=\"button white is-outline\" style=\"margin-right: 20px !important;\">demander des informations<\/div>\n<\/span><div class=\"quform-popup\"><div id=\"quform-e7793f\" class=\"quform quform-3 quform-theme-hollow quform-support-page-caching\"><form id=\"quform-form-e7793f\" class=\"quform-form quform-form-3\" action=\"\/fr\/wp-json\/wp\/v2\/pages\/16601#quform-e7793f\" method=\"post\" enctype=\"multipart\/form-data\" novalidate=\"novalidate\" data-options=\"{&quot;id&quot;:3,&quot;uniqueId&quot;:&quot;e7793f&quot;,&quot;theme&quot;:&quot;hollow&quot;,&quot;ajax&quot;:true,&quot;logic&quot;:{&quot;logic&quot;:[],&quot;dependents&quot;:[],&quot;elementIds&quot;:[],&quot;dependentElementIds&quot;:[],&quot;animate&quot;:true},&quot;currentPageId&quot;:1,&quot;errorsIcon&quot;:&quot;&quot;,&quot;updateFancybox&quot;:true,&quot;hasPages&quot;:false,&quot;pages&quot;:[1],&quot;pageProgressType&quot;:&quot;numbers&quot;,&quot;tooltipsEnabled&quot;:true,&quot;tooltipClasses&quot;:&quot;qtip-quform-dark qtip-shadow&quot;,&quot;tooltipMy&quot;:&quot;left center&quot;,&quot;tooltipAt&quot;:&quot;right center&quot;,&quot;isRtl&quot;:false,&quot;scrollOffset&quot;:-50,&quot;scrollSpeed&quot;:800}\"><button class=\"quform-default-submit\" name=\"quform_submit\" type=\"submit\" value=\"submit\" aria-hidden=\"true\" tabindex=\"-1\"><\/button><div class=\"quform-form-inner quform-form-inner-3\"><input type=\"hidden\" name=\"quform_form_id\" value=\"3\" \/><input type=\"hidden\" name=\"quform_form_uid\" value=\"e7793f\" \/><input type=\"hidden\" name=\"quform_count\" value=\"1\" \/><input type=\"hidden\" name=\"form_url\" value=\"https:\/\/clearwatermarine.eu\/fr\/wp-json\/wp\/v2\/pages\/16601\" \/><input type=\"hidden\" name=\"referring_url\" value=\"\" \/><input type=\"hidden\" name=\"post_id\" value=\"\" \/><input type=\"hidden\" name=\"post_title\" value=\"\" \/><input type=\"hidden\" name=\"quform_current_page_id\" value=\"1\" \/><input type=\"hidden\" name=\"quform_csrf_token\" value=\"h7fI1Be4udgaNIp8jXAeBBf8x8LwIn9a6UKPTVvq\" \/><div class=\"quform-elements quform-elements-3 quform-cf quform-responsive-elements-phone-portrait\"><div class=\"quform-element quform-element-page quform-page-1 quform-page-3_1 quform-cf quform-group-style-plain quform-first-page quform-last-page quform-current-page\"><div class=\"quform-child-elements\"><div class=\"quform-element quform-element-row quform-element-row-3_15 quform-1-columns quform-element-row-size-fixed quform-responsive-columns-phone-portrait\"><div class=\"quform-element quform-element-column quform-element-3_16\"><div class=\"quform-element quform-element-html quform-element-3_33 quform-cf\"><div class=\"quform-spacer\"><div style=\"color: #1e284f; font-size: 24px; margin-bottom: 20px; text-align: left; text-transform: uppercase;\">Service Enquiry<\/div><\/div><\/div><\/div><\/div><div class=\"quform-element quform-element-row quform-element-row-3_21 quform-2-columns quform-element-row-size-fixed quform-responsive-columns-phone-portrait\"><div class=\"quform-element quform-element-column quform-element-3_22\"><div class=\"quform-element quform-element-text quform-element-3_26 quform-cf quform-labels-inside quform-element-required\"><div class=\"quform-spacer\"><div class=\"quform-label quform-label-3_26\"><label class=\"quform-label-text\" for=\"quform_3_26_e7793f\">Name<span class=\"quform-required\">*<\/span><\/label><\/div><div class=\"quform-inner quform-inner-text quform-inner-3_26 quform-field-size-medium\"><div class=\"quform-input quform-input-text quform-input-3_26 quform-cf\"><input type=\"text\" id=\"quform_3_26_e7793f\" name=\"quform_3_26\" class=\"quform-field quform-field-text quform-field-3_26\" \/><\/div><\/div><\/div><\/div><\/div><div class=\"quform-element quform-element-column quform-element-3_24\"><div class=\"quform-element quform-element-text quform-element-3_40 quform-cf quform-labels-inside quform-element-required\"><div class=\"quform-spacer\"><div class=\"quform-label quform-label-3_40\"><label class=\"quform-label-text\" for=\"quform_3_40_e7793f\">Surname<span class=\"quform-required\">*<\/span><\/label><\/div><div class=\"quform-inner quform-inner-text quform-inner-3_40 quform-field-size-medium\"><div class=\"quform-input quform-input-text quform-input-3_40 quform-cf\"><input type=\"text\" id=\"quform_3_40_e7793f\" name=\"quform_3_40\" class=\"quform-field quform-field-text quform-field-3_40\" \/><\/div><\/div><\/div><\/div><\/div><\/div><div class=\"quform-element quform-element-row quform-element-row-3_34 quform-2-columns quform-element-row-size-fixed quform-responsive-columns-phone-portrait\"><div class=\"quform-element quform-element-column quform-element-3_35\"><div class=\"quform-element quform-element-email quform-element-3_36 quform-cf quform-labels-inside quform-element-required\"><div class=\"quform-spacer\"><div class=\"quform-label quform-label-3_36\"><label class=\"quform-label-text\" for=\"quform_3_36_e7793f\">Email<span class=\"quform-required\">*<\/span><\/label><\/div><div class=\"quform-inner quform-inner-email quform-inner-3_36 quform-field-size-medium\"><div class=\"quform-input quform-input-email quform-input-3_36 quform-cf\"><input type=\"email\" id=\"quform_3_36_e7793f\" name=\"quform_3_36\" class=\"quform-field quform-field-email quform-field-3_36\" \/><\/div><\/div><\/div><\/div><\/div><div class=\"quform-element quform-element-column quform-element-3_37\"><div class=\"quform-element quform-element-text quform-element-3_38 quform-cf quform-labels-inside quform-element-required\"><div class=\"quform-spacer\"><div class=\"quform-label quform-label-3_38\"><label class=\"quform-label-text\" for=\"quform_3_38_e7793f\">Phone<span class=\"quform-required\">*<\/span><\/label><\/div><div class=\"quform-inner quform-inner-text quform-inner-3_38 quform-field-size-medium\"><div class=\"quform-input quform-input-text quform-input-3_38 quform-cf\"><input type=\"text\" id=\"quform_3_38_e7793f\" name=\"quform_3_38\" class=\"quform-field quform-field-text quform-field-3_38\" \/><\/div><\/div><\/div><\/div><\/div><\/div><div class=\"quform-element quform-element-textarea quform-element-3_6 quform-cf quform-labels-inside quform-element-required\"><div class=\"quform-spacer\"><div class=\"quform-label quform-label-3_6\"><label class=\"quform-label-text\" for=\"quform_3_6_e7793f\">Write here<span class=\"quform-required\">*<\/span><\/label><\/div><div class=\"quform-inner quform-inner-textarea quform-inner-3_6 quform-field-size-medium\"><div class=\"quform-input quform-input-textarea quform-input-3_6 quform-cf\"><textarea id=\"quform_3_6_e7793f\" name=\"quform_3_6\" class=\"quform-field quform-field-textarea quform-field-3_6\"><\/textarea><\/div><\/div><\/div><\/div><div class=\"quform-element quform-element-checkbox quform-element-3_30 quform-cf quform-element-required\"><div class=\"quform-spacer\"><div class=\"quform-inner quform-inner-checkbox quform-inner-3_30 quform-field-size-medium\"><div class=\"quform-input quform-input-checkbox quform-input-3_30 quform-cf\"><div class=\"quform-options quform-cf quform-options-block quform-options-simple\"><div class=\"quform-option\"><input type=\"checkbox\" name=\"quform_3_30[]\" id=\"quform_3_30_e7793f_1\" class=\"quform-field quform-field-checkbox quform-field-3_30 quform-field-3_30_1\" value=\"&lt;span style=&quot;font-size: 12px&quot;&gt;have read and accepted the &lt;a style=&quot;color:#2e51d1;font-size: 12px&quot; href=&quot;#&quot;&gt;&lt;strong&gt;the privacy policies and the conditions of use&lt;\/strong&gt;&lt;\/a&gt; of this website.&lt;\/span&gt;\" \/><label for=\"quform_3_30_e7793f_1\" class=\"quform-option-label quform-option-label-3_30_1\"><span class=\"quform-option-text\"><span style=\"font-size: 12px\">have read and accepted the <a style=\"color:#2e51d1;font-size: 12px\" href=\"#\"><strong>the privacy policies and the conditions of use<\/strong><\/a> of this website.<\/span><\/span><\/label><\/div><\/div><\/div><\/div><\/div><\/div><div class=\"quform-element quform-element-submit quform-element-3_2 quform-cf quform-button-style-theme quform-button-size-fat quform-button-width-full\"><div class=\"quform-button-submit quform-button-submit-default quform-button-submit-3_2\"><button name=\"quform_submit\" type=\"submit\" class=\"quform-submit\" value=\"submit\"><span class=\"quform-button-text quform-button-submit-text\">Contact<\/span><\/button><\/div><div class=\"quform-loading quform-loading-position-left quform-loading-type-spinner-1\"><div class=\"quform-loading-inner\"><div class=\"quform-loading-spinner\"><div class=\"quform-loading-spinner-inner\"><\/div><\/div><\/div><\/div><\/div><div class=\"quform-element-tree\"><label for=\"quform_3_0_e7793f\">Ce champ devrait \u00eatre laiss\u00e9 vide<\/label><input type=\"text\" id=\"quform_3_0_e7793f\" name=\"quform_3_0\" class=\"quform-field quform-field-tree quform-field-3_0\" tabindex=\"-1\" autocomplete=\"off\" \/><\/div><\/div><\/div><\/div><\/div><\/form><\/div><\/div>\n\n\t\t<\/div>\n\t\t\t\t\n<style>\n#col-1949346728 > .col-inner {\n  padding: 40px 40px 40px 40px;\n  margin: -75px 0px 0px 0px;\n}\n@media (min-width:550px) {\n  #col-1949346728 > .col-inner {\n    padding: 60px 60px 60px 60px;\n    margin: -121px 0px 0px 0px;\n  }\n}\n@media (min-width:850px) {\n  #col-1949346728 > .col-inner {\n    margin: -10px 0px 0px 0px;\n  }\n}\n<\/style>\n\t<\/div>\n\n\t\n\n<\/div>\n\t<div id=\"gap-1080404827\" class=\"gap-element clearfix\" style=\"display:block; height:auto;\">\n\t\t\n<style>\n#gap-1080404827 {\n  padding-top: 50px;\n}\n<\/style>\n\t<\/div>\n\t\n","protected":false},"excerpt":{"rendered":"","protected":false},"author":1,"featured_media":0,"parent":0,"menu_order":0,"comment_status":"closed","ping_status":"closed","template":"page-transparent-header-light.php","meta":{"_acf_changed":false,"footnotes":""},"class_list":["post-16601","page","type-page","status-publish","hentry"],"acf":[],"_links":{"self":[{"href":"https:\/\/clearwatermarine.eu\/fr\/wp-json\/wp\/v2\/pages\/16601","targetHints":{"allow":["GET"]}}],"collection":[{"href":"https:\/\/clearwatermarine.eu\/fr\/wp-json\/wp\/v2\/pages"}],"about":[{"href":"https:\/\/clearwatermarine.eu\/fr\/wp-json\/wp\/v2\/types\/page"}],"author":[{"embeddable":true,"href":"https:\/\/clearwatermarine.eu\/fr\/wp-json\/wp\/v2\/users\/1"}],"replies":[{"embeddable":true,"href":"https:\/\/clearwatermarine.eu\/fr\/wp-json\/wp\/v2\/comments?post=16601"}],"version-history":[{"count":0,"href":"https:\/\/clearwatermarine.eu\/fr\/wp-json\/wp\/v2\/pages\/16601\/revisions"}],"wp:attachment":[{"href":"https:\/\/clearwatermarine.eu\/fr\/wp-json\/wp\/v2\/media?parent=16601"}],"curies":[{"name":"wp","href":"https:\/\/api.w.org\/{rel}","templated":true}]}}