{"id":16709,"date":"2022-03-16T09:17:13","date_gmt":"2022-03-16T09:17:13","guid":{"rendered":"https:\/\/clearwatermarine.eu\/waydoo\/"},"modified":"2023-04-19T09:14:59","modified_gmt":"2023-04-19T09:14:59","slug":"waydoo","status":"publish","type":"page","link":"https:\/\/clearwatermarine.eu\/fr\/waydoo\/","title":{"rendered":"Waydoo"},"content":{"rendered":"\n\t<section class=\"section\" id=\"section_1644066244\">\n\t\t<div class=\"bg section-bg fill bg-fill  \" >\n\n\t\t\t\n\t\t\t<div class=\"section-bg-overlay absolute fill\"><\/div>\n\t\t\t\n\n\t\t<\/div>\n\n\t\t\n\n\t\t<div class=\"section-content relative\">\n\t\t\t\n\n<div class=\"row\" style=\"max-width:1200px\" id=\"row-307636847\">\n\n\n\t<div id=\"col-133029567\" class=\"col medium-12 small-12 large-7\"  >\n\t\t\t\t<div class=\"col-inner\"  >\n\t\t\t\n\t\t\t\n\n\n  <div class=\"banner has-hover\" id=\"banner-309764365\">\n          <div class=\"banner-inner fill\">\n        <div class=\"banner-bg fill\" >\n            <div class=\"bg fill bg-fill \"><\/div>\n                                    \n                    <\/div>\n\t\t\n        <div class=\"banner-layers container\">\n            <div class=\"fill banner-link\"><\/div>            \n\n   <div id=\"text-box-312983947\" class=\"text-box banner-layer x100 md-x50 lg-x50 y100 md-y50 lg-y50 res-text\">\n                                <div class=\"text-box-content text dark\">\n              \n              <div class=\"text-inner text-left\">\n                  \n\n\t<div id=\"gap-1705256815\" class=\"gap-element clearfix show-for-small\" style=\"display:block; height:auto;\">\n\t\t\n<style>\n#gap-1705256815 {\n  padding-top: 30px;\n}\n<\/style>\n\t<\/div>\n\t\n\n\t<div id=\"gap-1686520951\" class=\"gap-element clearfix hide-for-small\" style=\"display:block; height:auto;\">\n\t\t\n<style>\n#gap-1686520951 {\n  padding-top: 30px;\n}\n<\/style>\n\t<\/div>\n\t\n\n\t<div class=\"img has-hover x md-x lg-x y md-y lg-y\" id=\"image_1012699573\">\n\t\t\t\t\t\t\t\t<div class=\"img-inner dark\" >\n\t\t\t<img decoding=\"async\" width=\"1409\" height=\"353\" src=\"https:\/\/clearwatermarine.eu\/wp-content\/uploads\/2022\/03\/waydoo_transparent_white.png\" class=\"attachment-original size-original\" alt=\"\" srcset=\"https:\/\/clearwatermarine.eu\/wp-content\/uploads\/2022\/03\/waydoo_transparent_white.png 1409w, https:\/\/clearwatermarine.eu\/wp-content\/uploads\/2022\/03\/waydoo_transparent_white-300x75.png 300w, https:\/\/clearwatermarine.eu\/wp-content\/uploads\/2022\/03\/waydoo_transparent_white-1024x257.png 1024w, https:\/\/clearwatermarine.eu\/wp-content\/uploads\/2022\/03\/waydoo_transparent_white-768x192.png 768w, https:\/\/clearwatermarine.eu\/wp-content\/uploads\/2022\/03\/waydoo_transparent_white-500x125.png 500w, https:\/\/clearwatermarine.eu\/wp-content\/uploads\/2022\/03\/waydoo_transparent_white-900x225.png 900w\" sizes=\"(max-width: 1409px) 100vw, 1409px\" \/>\t\t\t\t\t\t\n\t\t\t\t\t<\/div>\n\t\t\t\t\t\t\t\t\n<style>\n#image_1012699573 {\n  width: 58%;\n}\n@media (min-width:550px) {\n  #image_1012699573 {\n    width: 64%;\n  }\n}\n<\/style>\n\t<\/div>\n\t\n\n\n              <\/div>\n           <\/div>\n                            \n<style>\n#text-box-312983947 {\n  width: 100%;\n}\n#text-box-312983947 .text-box-content {\n  font-size: 121%;\n}\n@media (min-width:550px) {\n  #text-box-312983947 {\n    width: 100%;\n  }\n  #text-box-312983947 .text-box-content {\n    font-size: 145%;\n  }\n}\n<\/style>\n    <\/div>\n \n\n        <\/div>\n      <\/div>\n\n            \n<style>\n#banner-309764365 {\n  padding-top: 200px;\n  background-color: rgba(0, 0, 0, 0);\n}\n#banner-309764365 .ux-shape-divider--top svg {\n  height: 150px;\n  --divider-top-width: 100%;\n}\n#banner-309764365 .ux-shape-divider--bottom svg {\n  height: 150px;\n  --divider-width: 100%;\n}\n@media (min-width:550px) {\n  #banner-309764365 {\n    padding-top: 200px;\n  }\n}\n@media (min-width:850px) {\n  #banner-309764365 {\n    padding-top: 350px;\n  }\n}\n<\/style>\n  <\/div>\n\n\n\n\t\t<\/div>\n\t\t\t\t\n<style>\n#col-133029567 > .col-inner {\n  padding: 0px 0px 0px 0;\n}\n@media (min-width:550px) {\n  #col-133029567 > .col-inner {\n    padding: 0px 0px 0px 30px;\n  }\n}\n<\/style>\n\t<\/div>\n\n\t\n\n<\/div>\n\n\t\t<\/div>\n\n\t\t\n<style>\n#section_1644066244 {\n  padding-top: 30px;\n  padding-bottom: 30px;\n  min-height: 300px;\n  background-color: rgb(0, 63, 107);\n}\n#section_1644066244 .section-bg-overlay {\n  background-color: rgba(0, 0, 0, 0);\n}\n#section_1644066244 .section-bg.bg-loaded {\n  background-image: url(https:\/\/clearwatermarine.eu\/wp-content\/uploads\/2022\/03\/waydoo-header.webp);\n}\n#section_1644066244 .section-bg {\n  background-position: 72% 84%;\n}\n#section_1644066244 .ux-shape-divider--top svg {\n  height: 150px;\n  --divider-top-width: 100%;\n}\n#section_1644066244 .ux-shape-divider--bottom svg {\n  height: 150px;\n  --divider-width: 100%;\n}\n@media (min-width:550px) {\n  #section_1644066244 {\n    min-height: 350px;\n  }\n}\n@media (min-width:850px) {\n  #section_1644066244 {\n    min-height: 500px;\n  }\n}\n<\/style>\n\t<\/section>\n\t\n\t<div id=\"gap-973450012\" class=\"gap-element clearfix\" style=\"display:block; height:auto;\">\n\t\t\n<style>\n#gap-973450012 {\n  padding-top: 50px;\n}\n<\/style>\n\t<\/div>\n\t\n\n\t<section class=\"section\" id=\"section_10607968\">\n\t\t<div class=\"bg section-bg fill bg-fill  bg-loaded\" >\n\n\t\t\t\n\t\t\t\n\t\t\t\n\n\t\t<\/div>\n\n\t\t\n\n\t\t<div class=\"section-content relative\">\n\t\t\t\n\n<div class=\"row\"  id=\"row-16610884\">\n\n\n\t<div id=\"col-1291983582\" class=\"col medium-6 small-12 large-6\"  >\n\t\t\t\t<div class=\"col-inner\"  >\n\t\t\t\n\t\t\t\n\n\t<div id=\"text-4215229494\" class=\"text\">\n\t\t\n\n<h2>S\u00c9RIES FLYER ONE<\/h2>\n<h3>Initiez-vous \u00e0 votre premi\u00e8re glisse.<\/h3>\n\t\t\n<style>\n#text-4215229494 {\n  font-size: 1.5rem;\n}\n<\/style>\n\t<\/div>\n\t\n\n\t\t<\/div>\n\t\t\t\t\t<\/div>\n\n\t\n\n\t<div id=\"col-797053890\" class=\"col medium-6 small-12 large-6\"  >\n\t\t\t\t<div class=\"col-inner\"  >\n\t\t\t\n\t\t\t\n\n\t<div id=\"text-159118696\" class=\"text\">\n\t\t\n\n<p><\/p><h3>Vivez la sensation de voler au-dessus de l\u2019eau. <br>D\u00e9couvrez le dernier jouet de croisi\u00e8re, facile \u00e0 man\u0153uvrer et \u00e0 maintenir en \u00e9quilibre.<\/h3>\n\t\t\n<style>\n#text-159118696 {\n  font-size: 1rem;\n  line-height: 2.25;\n}\n<\/style>\n\t<\/div>\n\t\n\n\t\t<\/div>\n\t\t\t\t\t<\/div>\n\n\t\n\n<\/div>\n\n\t\t<\/div>\n\n\t\t\n<style>\n#section_10607968 {\n  padding-top: 30px;\n  padding-bottom: 30px;\n}\n#section_10607968 .ux-shape-divider--top svg {\n  height: 150px;\n  --divider-top-width: 100%;\n}\n#section_10607968 .ux-shape-divider--bottom svg {\n  height: 150px;\n  --divider-width: 100%;\n}\n<\/style>\n\t<\/section>\n\t\n\t<section class=\"section\" id=\"section_1569733039\">\n\t\t<div class=\"bg section-bg fill bg-fill  bg-loaded\" >\n\n\t\t\t\n\t\t\t\n\t\t\t\n\n\t\t<\/div>\n\n\t\t\n\n\t\t<div class=\"section-content relative\">\n\t\t\t\n\n\n  <div class=\"banner has-hover has-video\" id=\"banner-1751926988\">\n          <div class=\"banner-inner fill\">\n        <div class=\"banner-bg fill\" >\n            <div class=\"bg fill bg-fill \"><\/div>\n            \t<div class=\"video-overlay no-click fill hide-for-medium\"><\/div>\n\t<video class=\"video-bg fill hide-for-medium\" preload playsinline autoplay muted loop>\n\t\t<source src=\"http:\/\/clearwatermarine.eu\/wp-content\/uploads\/2022\/03\/Product_Page_21-9_1.mp4\" type=\"video\/mp4\">\t<\/video>\n                        \n                    <\/div>\n\t\t\n        <div class=\"banner-layers container\">\n            <div class=\"fill banner-link\"><\/div>            \n\n   <div id=\"text-box-654753052\" class=\"text-box banner-layer x0 md-x0 lg-x0 y50 md-y50 lg-y50 res-text\">\n                                <div class=\"text-box-content text \">\n              \n              <div class=\"text-inner text-left\">\n                  \n\n\t<div id=\"text-4036412500\" class=\"text\">\n\t\t\n\n<h3 class=\"uppercase\"><strong>\u00c9LARGISSEZ VOS POSSIBILIT\u00c9S\nDE D\u00c9PLACEMENT SUR L\u2019EAU.<\/strong><\/h3>\n<p>La planche de surf \u00e9lectrique Efoil Waydoo FLYER ONE vous permet de survoler litt\u00e9ralement n\u2019importe quel plan d\u2019eau jusqu\u2019\u00e0 22 mph (35 km\/h). Elle est rapide, silencieuse et sans \u00e9missions. Avec une puissance r\u00e9glable \u00e0 24 vitesses, et en fonction de votre niveau d\u2019aisance et de votre style d\u2019\u00e9volution, la s\u00e9rie FLYER ONE peut \u00eatre utilis\u00e9e de diff\u00e9rentes mani\u00e8res, que ce soit pour le carving ou pour la croisi\u00e8re.<\/p>\n\t\t\n<style>\n#text-4036412500 {\n  font-size: 1rem;\n  line-height: 1.75;\n  text-align: left;\n}\n<\/style>\n\t<\/div>\n\t\n\t<div id=\"gap-1237378986\" class=\"gap-element clearfix\" style=\"display:block; height:auto;\">\n\t\t\n<style>\n#gap-1237378986 {\n  padding-top: 35px;\n}\n<\/style>\n\t<\/div>\n\t\n\n\t<div id=\"text-594164384\" class=\"text\">\n\t\t\n\n<p><\/p><h4>\u2264 85 mins\nDur\u00e9e d\u2019autonomie<br>\u2264 22 mph (35 km\/h)\nVitesse de croisi\u00e8re\n<\/h4>\n\t\t\n<style>\n#text-594164384 {\n  text-align: center;\n}\n<\/style>\n\t<\/div>\n\t\n\n              <\/div>\n           <\/div>\n                            \n<style>\n#text-box-654753052 .text-box-content {\n  background-color: rgb(255, 255, 255);\n  font-size: 100%;\n}\n#text-box-654753052 .text-inner {\n  padding: 15px 15px 15px 15px;\n}\n#text-box-654753052 {\n  width: 100%;\n}\n@media (min-width:550px) {\n  #text-box-654753052 {\n    width: 38%;\n  }\n}\n<\/style>\n    <\/div>\n \n\n        <\/div>\n      <\/div>\n\n            \n<style>\n#banner-1751926988 {\n  padding-top: 550px;\n}\n#banner-1751926988 .bg.bg-loaded {\n  background-image: url(https:\/\/clearwatermarine.eu\/wp-content\/uploads\/2022\/03\/eFoil-shop-3.jpg);\n}\n#banner-1751926988 .bg {\n  background-position: 11% 46%;\n}\n#banner-1751926988 .ux-shape-divider--top svg {\n  height: 150px;\n  --divider-top-width: 100%;\n}\n#banner-1751926988 .ux-shape-divider--bottom svg {\n  height: 150px;\n  --divider-width: 100%;\n}\n<\/style>\n  <\/div>\n\n\n\t<div id=\"gap-1735246922\" class=\"gap-element clearfix\" style=\"display:block; height:auto;\">\n\t\t\n<style>\n#gap-1735246922 {\n  padding-top: 50px;\n}\n<\/style>\n\t<\/div>\n\t\n\n\n\t\t<\/div>\n\n\t\t\n<style>\n#section_1569733039 {\n  padding-top: 30px;\n  padding-bottom: 30px;\n}\n#section_1569733039 .ux-shape-divider--top svg {\n  height: 150px;\n  --divider-top-width: 100%;\n}\n#section_1569733039 .ux-shape-divider--bottom svg {\n  height: 150px;\n  --divider-width: 100%;\n}\n<\/style>\n\t<\/section>\n\t\n\t<section class=\"section\" id=\"section_905688776\">\n\t\t<div class=\"bg section-bg fill bg-fill  bg-loaded\" >\n\n\t\t\t\n\t\t\t\n\t\t\t\n\n\t\t<\/div>\n\n\t\t\n\n\t\t<div class=\"section-content relative\">\n\t\t\t\n\n<div class=\"row\"  id=\"row-1223329316\">\n\n\n\t<div id=\"col-652746533\" class=\"col small-12 large-12\"  >\n\t\t\t\t<div class=\"col-inner\"  >\n\t\t\t\n\t\t\t\n\n<p class=\"lead\">YOUR RIDING ESSENTIALS.<br \/>\nPackaged with everything you need.<\/p>\n\n\t\t<div class=\"tabbed-content\">\n\t\t\t\n\t\t\t<ul class=\"nav nav-outline nav-vertical nav-uppercase nav-size-large nav-center\" role=\"tablist\"><li id=\"tab-planche\" class=\"tab active has-icon\" role=\"presentation\"><a href=\"#tab_planche\" role=\"tab\" aria-selected=\"true\" aria-controls=\"tab_planche\"><span>PLANCHE<\/span><\/a><\/li>\n<li id=\"tab-assemblage-de-puissance\" class=\"tab has-icon\" role=\"presentation\"><a href=\"#tab_assemblage-de-puissance\" tabindex=\"-1\" role=\"tab\" aria-selected=\"false\" aria-controls=\"tab_assemblage-de-puissance\"><span>ASSEMBLAGE DE PUISSANCE<\/span><\/a><\/li>\n<li id=\"tab-aileron\" class=\"tab has-icon\" role=\"presentation\"><a href=\"#tab_aileron\" tabindex=\"-1\" role=\"tab\" aria-selected=\"false\" aria-controls=\"tab_aileron\"><span>AILERON<\/span><\/a><\/li>\n<li id=\"tab-batterie-et-contr\u00d4leurs\" class=\"tab has-icon\" role=\"presentation\"><a href=\"#tab_batterie-et-contr\u00d4leurs\" tabindex=\"-1\" role=\"tab\" aria-selected=\"false\" aria-controls=\"tab_batterie-et-contr\u00d4leurs\"><span>BATTERIE ET CONTR\u00d4LEURS<\/span><\/a><\/li><\/ul><div class=\"tab-panels\"><div id=\"tab_planche\" class=\"panel active entry-content\" role=\"tabpanel\" aria-labelledby=\"tab-planche\">\n\n<div class=\"row\"  id=\"row-559815024\">\n\n\n\t<div id=\"col-757504389\" class=\"col small-12 large-12\"  >\n\t\t\t\t<div class=\"col-inner\"  >\n\t\t\t\n\t\t\t\n\n\t<div id=\"gap-1627898531\" class=\"gap-element clearfix\" style=\"display:block; height:auto;\">\n\t\t\n<style>\n#gap-1627898531 {\n  padding-top: 20px;\n}\n<\/style>\n\t<\/div>\n\t\n\n\t<div id=\"gap-1478062496\" class=\"gap-element clearfix\" style=\"display:block; height:auto;\">\n\t\t\n<style>\n#gap-1478062496 {\n  padding-top: 20px;\n}\n<\/style>\n\t<\/div>\n\t\n\n<div class=\"row row-small align-center\"  id=\"row-1228236273\">\n\n\n\t<div id=\"col-1234348622\" class=\"col medium-5 small-12 large-5\"  >\n\t\t\t\t<div class=\"col-inner\"  >\n\t\t\t\n\t\t\t\n\n<p align=\"left\">Dimensions (L x l x H): 65.8 x 28.7 x 6.3 pouces \/ 167 x 73 x 16,2 cm<\/p>\n<p>Materiaux: mousse de Polypropyl\u00e8ne expans\u00e9 et renforc\u00e9 avec une structure en alliage d\u2019aluminium<\/p>\n<p>Poids: 27.8lbs \/ 12.6kg<\/p>\n<p>Volume: 110L<\/p>\n\n\t\t<\/div>\n\t\t\t\t\t<\/div>\n\n\t\n\n\t<div id=\"col-15785940\" class=\"col medium-4 small-12 large-4\"  >\n\t\t\t\t<div class=\"col-inner\"  >\n\t\t\t\n\t\t\t\n\n\t<div class=\"img has-hover x md-x lg-x y md-y lg-y\" id=\"image_102403553\">\n\t\t\t\t\t\t\t\t<div class=\"img-inner dark\" >\n\t\t\t<img decoding=\"async\" width=\"1020\" height=\"765\" src=\"https:\/\/clearwatermarine.eu\/wp-content\/uploads\/2022\/03\/board-1024x768.webp\" class=\"attachment-large size-large\" alt=\"\" srcset=\"https:\/\/clearwatermarine.eu\/wp-content\/uploads\/2022\/03\/board-1024x768.webp 1024w, https:\/\/clearwatermarine.eu\/wp-content\/uploads\/2022\/03\/board-300x225.webp 300w, https:\/\/clearwatermarine.eu\/wp-content\/uploads\/2022\/03\/board-768x576.webp 768w, https:\/\/clearwatermarine.eu\/wp-content\/uploads\/2022\/03\/board-500x375.webp 500w, https:\/\/clearwatermarine.eu\/wp-content\/uploads\/2022\/03\/board-900x675.webp 900w, https:\/\/clearwatermarine.eu\/wp-content\/uploads\/2022\/03\/board.webp 1083w\" sizes=\"(max-width: 1020px) 100vw, 1020px\" \/>\t\t\t\t\t\t\n\t\t\t\t\t<\/div>\n\t\t\t\t\t\t\t\t\n<style>\n#image_102403553 {\n  width: 100%;\n}\n<\/style>\n\t<\/div>\n\t\n\n\n\t\t<\/div>\n\t\t\t\t\t<\/div>\n\n\t\n\n<\/div>\n\n\t\t<\/div>\n\t\t\t\t\t<\/div>\n\n\t\n\n<\/div>\n\n<\/div>\n<div id=\"tab_assemblage-de-puissance\" class=\"panel entry-content\" role=\"tabpanel\" aria-labelledby=\"tab-assemblage-de-puissance\">\n\n<div class=\"row\"  id=\"row-442785436\">\n\n\n\t<div id=\"col-1228825150\" class=\"col small-12 large-12\"  >\n\t\t\t\t<div class=\"col-inner\"  >\n\t\t\t\n\t\t\t\n\n\t<div id=\"gap-731963681\" class=\"gap-element clearfix\" style=\"display:block; height:auto;\">\n\t\t\n<style>\n#gap-731963681 {\n  padding-top: 20px;\n}\n<\/style>\n\t<\/div>\n\t\n\n\t<div id=\"gap-1112613330\" class=\"gap-element clearfix\" style=\"display:block; height:auto;\">\n\t\t\n<style>\n#gap-1112613330 {\n  padding-top: 20px;\n}\n<\/style>\n\t<\/div>\n\t\n\n<div class=\"row row-small align-center\"  id=\"row-1178651994\">\n\n\n\t<div id=\"col-1938669232\" class=\"col medium-6 small-12 large-6\"  >\n\t\t\t\t<div class=\"col-inner\"  >\n\t\t\t\n\t\t\t\n\n<p align=\"left\">Dimensions totales (L x l x h): 33.8 x 30 x 32 pouces \/ 86 x 76 x 81,4 cm<\/p>\n<p>Poids totales: 16.3 lbs \/ 7.4kg<\/p>\n<p>M\u00e2t \u2013 hauteur: 25.6 inches \/ 65cm Puissance d\u00e9velopp\u00e9e du moteur 6000 W<\/p>\n\n\t\t<\/div>\n\t\t\t\t\t<\/div>\n\n\t\n\n\t<div id=\"col-1434443000\" class=\"col medium-4 small-12 large-4\"  >\n\t\t\t\t<div class=\"col-inner\"  >\n\t\t\t\n\t\t\t\n\n\t<div class=\"img has-hover x md-x lg-x y md-y lg-y\" id=\"image_609996174\">\n\t\t\t\t\t\t\t\t<div class=\"img-inner dark\" >\n\t\t\t<img decoding=\"async\" width=\"1020\" height=\"765\" src=\"https:\/\/clearwatermarine.eu\/wp-content\/uploads\/2022\/03\/power-1024x768.webp\" class=\"attachment-large size-large\" alt=\"\" srcset=\"https:\/\/clearwatermarine.eu\/wp-content\/uploads\/2022\/03\/power-1024x768.webp 1024w, https:\/\/clearwatermarine.eu\/wp-content\/uploads\/2022\/03\/power-300x225.webp 300w, https:\/\/clearwatermarine.eu\/wp-content\/uploads\/2022\/03\/power-768x576.webp 768w, https:\/\/clearwatermarine.eu\/wp-content\/uploads\/2022\/03\/power-500x375.webp 500w, https:\/\/clearwatermarine.eu\/wp-content\/uploads\/2022\/03\/power-900x675.webp 900w, https:\/\/clearwatermarine.eu\/wp-content\/uploads\/2022\/03\/power.webp 1146w\" sizes=\"(max-width: 1020px) 100vw, 1020px\" \/>\t\t\t\t\t\t\n\t\t\t\t\t<\/div>\n\t\t\t\t\t\t\t\t\n<style>\n#image_609996174 {\n  width: 100%;\n}\n<\/style>\n\t<\/div>\n\t\n\n\n\t\t<\/div>\n\t\t\t\t\t<\/div>\n\n\t\n\n<\/div>\n\n\t\t<\/div>\n\t\t\t\t\t<\/div>\n\n\t\n\n<\/div>\n\n<\/div>\n<div id=\"tab_aileron\" class=\"panel entry-content\" role=\"tabpanel\" aria-labelledby=\"tab-aileron\">\n\n<div class=\"row\"  id=\"row-555394991\">\n\n\n\t<div id=\"col-307115213\" class=\"col small-12 large-12\"  >\n\t\t\t\t<div class=\"col-inner\"  >\n\t\t\t\n\t\t\t\n\n\t<div id=\"gap-1341920285\" class=\"gap-element clearfix\" style=\"display:block; height:auto;\">\n\t\t\n<style>\n#gap-1341920285 {\n  padding-top: 20px;\n}\n<\/style>\n\t<\/div>\n\t\n\n\t<div id=\"gap-52794331\" class=\"gap-element clearfix\" style=\"display:block; height:auto;\">\n\t\t\n<style>\n#gap-52794331 {\n  padding-top: 20px;\n}\n<\/style>\n\t<\/div>\n\t\n\n<div class=\"row row-small align-center\"  id=\"row-303042951\">\n\n\n\t<div id=\"col-347612818\" class=\"col medium-4 small-12 large-4\"  >\n\t\t\t\t<div class=\"col-inner\"  >\n\t\t\t\n\t\t\t\n\n<p align=\"left\">Materiaux: Fibre de carbone<\/p>\n<p>Dimensions: 30.2 x 11.3 x 2.5 pouces \/ <span style=\"font-size: 14.4px;\">81,4 x 28,8 x 6,4 cm<\/span><\/p>\n<p align=\"left\">Poids: 3.3lbs \/ 1.5kg<\/p>\n\n\t\t<\/div>\n\t\t\t\t\t<\/div>\n\n\t\n\n\t<div id=\"col-1851148518\" class=\"col medium-4 small-12 large-4\"  >\n\t\t\t\t<div class=\"col-inner\"  >\n\t\t\t\n\t\t\t\n\n\t<div class=\"img has-hover x md-x lg-x y md-y lg-y\" id=\"image_1443661846\">\n\t\t\t\t\t\t\t\t<div class=\"img-inner dark\" >\n\t\t\t<img decoding=\"async\" width=\"800\" height=\"600\" src=\"https:\/\/clearwatermarine.eu\/wp-content\/uploads\/2022\/03\/wings.webp\" class=\"attachment-large size-large\" alt=\"\" srcset=\"https:\/\/clearwatermarine.eu\/wp-content\/uploads\/2022\/03\/wings.webp 800w, https:\/\/clearwatermarine.eu\/wp-content\/uploads\/2022\/03\/wings-300x225.webp 300w, https:\/\/clearwatermarine.eu\/wp-content\/uploads\/2022\/03\/wings-768x576.webp 768w, https:\/\/clearwatermarine.eu\/wp-content\/uploads\/2022\/03\/wings-500x375.webp 500w\" sizes=\"(max-width: 800px) 100vw, 800px\" \/>\t\t\t\t\t\t\n\t\t\t\t\t<\/div>\n\t\t\t\t\t\t\t\t\n<style>\n#image_1443661846 {\n  width: 100%;\n}\n<\/style>\n\t<\/div>\n\t\n\n\n\t\t<\/div>\n\t\t\t\t\t<\/div>\n\n\t\n\n<\/div>\n\n\t\t<\/div>\n\t\t\t\t\t<\/div>\n\n\t\n\n<\/div>\n\n<\/div>\n<div id=\"tab_batterie-et-contr\u00d4leurs\" class=\"panel entry-content\" role=\"tabpanel\" aria-labelledby=\"tab-batterie-et-contr\u00d4leurs\">\n\n<div class=\"row\"  id=\"row-1754525606\">\n\n\n\t<div id=\"col-1984940095\" class=\"col small-12 large-12\"  >\n\t\t\t\t<div class=\"col-inner\"  >\n\t\t\t\n\t\t\t\n\n<div class=\"row row-small align-center\"  id=\"row-545603605\">\n\n\n\t<div id=\"col-29254337\" class=\"col medium-4 small-12 large-4\"  >\n\t\t\t\t<div class=\"col-inner\"  >\n\t\t\t\n\t\t\t\n\n<h4 style=\"text-align: left;\">Baterie<\/h4>\n<p style=\"text-align: left;\" align=\"left\">Type: batterie Lithium-ion<br>Capacit\u00e9: 32,500mAH \/ 1,683Wh<br>\u00c9tanch\u00e9it\u00e9: IP68<br>Dur\u00e9e de charge: ~ 120 minutes<\/p>\n<h4 style=\"text-align: left;\">Contr\u00f4leur<\/h4>\n<p style=\"text-align: left;\">\u00c9tanch\u00e9it\u00e9: IP68<br>Affichage: LCD 1.7 pouces<br>Contr\u00f4le de vitesse: 24 vitesses<br>Type de communication: Bluetooth<\/p>\n\n\t\t<\/div>\n\t\t\t\t\t<\/div>\n\n\t\n\n\t<div id=\"col-587616488\" class=\"col medium-4 small-12 large-4\"  >\n\t\t\t\t<div class=\"col-inner\"  >\n\t\t\t\n\t\t\t\n\n\t<div class=\"img has-hover x md-x lg-x y md-y lg-y\" id=\"image_937056774\">\n\t\t\t\t\t\t\t\t<div class=\"img-inner dark\" >\n\t\t\t<img decoding=\"async\" width=\"981\" height=\"736\" src=\"https:\/\/clearwatermarine.eu\/wp-content\/uploads\/2022\/03\/battery.webp\" class=\"attachment-large size-large\" alt=\"\" srcset=\"https:\/\/clearwatermarine.eu\/wp-content\/uploads\/2022\/03\/battery.webp 981w, https:\/\/clearwatermarine.eu\/wp-content\/uploads\/2022\/03\/battery-300x225.webp 300w, https:\/\/clearwatermarine.eu\/wp-content\/uploads\/2022\/03\/battery-768x576.webp 768w, https:\/\/clearwatermarine.eu\/wp-content\/uploads\/2022\/03\/battery-500x375.webp 500w, https:\/\/clearwatermarine.eu\/wp-content\/uploads\/2022\/03\/battery-900x675.webp 900w\" sizes=\"(max-width: 981px) 100vw, 981px\" \/>\t\t\t\t\t\t\n\t\t\t\t\t<\/div>\n\t\t\t\t\t\t\t\t\n<style>\n#image_937056774 {\n  width: 100%;\n}\n<\/style>\n\t<\/div>\n\t\n\n\n\t\t<\/div>\n\t\t\t\t\t<\/div>\n\n\t\n\n\t<div id=\"col-765582273\" class=\"col medium-4 small-12 large-4\"  >\n\t\t\t\t<div class=\"col-inner\"  >\n\t\t\t\n\t\t\t\n\n\t<div class=\"img has-hover x md-x lg-x y md-y lg-y\" id=\"image_708489743\">\n\t\t\t\t\t\t\t\t<div class=\"img-inner dark\" >\n\t\t\t<img decoding=\"async\" width=\"888\" height=\"666\" src=\"https:\/\/clearwatermarine.eu\/wp-content\/uploads\/2022\/03\/controler.webp\" class=\"attachment-large size-large\" alt=\"\" srcset=\"https:\/\/clearwatermarine.eu\/wp-content\/uploads\/2022\/03\/controler.webp 888w, https:\/\/clearwatermarine.eu\/wp-content\/uploads\/2022\/03\/controler-300x225.webp 300w, https:\/\/clearwatermarine.eu\/wp-content\/uploads\/2022\/03\/controler-768x576.webp 768w, https:\/\/clearwatermarine.eu\/wp-content\/uploads\/2022\/03\/controler-500x375.webp 500w\" sizes=\"(max-width: 888px) 100vw, 888px\" \/>\t\t\t\t\t\t\n\t\t\t\t\t<\/div>\n\t\t\t\t\t\t\t\t\n<style>\n#image_708489743 {\n  width: 100%;\n}\n<\/style>\n\t<\/div>\n\t\n\n\n\t\t<\/div>\n\t\t\t\t\t<\/div>\n\n\t\n\n<\/div>\n\n\t\t<\/div>\n\t\t\t\t\t<\/div>\n\n\t\n\n<\/div>\n\n<\/div><\/div><\/div>\n\n\t\t<\/div>\n\t\t\t\t\t<\/div>\n\n\t\n\n<\/div>\n<h3 style=\"text-align: center;\">PRIX: 7.000\u20ac (IVA + Livraison incluses)<\/h3>\n\n\t\t<\/div>\n\n\t\t\n<style>\n#section_905688776 {\n  padding-top: 30px;\n  padding-bottom: 30px;\n  background-color: rgb(247, 247, 247);\n}\n#section_905688776 .ux-shape-divider--top svg {\n  height: 150px;\n  --divider-top-width: 100%;\n}\n#section_905688776 .ux-shape-divider--bottom svg {\n  height: 150px;\n  --divider-width: 100%;\n}\n<\/style>\n\t<\/section>\n\t\n\t<section class=\"section\" id=\"section_2032286724\">\n\t\t<div class=\"bg section-bg fill bg-fill  bg-loaded\" >\n\n\t\t\t\n\t\t\t\n\t\t\t\n\n\t\t<\/div>\n\n\t\t\n\n\t\t<div class=\"section-content relative\">\n\t\t\t\n\n<div class=\"row\" style=\"max-width:1200px\" id=\"row-1412374142\">\n\n\n\t<div id=\"col-1645406723\" class=\"col small-12 large-12\"  >\n\t\t\t\t<div class=\"col-inner text-center\"  >\n\t\t\t\n\t\t\t\n\n\t<div id=\"gap-1761918856\" class=\"gap-element clearfix\" style=\"display:block; height:auto;\">\n\t\t\n<style>\n#gap-1761918856 {\n  padding-top: 15px;\n}\n<\/style>\n\t<\/div>\n\t\n\n\t<div id=\"text-717215086\" class=\"text\">\n\t\t\n\n<h6>Contactez nous<\/h6>\n\t\t\n<style>\n#text-717215086 {\n  text-align: center;\n}\n<\/style>\n\t<\/div>\n\t\n\t<div id=\"text-1975353426\" class=\"text\">\n\t\t\n\n<h2>Avez-vous une question ?<\/h2>\n\t\t\n<style>\n#text-1975353426 {\n  font-size: 1.75rem;\n  text-align: center;\n}\n<\/style>\n\t<\/div>\n\t\n<a href=\"https:\/\/clearwatermarine.eu\/en\/contact\/\" target=\"_self\" class=\"button secondary\"  style=\"padding:5px 30px 5px 30px;\">\n    <span>Prendre contact<\/span>\n  <\/a>\n\n\n\n\t\t<\/div>\n\t\t\t\t\n<style>\n#col-1645406723 > .col-inner {\n  padding: 50px 50px 50px 50px;\n}\n<\/style>\n\t<\/div>\n\n\t\n\n\n<style>\n#row-1412374142 > .col > .col-inner {\n  background-color: rgb(255, 255, 255);\n}\n<\/style>\n<\/div>\n\n\t\t<\/div>\n\n\t\t\n<style>\n#section_2032286724 {\n  padding-top: 30px;\n  padding-bottom: 30px;\n  min-height: 400px;\n}\n#section_2032286724 .ux-shape-divider--top svg {\n  height: 150px;\n  --divider-top-width: 100%;\n}\n#section_2032286724 .ux-shape-divider--bottom svg {\n  height: 150px;\n  --divider-width: 100%;\n}\n<\/style>\n\t<\/section>\n\t\n\n","protected":false},"excerpt":{"rendered":"","protected":false},"author":2,"featured_media":0,"parent":0,"menu_order":0,"comment_status":"closed","ping_status":"closed","template":"page-blank.php","meta":{"_acf_changed":false,"footnotes":""},"class_list":["post-16709","page","type-page","status-publish","hentry"],"acf":[],"_links":{"self":[{"href":"https:\/\/clearwatermarine.eu\/fr\/wp-json\/wp\/v2\/pages\/16709","targetHints":{"allow":["GET"]}}],"collection":[{"href":"https:\/\/clearwatermarine.eu\/fr\/wp-json\/wp\/v2\/pages"}],"about":[{"href":"https:\/\/clearwatermarine.eu\/fr\/wp-json\/wp\/v2\/types\/page"}],"author":[{"embeddable":true,"href":"https:\/\/clearwatermarine.eu\/fr\/wp-json\/wp\/v2\/users\/2"}],"replies":[{"embeddable":true,"href":"https:\/\/clearwatermarine.eu\/fr\/wp-json\/wp\/v2\/comments?post=16709"}],"version-history":[{"count":0,"href":"https:\/\/clearwatermarine.eu\/fr\/wp-json\/wp\/v2\/pages\/16709\/revisions"}],"wp:attachment":[{"href":"https:\/\/clearwatermarine.eu\/fr\/wp-json\/wp\/v2\/media?parent=16709"}],"curies":[{"name":"wp","href":"https:\/\/api.w.org\/{rel}","templated":true}]}}