{"id":16742,"date":"2021-02-24T00:19:00","date_gmt":"2021-02-24T00:19:00","guid":{"rendered":"https:\/\/clearwatermarine.eu\/nous-contacter\/"},"modified":"2023-04-19T14:44:24","modified_gmt":"2023-04-19T14:44:24","slug":"contact","status":"publish","type":"page","link":"https:\/\/clearwatermarine.eu\/fr\/contact\/","title":{"rendered":"Contact"},"content":{"rendered":"\n\t<section class=\"section\" id=\"section_363132696\">\n\t\t<div class=\"bg section-bg fill bg-fill  bg-loaded\" >\n\n\t\t\t\n\t\t\t<div class=\"section-bg-overlay absolute fill\"><\/div>\n\t\t\t\n\n\t\t<\/div>\n\n\t\t\n\n\t\t<div class=\"section-content relative\">\n\t\t\t\n\n<div class=\"row align-equal\"  id=\"row-445580404\">\n\n\n\t<div id=\"col-1309406303\" class=\"col small-12 large-12\"  >\n\t\t\t\t<div class=\"col-inner\"  >\n\t\t\t\n\t\t\t\n\n\t<div id=\"gap-597114759\" class=\"gap-element clearfix\" style=\"display:block; height:auto;\">\n\t\t\n<style>\n#gap-597114759 {\n  padding-top: 30px;\n}\n<\/style>\n\t<\/div>\n\t\n\n<div class=\"row row-collapse row-full-width\"  id=\"row-756452553\">\n\n\n\t<div id=\"col-411569474\" class=\"col medium-6 small-12 large-6\"  >\n\t\t\t\t<div class=\"col-inner\"  >\n\t\t\t\n\t\t\t\n\n\n  <div class=\"banner has-hover\" id=\"banner-1412017925\">\n          <div class=\"banner-inner fill\">\n        <div class=\"banner-bg fill\" >\n            <div class=\"bg fill bg-fill \"><\/div>\n                                    \n                    <\/div>\n\t\t\n        <div class=\"banner-layers container\">\n            <div class=\"fill banner-link\"><\/div>            \n\n   <div id=\"text-box-1047336791\" class=\"text-box banner-layer x50 md-x50 lg-x50 y35 md-y15 lg-y15 res-text\">\n                                <div class=\"text-box-content text dark\">\n              \n              <div class=\"text-inner text-left\">\n                  \n\n\t<div id=\"text-889460315\" class=\"text\">\n\t\t\n\n<h1 class=\"uppercase\"><strong>clearwater marine<\/strong><\/h1>\n\t\t\n<style>\n#text-889460315 {\n  color: rgb(0, 63, 107);\n}\n#text-889460315 > * {\n  color: rgb(0, 63, 107);\n}\n<\/style>\n\t<\/div>\n\t\n<div class=\"is-divider divider clearfix\" style=\"margin-top:1.3em;margin-bottom:1.3em;max-width:50px;background-color:rgb(0, 63, 107);\"><\/div>\n\n\t<div id=\"text-3863214640\" class=\"text\">\n\t\t\n\n<h4 style=\"text-align: left;\">Bonjour !&nbsp; Si vous avez une demande concernant l&rsquo;un de nos produits, une question \u00e0 poser ou une suggestion \u00e0 faire, n&rsquo;h\u00e9sitez pas \u00e0 contacter notre \u00e9quipe.<\/h4>\n\t\t\n<style>\n#text-3863214640 {\n  color: rgb(0, 63, 107);\n}\n#text-3863214640 > * {\n  color: rgb(0, 63, 107);\n}\n<\/style>\n\t<\/div>\n\t\n\t<div id=\"gap-344657033\" class=\"gap-element clearfix\" style=\"display:block; height:auto;\">\n\t\t\n<style>\n#gap-344657033 {\n  padding-top: 15px;\n}\n<\/style>\n\t<\/div>\n\t\n\n\t<div id=\"text-3281293269\" class=\"text\">\n\t\t\n\n<h3><span style=\"color: #003f6b;\"><a style=\"color: #003f6b;\" href=\"tel:%200034971354208\">+34 971 35 42 08<\/a><\/span><\/h3>\n\t\t\n<style>\n#text-3281293269 {\n  color: #003f6b;\n}\n#text-3281293269 > * {\n  color: #003f6b;\n}\n<\/style>\n\t<\/div>\n\t\n\t<div id=\"gap-2068851436\" class=\"gap-element clearfix\" style=\"display:block; height:auto;\">\n\t\t\n<style>\n#gap-2068851436 {\n  padding-top: 15px;\n}\n<\/style>\n\t<\/div>\n\t\n\n\t<div id=\"text-3374694292\" class=\"text\">\n\t\t\n\n<h3><span style=\"color: #003f6b;\"><a style=\"color: #003f6b;\" href=\"mailto:info@clearwater.es\">info@clearwater.es<\/a><\/span><\/h3>\n\t\t\n<style>\n#text-3374694292 {\n  color: rgb(0, 63, 107);\n}\n#text-3374694292 > * {\n  color: rgb(0, 63, 107);\n}\n<\/style>\n\t<\/div>\n\t\n\t<div id=\"gap-2035885256\" class=\"gap-element clearfix\" style=\"display:block; height:auto;\">\n\t\t\n<style>\n#gap-2035885256 {\n  padding-top: 15px;\n}\n<\/style>\n\t<\/div>\n\t\n\n\t<div id=\"text-4190387159\" class=\"text\">\n\t\t\n\n<h3>Clearwater Marine Port Office<\/h3>\n<h3 style=\"text-align: left;\"><span style=\"color: #003f6b;\"><a style=\"color: #003f6b;\" href=\"https:\/\/www.google.es\/maps\/place\/Clearwater+Marine\/@39.8903749,4.2727357,17z\/data=!3m1!4b1!4m5!3m4!1s0x1295879c607bf2a3:0x4d5f69b4692bdc76!8m2!3d39.8903749!4d4.2749244\">Moll de Llevant 215<br><\/a><\/span><\/h3>\n<p> <\/p>\n<h3>Clearwater Marine Showroom<\/h3>\n<h3><a href=\"https:\/\/goo.gl\/maps\/XiDy9VZYMdtF9Aok9\">Carrer de Capifort 7<\/a><\/h3>\n<p> <\/p>\n<h3 style=\"text-align: left;\"><span style=\"color: #003f6b;\">Mah\u00f3n,<\/span><\/h3>\n<h3 style=\"text-align: left;\"><span style=\"color: #003f6b;\"> 07701, Menorca<\/span><\/h3>\n\t\t\n<style>\n#text-4190387159 {\n  color: #003f6b;\n}\n#text-4190387159 > * {\n  color: #003f6b;\n}\n<\/style>\n\t<\/div>\n\t\n\t<div id=\"gap-567881788\" class=\"gap-element clearfix\" style=\"display:block; height:auto;\">\n\t\t\n<style>\n#gap-567881788 {\n  padding-top: 15px;\n}\n<\/style>\n\t<\/div>\n\t\n\n<div class=\"social-icons follow-icons\" style=\"font-size:133%\"><a href=\"https:\/\/www.facebook.com\/clearwatermenorca\" target=\"_blank\" data-label=\"Facebook\" rel=\"noopener noreferrer nofollow\" class=\"icon primary button circle facebook tooltip\" title=\"Nous suivre sur Facebook\" aria-label=\"Nous suivre sur Facebook\"><i class=\"icon-facebook\" ><\/i><\/a><a href=\"https:\/\/www.instagram.com\/clearwater_marine\/\" target=\"_blank\" rel=\"noopener noreferrer nofollow\" data-label=\"Instagram\" class=\"icon primary button circle  instagram tooltip\" title=\"Nous suivre sur Instagram\" aria-label=\"Nous suivre sur Instagram\"><i class=\"icon-instagram\" ><\/i><\/a><a href=\"https:\/\/twitter.com\/clearwatermahon\" target=\"_blank\" data-label=\"Twitter\" rel=\"noopener noreferrer nofollow\" class=\"icon primary button circle  twitter tooltip\" title=\"Nous suivre sur Twitter\" aria-label=\"Nous suivre sur Twitter\"><i class=\"icon-twitter\" ><\/i><\/a><\/div>\n\n\n              <\/div>\n           <\/div>\n                            \n<style>\n#text-box-1047336791 {\n  margin: -100px 0px 0px 0px;\n  width: 93%;\n}\n#text-box-1047336791 .text-inner {\n  padding: 0pxx 0px 0px 0px;\n}\n#text-box-1047336791 .text-box-content {\n  font-size: 100%;\n}\n@media (min-width:550px) {\n  #text-box-1047336791 {\n    margin: 0px 0px 0px 0px;\n    width: 74%;\n  }\n}\n<\/style>\n    <\/div>\n \n\n        <\/div>\n      <\/div>\n\n            \n<style>\n#banner-1412017925 {\n  padding-top: 561px;\n  background-color: rgb(255, 255, 255);\n}\n#banner-1412017925 .ux-shape-divider--top svg {\n  height: 150px;\n  --divider-top-width: 100%;\n}\n#banner-1412017925 .ux-shape-divider--bottom svg {\n  height: 150px;\n  --divider-width: 100%;\n}\n@media (min-width:550px) {\n  #banner-1412017925 {\n    padding-top: 650px;\n  }\n}\n<\/style>\n  <\/div>\n\n\n\n\t\t<\/div>\n\t\t\t\t\t<\/div>\n\n\t\n\n\t<div id=\"col-67921660\" class=\"col medium-6 small-12 large-6\"  >\n\t\t\t\t<div class=\"col-inner\" style=\"background-color:rgb(226, 238, 250);\" >\n\t\t\t\n\t\t\t\n\n\n  <div class=\"banner has-hover\" id=\"banner-19636674\">\n          <div class=\"banner-inner fill\">\n        <div class=\"banner-bg fill\" >\n            <div class=\"bg fill bg-fill \"><\/div>\n                                    \n                    <\/div>\n\t\t\n        <div class=\"banner-layers container\">\n            <div class=\"fill banner-link\"><\/div>            \n\n   <div id=\"text-box-575169900\" class=\"text-box banner-layer x50 md-x50 lg-x50 y50 md-y50 lg-y50 res-text\">\n                                <div class=\"text-box-content text \">\n              \n              <div class=\"text-inner text-left\">\n                  \n\n<div id=\"quform-40fadf\" class=\"quform quform-4 quform-theme-hollow quform-support-page-caching\"><form id=\"quform-form-40fadf\" class=\"quform-form quform-form-4\" action=\"\/fr\/wp-json\/wp\/v2\/pages\/16742#quform-40fadf\" method=\"post\" enctype=\"multipart\/form-data\" novalidate=\"novalidate\" data-options=\"{&quot;id&quot;:4,&quot;uniqueId&quot;:&quot;40fadf&quot;,&quot;theme&quot;:&quot;hollow&quot;,&quot;ajax&quot;:true,&quot;logic&quot;:{&quot;logic&quot;:[],&quot;dependents&quot;:[],&quot;elementIds&quot;:[],&quot;dependentElementIds&quot;:[],&quot;animate&quot;:true},&quot;currentPageId&quot;:1,&quot;errorsIcon&quot;:&quot;&quot;,&quot;updateFancybox&quot;:true,&quot;hasPages&quot;:false,&quot;pages&quot;:[1],&quot;pageProgressType&quot;:&quot;numbers&quot;,&quot;tooltipsEnabled&quot;:true,&quot;tooltipClasses&quot;:&quot;qtip-quform-dark qtip-shadow&quot;,&quot;tooltipMy&quot;:&quot;left center&quot;,&quot;tooltipAt&quot;:&quot;right center&quot;,&quot;isRtl&quot;:false,&quot;scrollOffset&quot;:-50,&quot;scrollSpeed&quot;:800}\"><button class=\"quform-default-submit\" name=\"quform_submit\" type=\"submit\" value=\"submit\" aria-hidden=\"true\" tabindex=\"-1\"><\/button><div class=\"quform-form-inner quform-form-inner-4\"><input type=\"hidden\" name=\"quform_form_id\" value=\"4\" \/><input type=\"hidden\" name=\"quform_form_uid\" value=\"40fadf\" \/><input type=\"hidden\" name=\"quform_count\" value=\"1\" \/><input type=\"hidden\" name=\"form_url\" value=\"https:\/\/clearwatermarine.eu\/fr\/wp-json\/wp\/v2\/pages\/16742\" \/><input type=\"hidden\" name=\"referring_url\" value=\"\" \/><input type=\"hidden\" name=\"post_id\" value=\"\" \/><input type=\"hidden\" name=\"post_title\" value=\"\" \/><input type=\"hidden\" name=\"quform_current_page_id\" value=\"1\" \/><input type=\"hidden\" name=\"quform_csrf_token\" value=\"QpQASVOQYTmMfbyUBw0NJCLLrcUlXlTeJgc5rvWq\" \/><div class=\"quform-elements quform-elements-4 quform-cf quform-responsive-elements-phone-portrait\"><div class=\"quform-element quform-element-page quform-page-1 quform-page-4_1 quform-cf quform-group-style-plain quform-first-page quform-last-page quform-current-page\"><div class=\"quform-child-elements\"><div class=\"quform-element quform-element-row quform-element-row-4_15 quform-1-columns quform-element-row-size-fixed quform-responsive-columns-phone-portrait\"><div class=\"quform-element quform-element-column quform-element-4_16\"><div class=\"quform-element quform-element-html quform-element-4_33 quform-cf\"><div class=\"quform-spacer\"><div style=\"color: #1e284f; font-size: 24px; margin-bottom: 20px; text-align: left; text-transform: uppercase;\">Contact us<\/div><\/div><\/div><\/div><\/div><div class=\"quform-element quform-element-row quform-element-row-4_21 quform-2-columns quform-element-row-size-fixed quform-responsive-columns-phone-portrait\"><div class=\"quform-element quform-element-column quform-element-4_22\"><div class=\"quform-element quform-element-text quform-element-4_26 quform-cf quform-labels-inside quform-element-required\"><div class=\"quform-spacer\"><div class=\"quform-label quform-label-4_26\"><label class=\"quform-label-text\" for=\"quform_4_26_40fadf\">Name<span class=\"quform-required\">*<\/span><\/label><\/div><div class=\"quform-inner quform-inner-text quform-inner-4_26 quform-field-size-medium\"><div class=\"quform-input quform-input-text quform-input-4_26 quform-cf\"><input type=\"text\" id=\"quform_4_26_40fadf\" name=\"quform_4_26\" class=\"quform-field quform-field-text quform-field-4_26\" \/><\/div><\/div><\/div><\/div><\/div><div class=\"quform-element quform-element-column quform-element-4_24\"><div class=\"quform-element quform-element-text quform-element-4_40 quform-cf quform-labels-inside quform-element-required\"><div class=\"quform-spacer\"><div class=\"quform-label quform-label-4_40\"><label class=\"quform-label-text\" for=\"quform_4_40_40fadf\">Surname<span class=\"quform-required\">*<\/span><\/label><\/div><div class=\"quform-inner quform-inner-text quform-inner-4_40 quform-field-size-medium\"><div class=\"quform-input quform-input-text quform-input-4_40 quform-cf\"><input type=\"text\" id=\"quform_4_40_40fadf\" name=\"quform_4_40\" class=\"quform-field quform-field-text quform-field-4_40\" \/><\/div><\/div><\/div><\/div><\/div><\/div><div class=\"quform-element quform-element-row quform-element-row-4_34 quform-2-columns quform-element-row-size-fixed quform-responsive-columns-phone-portrait\"><div class=\"quform-element quform-element-column quform-element-4_35\"><div class=\"quform-element quform-element-email quform-element-4_36 quform-cf quform-labels-inside quform-element-required\"><div class=\"quform-spacer\"><div class=\"quform-label quform-label-4_36\"><label class=\"quform-label-text\" for=\"quform_4_36_40fadf\">Email<span class=\"quform-required\">*<\/span><\/label><\/div><div class=\"quform-inner quform-inner-email quform-inner-4_36 quform-field-size-medium\"><div class=\"quform-input quform-input-email quform-input-4_36 quform-cf\"><input type=\"email\" id=\"quform_4_36_40fadf\" name=\"quform_4_36\" class=\"quform-field quform-field-email quform-field-4_36\" \/><\/div><\/div><\/div><\/div><\/div><div class=\"quform-element quform-element-column quform-element-4_37\"><div class=\"quform-element quform-element-text quform-element-4_38 quform-cf quform-labels-inside quform-element-required\"><div class=\"quform-spacer\"><div class=\"quform-label quform-label-4_38\"><label class=\"quform-label-text\" for=\"quform_4_38_40fadf\">Phone<span class=\"quform-required\">*<\/span><\/label><\/div><div class=\"quform-inner quform-inner-text quform-inner-4_38 quform-field-size-medium\"><div class=\"quform-input quform-input-text quform-input-4_38 quform-cf\"><input type=\"text\" id=\"quform_4_38_40fadf\" name=\"quform_4_38\" class=\"quform-field quform-field-text quform-field-4_38\" \/><\/div><\/div><\/div><\/div><\/div><\/div><div class=\"quform-element quform-element-textarea quform-element-4_6 quform-cf quform-labels-inside quform-element-required\"><div class=\"quform-spacer\"><div class=\"quform-label quform-label-4_6\"><label class=\"quform-label-text\" for=\"quform_4_6_40fadf\">Write here<span class=\"quform-required\">*<\/span><\/label><\/div><div class=\"quform-inner quform-inner-textarea quform-inner-4_6 quform-field-size-medium\"><div class=\"quform-input quform-input-textarea quform-input-4_6 quform-cf\"><textarea id=\"quform_4_6_40fadf\" name=\"quform_4_6\" class=\"quform-field quform-field-textarea quform-field-4_6\"><\/textarea><\/div><\/div><\/div><\/div><div class=\"quform-element quform-element-checkbox quform-element-4_30 quform-cf quform-element-required\"><div class=\"quform-spacer\"><div class=\"quform-inner quform-inner-checkbox quform-inner-4_30 quform-field-size-medium\"><div class=\"quform-input quform-input-checkbox quform-input-4_30 quform-cf\"><div class=\"quform-options quform-cf quform-options-block quform-options-simple\"><div class=\"quform-option\"><input type=\"checkbox\" name=\"quform_4_30[]\" id=\"quform_4_30_40fadf_1\" class=\"quform-field quform-field-checkbox quform-field-4_30 quform-field-4_30_1\" value=\"&lt;span style=&quot;font-size: 12px&quot;&gt;have read and accepted the &lt;a style=&quot;color:#2e51d1;font-size: 12px&quot; href=&quot;#&quot;&gt;&lt;strong&gt;the privacy policies and the conditions of use&lt;\/strong&gt;&lt;\/a&gt; of this website.&lt;\/span&gt;\" \/><label for=\"quform_4_30_40fadf_1\" class=\"quform-option-label quform-option-label-4_30_1\"><span class=\"quform-option-text\"><span style=\"font-size: 12px\">have read and accepted the <a style=\"color:#2e51d1;font-size: 12px\" href=\"#\"><strong>the privacy policies and the conditions of use<\/strong><\/a> of this website.<\/span><\/span><\/label><\/div><\/div><\/div><\/div><\/div><\/div><div class=\"quform-element quform-element-submit quform-element-4_2 quform-cf quform-button-style-theme quform-button-size-fat quform-button-width-full\"><div class=\"quform-button-submit quform-button-submit-default quform-button-submit-4_2\"><button name=\"quform_submit\" type=\"submit\" class=\"quform-submit\" value=\"submit\"><span class=\"quform-button-text quform-button-submit-text\">Contact<\/span><\/button><\/div><div class=\"quform-loading quform-loading-position-left quform-loading-type-spinner-1\"><div class=\"quform-loading-inner\"><div class=\"quform-loading-spinner\"><div class=\"quform-loading-spinner-inner\"><\/div><\/div><\/div><\/div><\/div><div class=\"quform-element-tree\"><label for=\"quform_4_0_40fadf\">Ce champ devrait \u00eatre laiss\u00e9 vide<\/label><input type=\"text\" id=\"quform_4_0_40fadf\" name=\"quform_4_0\" class=\"quform-field quform-field-tree quform-field-4_0\" tabindex=\"-1\" autocomplete=\"off\" \/><\/div><\/div><\/div><\/div><\/div><\/form><\/div>\n\n              <\/div>\n           <\/div>\n                            \n<style>\n#text-box-575169900 .text-inner {\n  padding: 180px 0px 0px 0px;\n}\n#text-box-575169900 {\n  width: 100%;\n}\n#text-box-575169900 .text-box-content {\n  font-size: 100%;\n}\n@media (min-width:550px) {\n  #text-box-575169900 .text-inner {\n    padding: 0px 0px 0px 0px;\n  }\n  #text-box-575169900 {\n    width: 84%;\n  }\n}\n<\/style>\n    <\/div>\n \n\n        <\/div>\n      <\/div>\n\n            \n<style>\n#banner-19636674 {\n  padding-top: 680px;\n  background-color: rgb(226, 238, 250);\n}\n#banner-19636674 .ux-shape-divider--top svg {\n  height: 150px;\n  --divider-top-width: 100%;\n}\n#banner-19636674 .ux-shape-divider--bottom svg {\n  height: 150px;\n  --divider-width: 100%;\n}\n@media (min-width:550px) {\n  #banner-19636674 {\n    padding-top: 650px;\n  }\n}\n<\/style>\n  <\/div>\n\n\n\n\t\t<\/div>\n\t\t\t\t\t<\/div>\n\n\t\n\n<\/div>\n\n\t\t<\/div>\n\t\t\t\t\t<\/div>\n\n\t\n\n<\/div>\n\n\t\t<\/div>\n\n\t\t\n<style>\n#section_363132696 {\n  padding-top: 0px;\n  padding-bottom: 0px;\n}\n#section_363132696 .section-bg-overlay {\n  background-color: rgb(0, 63, 107);\n}\n#section_363132696 .ux-shape-divider--top svg {\n  height: 150px;\n  --divider-top-width: 100%;\n}\n#section_363132696 .ux-shape-divider--bottom svg {\n  height: 150px;\n  --divider-width: 100%;\n}\n@media (min-width:550px) {\n  #section_363132696 {\n    padding-top: 65px;\n    padding-bottom: 65px;\n  }\n}\n<\/style>\n\t<\/section>\n\t\n\n","protected":false},"excerpt":{"rendered":"","protected":false},"author":1,"featured_media":0,"parent":0,"menu_order":0,"comment_status":"closed","ping_status":"closed","template":"page-blank.php","meta":{"_acf_changed":false,"footnotes":""},"class_list":["post-16742","page","type-page","status-publish","hentry"],"acf":[],"_links":{"self":[{"href":"https:\/\/clearwatermarine.eu\/fr\/wp-json\/wp\/v2\/pages\/16742","targetHints":{"allow":["GET"]}}],"collection":[{"href":"https:\/\/clearwatermarine.eu\/fr\/wp-json\/wp\/v2\/pages"}],"about":[{"href":"https:\/\/clearwatermarine.eu\/fr\/wp-json\/wp\/v2\/types\/page"}],"author":[{"embeddable":true,"href":"https:\/\/clearwatermarine.eu\/fr\/wp-json\/wp\/v2\/users\/1"}],"replies":[{"embeddable":true,"href":"https:\/\/clearwatermarine.eu\/fr\/wp-json\/wp\/v2\/comments?post=16742"}],"version-history":[{"count":0,"href":"https:\/\/clearwatermarine.eu\/fr\/wp-json\/wp\/v2\/pages\/16742\/revisions"}],"wp:attachment":[{"href":"https:\/\/clearwatermarine.eu\/fr\/wp-json\/wp\/v2\/media?parent=16742"}],"curies":[{"name":"wp","href":"https:\/\/api.w.org\/{rel}","templated":true}]}}