{"id":16812,"date":"2022-02-16T11:53:58","date_gmt":"2022-02-16T11:53:58","guid":{"rendered":"https:\/\/clearwatermarine.eu\/producto\/chaser-yacht-500cc\/"},"modified":"2023-04-20T13:15:52","modified_gmt":"2023-04-20T13:15:52","slug":"chaser-yacht-500cc","status":"publish","type":"product","link":"https:\/\/clearwatermarine.eu\/fr\/producto\/chaser-yacht-500cc\/","title":{"rendered":"Chaser Yachts 500CC"},"content":{"rendered":"<p>La console centrale la plus innovante du march\u00e9, le Chaser 500CC est con\u00e7u pour le confort sans sacrifier le style. Chaque bateau dispose d&rsquo;une multitude d&rsquo;options de si\u00e8ges qui permettent de se divertir, de prendre un bain de soleil, de manger, de se mettre \u00e0 l&rsquo;ombre et d&rsquo;acc\u00e9der facilement \u00e0 l&rsquo;eau. Il y a beaucoup d&rsquo;espace de rangement pour le mat\u00e9riel et les jouets de sports nautiques, ainsi que pour l&rsquo;\u00e9quipement de p\u00eache. L&rsquo;int\u00e9rieur offre une chambre \u00e0 coucher et une salle de bain extr\u00eamement confortables, ainsi qu&rsquo;une cuisine de haute qualit\u00e9.<\/p>\n<p>Qu&rsquo;il s&rsquo;agisse de sports nautiques, de voyages au long cours ou de courtes escapades, de divertissement ou de p\u00eache, vous ne trouverez pas d&#8217;embarcation plus polyvalente que le Chaser Yachts 500CC. Avec les meilleures capacit\u00e9s de tenue de mer du march\u00e9, sans entretien et tr\u00e8s rigides, ces bateaux haute performance ont la vitesse, l&rsquo;autonomie et la fiabilit\u00e9 pour affronter tout ce que la mer peut vous r\u00e9server, et l&rsquo;am\u00e9nagement haut de gamme pour assurer une navigation en douceur \u00e0 chaque fois.<\/p>\n<p>Avec son design \u00e9l\u00e9gant, sa vitesse, sa puissance et ses performances, le 500CC change vraiment la donne et, comme tous les mod\u00e8les Chaser, il est enti\u00e8rement personnalisable.<\/p>\n<p>&nbsp;<\/p>\n<p>N&rsquo;h\u00e9sitez pas \u00e0 nous contacter pour de plus amples informations, un devis personnalis\u00e9 ou une brochure.<\/p>\n","protected":false},"excerpt":{"rendered":"<p>La console centrale la plus innovante du march\u00e9, le Chaser 500CC est con\u00e7u pour le confort sans sacrifier le style. Chaque bateau dispose d&rsquo;une multitude d&rsquo;options de si\u00e8ges qui permettent de se divertir, de prendre un bain de soleil, de manger, de se mettre \u00e0 l&rsquo;ombre et d&rsquo;acc\u00e9der facilement \u00e0 l&rsquo;eau. Il y a beaucoup [&#8230;]\n","protected":false},"featured_media":18955,"comment_status":"open","ping_status":"closed","template":"","meta":{"_acf_changed":false},"product_brand":[],"product_cat":[147],"product_tag":[],"class_list":{"0":"post-16812","1":"product","2":"type-product","3":"status-publish","4":"has-post-thumbnail","6":"product_marcas-chaser-yacht-fr","7":"product_cat-model-boat-fr","9":"first","10":"instock","11":"shipping-taxable","12":"product-type-simple"},"acf":[],"_links":{"self":[{"href":"https:\/\/clearwatermarine.eu\/fr\/wp-json\/wp\/v2\/product\/16812","targetHints":{"allow":["GET"]}}],"collection":[{"href":"https:\/\/clearwatermarine.eu\/fr\/wp-json\/wp\/v2\/product"}],"about":[{"href":"https:\/\/clearwatermarine.eu\/fr\/wp-json\/wp\/v2\/types\/product"}],"replies":[{"embeddable":true,"href":"https:\/\/clearwatermarine.eu\/fr\/wp-json\/wp\/v2\/comments?post=16812"}],"wp:featuredmedia":[{"embeddable":true,"href":"https:\/\/clearwatermarine.eu\/fr\/wp-json\/wp\/v2\/media\/18955"}],"wp:attachment":[{"href":"https:\/\/clearwatermarine.eu\/fr\/wp-json\/wp\/v2\/media?parent=16812"}],"wp:term":[{"taxonomy":"product_brand","embeddable":true,"href":"https:\/\/clearwatermarine.eu\/fr\/wp-json\/wp\/v2\/product_brand?post=16812"},{"taxonomy":"product_cat","embeddable":true,"href":"https:\/\/clearwatermarine.eu\/fr\/wp-json\/wp\/v2\/product_cat?post=16812"},{"taxonomy":"product_tag","embeddable":true,"href":"https:\/\/clearwatermarine.eu\/fr\/wp-json\/wp\/v2\/product_tag?post=16812"}],"curies":[{"name":"wp","href":"https:\/\/api.w.org\/{rel}","templated":true}]}}