{"id":16813,"date":"2022-02-16T15:47:26","date_gmt":"2022-02-16T15:47:26","guid":{"rendered":"https:\/\/clearwatermarine.eu\/producto\/chaser-yacht-500he\/"},"modified":"2023-04-20T13:18:22","modified_gmt":"2023-04-20T13:18:22","slug":"chaser-yacht-500he","status":"publish","type":"product","link":"https:\/\/clearwatermarine.eu\/fr\/producto\/chaser-yacht-500he\/","title":{"rendered":"Chaser Yachts 500HE"},"content":{"rendered":"<p>Construit pour la chasse, le Chaser Yachts 500 HE est n\u00e9 d&rsquo;un partenariat unique qui associe l&rsquo;excellence in\u00e9gal\u00e9e de Chaser Yachts en mati\u00e8re de construction et les prouesses de Harrison Eidsgaard en mati\u00e8re de design. Le 500HE r\u00e9volutionne le paysage des superyachts &#8211; un bateau de chasse vraiment unique et extraordinaire avec la performance, la puissance et la polyvalence pour tout faire. La conception unique de la coque offre de s\u00e9rieuses capacit\u00e9s offshore et le ravitaillement constant appartient au pass\u00e9 avec une autonomie standard de 750 km. Con\u00e7us selon les normes les plus strictes, les Chaser Yachts sont construits avec une attention in\u00e9gal\u00e9e aux d\u00e9tails et offrent un bateau enti\u00e8rement personnalisable afin de r\u00e9pondre \u00e0 100 % aux besoins du client.<\/p>\n<p>Veuillez nous contacter pour obtenir une brochure compl\u00e8te et un devis personnalis\u00e9.<\/p>\n","protected":false},"excerpt":{"rendered":"<p>Construit pour la chasse, le Chaser Yachts 500 HE est n\u00e9 d&rsquo;un partenariat unique qui associe l&rsquo;excellence in\u00e9gal\u00e9e de Chaser Yachts en mati\u00e8re de construction et les prouesses de Harrison Eidsgaard en mati\u00e8re de design. Le 500HE r\u00e9volutionne le paysage des superyachts &#8211; un bateau de chasse vraiment unique et extraordinaire avec la performance, la [&#8230;]\n","protected":false},"featured_media":12502,"comment_status":"open","ping_status":"closed","template":"","meta":{"_acf_changed":false},"product_brand":[],"product_cat":[147],"product_tag":[],"class_list":{"0":"post-16813","1":"product","2":"type-product","3":"status-publish","4":"has-post-thumbnail","6":"product_marcas-chaser-yacht-fr","7":"product_cat-model-boat-fr","9":"first","10":"instock","11":"shipping-taxable","12":"product-type-simple"},"acf":[],"_links":{"self":[{"href":"https:\/\/clearwatermarine.eu\/fr\/wp-json\/wp\/v2\/product\/16813","targetHints":{"allow":["GET"]}}],"collection":[{"href":"https:\/\/clearwatermarine.eu\/fr\/wp-json\/wp\/v2\/product"}],"about":[{"href":"https:\/\/clearwatermarine.eu\/fr\/wp-json\/wp\/v2\/types\/product"}],"replies":[{"embeddable":true,"href":"https:\/\/clearwatermarine.eu\/fr\/wp-json\/wp\/v2\/comments?post=16813"}],"wp:featuredmedia":[{"embeddable":true,"href":"https:\/\/clearwatermarine.eu\/fr\/wp-json\/wp\/v2\/media\/12502"}],"wp:attachment":[{"href":"https:\/\/clearwatermarine.eu\/fr\/wp-json\/wp\/v2\/media?parent=16813"}],"wp:term":[{"taxonomy":"product_brand","embeddable":true,"href":"https:\/\/clearwatermarine.eu\/fr\/wp-json\/wp\/v2\/product_brand?post=16813"},{"taxonomy":"product_cat","embeddable":true,"href":"https:\/\/clearwatermarine.eu\/fr\/wp-json\/wp\/v2\/product_cat?post=16813"},{"taxonomy":"product_tag","embeddable":true,"href":"https:\/\/clearwatermarine.eu\/fr\/wp-json\/wp\/v2\/product_tag?post=16813"}],"curies":[{"name":"wp","href":"https:\/\/api.w.org\/{rel}","templated":true}]}}