{"id":16815,"date":"2022-02-16T12:01:17","date_gmt":"2022-02-16T12:01:17","guid":{"rendered":"https:\/\/clearwatermarine.eu\/producto\/chaser-yacht-500r\/"},"modified":"2023-04-20T13:20:14","modified_gmt":"2023-04-20T13:20:14","slug":"chaser-yacht-500r","status":"publish","type":"product","link":"https:\/\/clearwatermarine.eu\/fr\/producto\/chaser-yacht-500r\/","title":{"rendered":"Chaser Yachts 500R"},"content":{"rendered":"<p>V\u00e9ritablement r\u00e9volutionnaire, le Chaser Yachts 500R est pratique et s\u00fbr, tout en offrant des performances \u00e9lev\u00e9es et un grand luxe. Sa coque unique \u00e0 double \u00e9tagement offre de s\u00e9rieuses capacit\u00e9s offshore et ses tubes innovants lui permettent d&rsquo;\u00eatre incroyablement maniable et facile \u00e0 contr\u00f4ler. La conduite est super s\u00fbre et sans souci et le 500R est parfait, que vous soyez en train de chasser, de faire du bateau \u00e0 la journ\u00e9e, de faire un voyage de d\u00e9couverte ou de profiter des sports nautiques avec vos amis et votre famille. Un bateau unique qui fait tourner les t\u00eates.<\/p>\n<p>Comme tous les bateaux de Chaser Yachts, le 500R est enti\u00e8rement personnalisable avec des plans de pont variables et un large choix de mat\u00e9riaux et d&rsquo;am\u00e9nagements.<\/p>\n<p>N&rsquo;h\u00e9sitez pas \u00e0 nous contacter pour obtenir une brochure et un devis personnalis\u00e9.<\/p>\n","protected":false},"excerpt":{"rendered":"<p>V\u00e9ritablement r\u00e9volutionnaire, le Chaser Yachts 500R est pratique et s\u00fbr, tout en offrant des performances \u00e9lev\u00e9es et un grand luxe. Sa coque unique \u00e0 double \u00e9tagement offre de s\u00e9rieuses capacit\u00e9s offshore et ses tubes innovants lui permettent d&rsquo;\u00eatre incroyablement maniable et facile \u00e0 contr\u00f4ler. La conduite est super s\u00fbre et sans souci et le 500R [&#8230;]\n","protected":false},"featured_media":12344,"comment_status":"open","ping_status":"closed","template":"","meta":{"_acf_changed":false},"product_brand":[],"product_cat":[147],"product_tag":[],"class_list":{"0":"post-16815","1":"product","2":"type-product","3":"status-publish","4":"has-post-thumbnail","6":"product_marcas-chaser-yacht-fr","7":"product_cat-model-boat-fr","9":"first","10":"instock","11":"shipping-taxable","12":"product-type-simple"},"acf":[],"_links":{"self":[{"href":"https:\/\/clearwatermarine.eu\/fr\/wp-json\/wp\/v2\/product\/16815","targetHints":{"allow":["GET"]}}],"collection":[{"href":"https:\/\/clearwatermarine.eu\/fr\/wp-json\/wp\/v2\/product"}],"about":[{"href":"https:\/\/clearwatermarine.eu\/fr\/wp-json\/wp\/v2\/types\/product"}],"replies":[{"embeddable":true,"href":"https:\/\/clearwatermarine.eu\/fr\/wp-json\/wp\/v2\/comments?post=16815"}],"wp:featuredmedia":[{"embeddable":true,"href":"https:\/\/clearwatermarine.eu\/fr\/wp-json\/wp\/v2\/media\/12344"}],"wp:attachment":[{"href":"https:\/\/clearwatermarine.eu\/fr\/wp-json\/wp\/v2\/media?parent=16815"}],"wp:term":[{"taxonomy":"product_brand","embeddable":true,"href":"https:\/\/clearwatermarine.eu\/fr\/wp-json\/wp\/v2\/product_brand?post=16815"},{"taxonomy":"product_cat","embeddable":true,"href":"https:\/\/clearwatermarine.eu\/fr\/wp-json\/wp\/v2\/product_cat?post=16815"},{"taxonomy":"product_tag","embeddable":true,"href":"https:\/\/clearwatermarine.eu\/fr\/wp-json\/wp\/v2\/product_tag?post=16815"}],"curies":[{"name":"wp","href":"https:\/\/api.w.org\/{rel}","templated":true}]}}