{"id":16816,"date":"2021-04-28T09:39:29","date_gmt":"2021-04-28T09:39:29","guid":{"rendered":"https:\/\/clearwatermarine.eu\/producto\/nimbus-305-coupe\/"},"modified":"2023-04-20T13:23:54","modified_gmt":"2023-04-20T13:23:54","slug":"nimbus-305-coupe","status":"publish","type":"product","link":"https:\/\/clearwatermarine.eu\/fr\/producto\/nimbus-305-coupe\/","title":{"rendered":"Nimbus 305 Coup\u00e9"},"content":{"rendered":"<h1>Con\u00e7u pour votre style de vie.<\/h1>\n<p align=\"center\"><iframe src=\"https:\/\/player.vimeo.com\/video\/116967442?title=0&amp;byline=0&amp;portrait=0\" width=\"640\" height=\"360\" frameborder=\"0\" allowfullscreen=\"allowfullscreen\" data-mce-fragment=\"1\"><\/iframe><\/p>\n<div class=\"str13_des\">\n<p>Une fonctionnalit\u00e9 robuste et intelligente dans un design attrayant et des lignes \u00e9l\u00e9gantes pour les familles, les bons vivants et les marins inv\u00e9t\u00e9r\u00e9s. Bas\u00e9 sur la m\u00eame philosophie de design scandinave que ses populaires et prim\u00e9s fr\u00e8res 405 et 365 Coup\u00e9, le 305 Coup\u00e9 marquera une nouvelle entr\u00e9e dans la populaire s\u00e9rie Coup\u00e9 de Nimbus, avec le concept de \u00ab\u00a0trottoir\u00a0\u00bb.<\/p>\n<p>S&rsquo;amuser, se d\u00e9tendre ou manger. &#8211; Le pont arri\u00e8re partage le m\u00eame niveau que la plate-forme de bain et le salon. Il est \u00e9quip\u00e9 d&rsquo;un canap\u00e9 en L confortable et g\u00e9n\u00e9reux pouvant accueillir cinq personnes et dont les si\u00e8ges sont rabattables. La table \u00e0 manger se replie pour devenir une table de cocktail avec des porte-verres et des poign\u00e9es en acier inoxydable. Parfait pour la d\u00e9tente ou les activit\u00e9s sociales avec les amis et la famille.<\/p>\n<\/div>\n","protected":false},"excerpt":{"rendered":"<p>Con\u00e7u pour votre style de vie. Une fonctionnalit\u00e9 robuste et intelligente dans un design attrayant et des lignes \u00e9l\u00e9gantes pour les familles, les bons vivants et les marins inv\u00e9t\u00e9r\u00e9s. Bas\u00e9 sur la m\u00eame philosophie de design scandinave que ses populaires et prim\u00e9s fr\u00e8res 405 et 365 Coup\u00e9, le 305 Coup\u00e9 marquera une nouvelle entr\u00e9e dans [&#8230;]\n","protected":false},"featured_media":10452,"comment_status":"open","ping_status":"closed","template":"","meta":{"_acf_changed":false},"product_brand":[],"product_cat":[147],"product_tag":[],"class_list":{"0":"post-16816","1":"product","2":"type-product","3":"status-publish","4":"has-post-thumbnail","6":"product_marcas-nimbus-fr","7":"product_cat-model-boat-fr","9":"first","10":"instock","11":"shipping-taxable","12":"product-type-simple"},"acf":[],"_links":{"self":[{"href":"https:\/\/clearwatermarine.eu\/fr\/wp-json\/wp\/v2\/product\/16816","targetHints":{"allow":["GET"]}}],"collection":[{"href":"https:\/\/clearwatermarine.eu\/fr\/wp-json\/wp\/v2\/product"}],"about":[{"href":"https:\/\/clearwatermarine.eu\/fr\/wp-json\/wp\/v2\/types\/product"}],"replies":[{"embeddable":true,"href":"https:\/\/clearwatermarine.eu\/fr\/wp-json\/wp\/v2\/comments?post=16816"}],"wp:featuredmedia":[{"embeddable":true,"href":"https:\/\/clearwatermarine.eu\/fr\/wp-json\/wp\/v2\/media\/10452"}],"wp:attachment":[{"href":"https:\/\/clearwatermarine.eu\/fr\/wp-json\/wp\/v2\/media?parent=16816"}],"wp:term":[{"taxonomy":"product_brand","embeddable":true,"href":"https:\/\/clearwatermarine.eu\/fr\/wp-json\/wp\/v2\/product_brand?post=16816"},{"taxonomy":"product_cat","embeddable":true,"href":"https:\/\/clearwatermarine.eu\/fr\/wp-json\/wp\/v2\/product_cat?post=16816"},{"taxonomy":"product_tag","embeddable":true,"href":"https:\/\/clearwatermarine.eu\/fr\/wp-json\/wp\/v2\/product_tag?post=16816"}],"curies":[{"name":"wp","href":"https:\/\/api.w.org\/{rel}","templated":true}]}}