{"id":16818,"date":"2021-04-28T09:44:17","date_gmt":"2021-04-28T09:44:17","guid":{"rendered":"https:\/\/clearwatermarine.eu\/producto\/nimbus-305-drophead\/"},"modified":"2023-04-20T13:28:01","modified_gmt":"2023-04-20T13:28:01","slug":"nimbus-305-drophead","status":"publish","type":"product","link":"https:\/\/clearwatermarine.eu\/fr\/producto\/nimbus-305-drophead\/","title":{"rendered":"Nimbus 305 Drophead"},"content":{"rendered":"<h1 style=\"text-align: center;\"><strong>The new smart speed day cruiser.<\/strong><\/h1>\n<p align=\"center\"><iframe src=\"https:\/\/player.vimeo.com\/video\/173270405?title=0&amp;byline=0&amp;portrait=0\" width=\"640\" height=\"360\" frameborder=\"0\" allowfullscreen=\"allowfullscreen\" data-mce-fragment=\"1\"><\/iframe><\/p>\n<div class=\"str13_des\">\n<p>Nimbus 305 Drophead &#8211; un nouveau type de bateau de croisi\u00e8re pour les week-ends et les excursions d&rsquo;une journ\u00e9e. Le bateau est construit sur la base du nouveau concept Smart Speed, afin d&rsquo;offrir un maximum de confort \u00e0 tous les passagers, quelle que soit la vitesse. Le design et les fonctions sont optimis\u00e9s pour les activit\u00e9s sociales et les divertissements \u00e0 bord. \u00ab\u00a0Avec le 305 Drophead, nous nous adressons \u00e0 ceux qui recherchent une excursion en bateau merveilleuse et confortable, ax\u00e9e sur la convivialit\u00e9 et o\u00f9 la vitesse n&rsquo;est pas le facteur le plus important\u00a0\u00bb, d\u00e9clare Joacim Gustavsson, responsable du design chez Nimbus.<\/p>\n<p>L&rsquo;id\u00e9e centrale de ce mod\u00e8le est de permettre \u00e0 tous ceux qui sont \u00e0 bord de s&rsquo;amuser et de socialiser pendant le voyage et sous le ciel ouvert\u00a0\u00bb, a d\u00e9clar\u00e9 Joacim Gustavsson. Le 305 Drophead est un day cruiser ouvert, construit sur la m\u00eame plateforme que le 305 Coup\u00e9 prim\u00e9. Cela signifie un design scandinave stylistiquement pur, ax\u00e9 sur la simplicit\u00e9 d&rsquo;utilisation et des solutions intelligentes et fonctionnelles.<br \/>\n&#8211; La simplicit\u00e9 est un mot cl\u00e9 dans notre processus de conception.<\/p>\n<\/div>\n","protected":false},"excerpt":{"rendered":"<p>The new smart speed day cruiser. Nimbus 305 Drophead &#8211; un nouveau type de bateau de croisi\u00e8re pour les week-ends et les excursions d&rsquo;une journ\u00e9e. Le bateau est construit sur la base du nouveau concept Smart Speed, afin d&rsquo;offrir un maximum de confort \u00e0 tous les passagers, quelle que soit la vitesse. Le design et [&#8230;]\n","protected":false},"featured_media":10480,"comment_status":"open","ping_status":"closed","template":"","meta":{"_acf_changed":false},"product_brand":[],"product_cat":[147],"product_tag":[],"class_list":{"0":"post-16818","1":"product","2":"type-product","3":"status-publish","4":"has-post-thumbnail","6":"product_marcas-nimbus-fr","7":"product_cat-model-boat-fr","9":"first","10":"instock","11":"shipping-taxable","12":"product-type-simple"},"acf":[],"_links":{"self":[{"href":"https:\/\/clearwatermarine.eu\/fr\/wp-json\/wp\/v2\/product\/16818","targetHints":{"allow":["GET"]}}],"collection":[{"href":"https:\/\/clearwatermarine.eu\/fr\/wp-json\/wp\/v2\/product"}],"about":[{"href":"https:\/\/clearwatermarine.eu\/fr\/wp-json\/wp\/v2\/types\/product"}],"replies":[{"embeddable":true,"href":"https:\/\/clearwatermarine.eu\/fr\/wp-json\/wp\/v2\/comments?post=16818"}],"wp:featuredmedia":[{"embeddable":true,"href":"https:\/\/clearwatermarine.eu\/fr\/wp-json\/wp\/v2\/media\/10480"}],"wp:attachment":[{"href":"https:\/\/clearwatermarine.eu\/fr\/wp-json\/wp\/v2\/media?parent=16818"}],"wp:term":[{"taxonomy":"product_brand","embeddable":true,"href":"https:\/\/clearwatermarine.eu\/fr\/wp-json\/wp\/v2\/product_brand?post=16818"},{"taxonomy":"product_cat","embeddable":true,"href":"https:\/\/clearwatermarine.eu\/fr\/wp-json\/wp\/v2\/product_cat?post=16818"},{"taxonomy":"product_tag","embeddable":true,"href":"https:\/\/clearwatermarine.eu\/fr\/wp-json\/wp\/v2\/product_tag?post=16818"}],"curies":[{"name":"wp","href":"https:\/\/api.w.org\/{rel}","templated":true}]}}