{"id":16820,"date":"2021-04-26T14:16:39","date_gmt":"2021-04-26T14:16:39","guid":{"rendered":"https:\/\/clearwatermarine.eu\/producto\/nimbus-365-coupe\/"},"modified":"2023-04-20T13:32:02","modified_gmt":"2023-04-20T13:32:02","slug":"nimbus-365-coupe","status":"publish","type":"product","link":"https:\/\/clearwatermarine.eu\/fr\/producto\/nimbus-365-coupe\/","title":{"rendered":"Nimbus 365 Coup\u00e9"},"content":{"rendered":"<h1 style=\"text-align: center;\"><strong>Pour les s\u00e9jours de longue dur\u00e9e.<\/strong><\/h1>\n<p align=\"center\"><iframe src=\"https:\/\/player.vimeo.com\/video\/195632591?title=0&amp;byline=0&amp;portrait=0\" width=\"640\" height=\"360\" frameborder=\"0\" allowfullscreen=\"allowfullscreen\" data-mce-fragment=\"1\"><\/iframe><\/p>\n<div class=\"str13_des\">\n<p>Le 365 est un bateau prim\u00e9 \u00e0 l&rsquo;\u00e9chelle internationale qui offre des qualit\u00e9s sup\u00e9rieures, o\u00f9 la convivialit\u00e9 et d&rsquo;autres activit\u00e9s \u00e0 bord ont \u00e9t\u00e9 combin\u00e9es avec d&rsquo;excellentes caract\u00e9ristiques de croisi\u00e8re longue. Le 365 a \u00e9t\u00e9 con\u00e7u pour les plaisanciers conscients qui appr\u00e9cient la simplicit\u00e9, le confort et la s\u00e9curit\u00e9, mais aussi pour les familles qui veulent profiter d&rsquo;un week-end de croisi\u00e8re parfait.<\/p>\n<p>Nous aimerions penser que vous pouvez dire que vous sentez instinctivement que ce n&rsquo;est pas seulement notre passion pour le nautisme ou la qualit\u00e9 de l&rsquo;artisanat qui distingue Nimbus. C&rsquo;est le r\u00e9sultat de plusieurs g\u00e9n\u00e9rations d&rsquo;exp\u00e9rience, renforc\u00e9es par la technologie moderne.<\/p>\n<p>\u00ab\u00a0Avec nos nouveaux mod\u00e8les Coup\u00e9, nous touchons un public cible enti\u00e8rement nouveau et g\u00e9n\u00e9ralement plus jeune, qui privil\u00e9gie la simplicit\u00e9, la qualit\u00e9 et la convivialit\u00e9. Ce processus a commenc\u00e9 avec l&rsquo;introduction du concept de marche lat\u00e9rale du 365 Coup\u00e9, qui a remport\u00e9 le titre de Bateau \u00e0 moteur europ\u00e9en de l&rsquo;ann\u00e9e 2012. Depuis lors, tous les nouveaux mod\u00e8les Coup\u00e9 \u00e0 marche lat\u00e9rale ont \u00e9t\u00e9 nomin\u00e9s ou ont remport\u00e9 des prix. Nous sommes positifs quant \u00e0 l&rsquo;avenir et nous nous sentons en s\u00e9curit\u00e9 en sachant que nous avons une s\u00e9rie de mod\u00e8les vraiment g\u00e9niaux dot\u00e9s des fonctionnalit\u00e9s que nous savons que les clients veulent\u00a0\u00bb, d\u00e9clare Jonas G\u00f6thberg, directeur du marketing chez Nimbus.<\/p>\n<\/div>\n","protected":false},"excerpt":{"rendered":"<p>Pour les s\u00e9jours de longue dur\u00e9e. Le 365 est un bateau prim\u00e9 \u00e0 l&rsquo;\u00e9chelle internationale qui offre des qualit\u00e9s sup\u00e9rieures, o\u00f9 la convivialit\u00e9 et d&rsquo;autres activit\u00e9s \u00e0 bord ont \u00e9t\u00e9 combin\u00e9es avec d&rsquo;excellentes caract\u00e9ristiques de croisi\u00e8re longue. Le 365 a \u00e9t\u00e9 con\u00e7u pour les plaisanciers conscients qui appr\u00e9cient la simplicit\u00e9, le confort et la s\u00e9curit\u00e9, [&#8230;]\n","protected":false},"featured_media":10438,"comment_status":"open","ping_status":"closed","template":"","meta":{"_acf_changed":false},"product_brand":[],"product_cat":[147],"product_tag":[],"class_list":{"0":"post-16820","1":"product","2":"type-product","3":"status-publish","4":"has-post-thumbnail","6":"product_marcas-nimbus-fr","7":"product_cat-model-boat-fr","9":"first","10":"instock","11":"shipping-taxable","12":"product-type-simple"},"acf":[],"_links":{"self":[{"href":"https:\/\/clearwatermarine.eu\/fr\/wp-json\/wp\/v2\/product\/16820","targetHints":{"allow":["GET"]}}],"collection":[{"href":"https:\/\/clearwatermarine.eu\/fr\/wp-json\/wp\/v2\/product"}],"about":[{"href":"https:\/\/clearwatermarine.eu\/fr\/wp-json\/wp\/v2\/types\/product"}],"replies":[{"embeddable":true,"href":"https:\/\/clearwatermarine.eu\/fr\/wp-json\/wp\/v2\/comments?post=16820"}],"wp:featuredmedia":[{"embeddable":true,"href":"https:\/\/clearwatermarine.eu\/fr\/wp-json\/wp\/v2\/media\/10438"}],"wp:attachment":[{"href":"https:\/\/clearwatermarine.eu\/fr\/wp-json\/wp\/v2\/media?parent=16820"}],"wp:term":[{"taxonomy":"product_brand","embeddable":true,"href":"https:\/\/clearwatermarine.eu\/fr\/wp-json\/wp\/v2\/product_brand?post=16820"},{"taxonomy":"product_cat","embeddable":true,"href":"https:\/\/clearwatermarine.eu\/fr\/wp-json\/wp\/v2\/product_cat?post=16820"},{"taxonomy":"product_tag","embeddable":true,"href":"https:\/\/clearwatermarine.eu\/fr\/wp-json\/wp\/v2\/product_tag?post=16820"}],"curies":[{"name":"wp","href":"https:\/\/api.w.org\/{rel}","templated":true}]}}