{"id":16822,"date":"2021-04-26T14:09:11","date_gmt":"2021-04-26T14:09:11","guid":{"rendered":"https:\/\/clearwatermarine.eu\/producto\/nimbus-405-coupe\/"},"modified":"2023-04-20T13:38:56","modified_gmt":"2023-04-20T13:38:56","slug":"nimbus-405-coupe","status":"publish","type":"product","link":"https:\/\/clearwatermarine.eu\/fr\/producto\/nimbus-405-coupe\/","title":{"rendered":"Nimbus 405 Coup\u00e9"},"content":{"rendered":"<h1 style=\"text-align: center;\">Une croisi\u00e8re parfaite.<\/h1>\n<p align=\"center\"><iframe src=\"https:\/\/player.vimeo.com\/video\/84374323?title=0&amp;byline=0&amp;portrait=0\" width=\"640\" height=\"360\" frameborder=\"0\" allowfullscreen=\"allowfullscreen\" data-mce-fragment=\"1\"><\/iframe><\/p>\n<div class=\"str13_des\">\n<p>Le Nimbus 405 Coup\u00e9, construit en Su\u00e8de, est le plus grand bateau de la s\u00e9rie Nimbus Coup\u00e9, qui comprend le 305 Coup\u00e9 et le 365 Coup\u00e9. Le 405 Coup\u00e9 est construit selon le m\u00eame concept de \u00ab\u00a0trottoir\u00a0\u00bb que le 365 Coup\u00e9 prim\u00e9 et \u00e9lu \u00ab\u00a0Bateau \u00e0 moteur europ\u00e9en de l&rsquo;ann\u00e9e 2012\u00a0\u00bb. \u00ab\u00a0Nous nous concentrons sur le client conscient avec une exp\u00e9rience de la mer qui exige une grande part de confort et de s\u00e9curit\u00e9. Ce qui est int\u00e9ressant avec notre concept de coup\u00e9, c&rsquo;est qu&rsquo;il a une qualit\u00e9 \u00ab\u00a0all round\u00a0\u00bb, o\u00f9 la socialisation et d&rsquo;autres activit\u00e9s \u00e0 bord peuvent \u00eatre combin\u00e9es avec d&rsquo;excellentes caract\u00e9ristiques de croisi\u00e8re \u00e0 long terme. Nos coup\u00e9s, en particulier, nous ont permis de toucher des clients nouveaux et plus jeunes \u00e0 l&rsquo;\u00e9chelle internationale. Il est devenu \u00e9vident que nos coup\u00e9s ne sont pas seulement destin\u00e9s \u00e0 la g\u00e9n\u00e9ration plus \u00e2g\u00e9e qui privil\u00e9gie la fonctionnalit\u00e9 et le confort, mais aussi aux familles et aux jeunes qui veulent \u00e0 la fois s&rsquo;amuser et voyager en toute s\u00e9curit\u00e9\u00a0\u00bb, a d\u00e9clar\u00e9 Jonas G\u00f6thberg, directeur du marketing.<\/p>\n<p>\u00c0 propos de Sidewalk Design : Le \u00ab\u00a0Sidewalk\u00a0\u00bb est un plan de pont asym\u00e9trique o\u00f9 le pont lat\u00e9ral \u00e0 tribord est tr\u00e8s large et offre une grande libert\u00e9 de mouvement. Il devient pratique et agr\u00e9able de se d\u00e9placer \u00e0 bord de la proue \u00e0 la poupe, et facile de monter et descendre du bateau sur tout le c\u00f4t\u00e9 tribord.<\/p>\n<\/div>\n","protected":false},"excerpt":{"rendered":"<p>Une croisi\u00e8re parfaite. Le Nimbus 405 Coup\u00e9, construit en Su\u00e8de, est le plus grand bateau de la s\u00e9rie Nimbus Coup\u00e9, qui comprend le 305 Coup\u00e9 et le 365 Coup\u00e9. Le 405 Coup\u00e9 est construit selon le m\u00eame concept de \u00ab\u00a0trottoir\u00a0\u00bb que le 365 Coup\u00e9 prim\u00e9 et \u00e9lu \u00ab\u00a0Bateau \u00e0 moteur europ\u00e9en de l&rsquo;ann\u00e9e 2012\u00a0\u00bb. \u00ab\u00a0Nous [&#8230;]\n","protected":false},"featured_media":10402,"comment_status":"open","ping_status":"closed","template":"","meta":{"_acf_changed":false},"product_brand":[],"product_cat":[147],"product_tag":[],"class_list":{"0":"post-16822","1":"product","2":"type-product","3":"status-publish","4":"has-post-thumbnail","6":"product_marcas-nimbus-fr","7":"product_cat-model-boat-fr","9":"first","10":"instock","11":"shipping-taxable","12":"product-type-simple"},"acf":[],"_links":{"self":[{"href":"https:\/\/clearwatermarine.eu\/fr\/wp-json\/wp\/v2\/product\/16822","targetHints":{"allow":["GET"]}}],"collection":[{"href":"https:\/\/clearwatermarine.eu\/fr\/wp-json\/wp\/v2\/product"}],"about":[{"href":"https:\/\/clearwatermarine.eu\/fr\/wp-json\/wp\/v2\/types\/product"}],"replies":[{"embeddable":true,"href":"https:\/\/clearwatermarine.eu\/fr\/wp-json\/wp\/v2\/comments?post=16822"}],"wp:featuredmedia":[{"embeddable":true,"href":"https:\/\/clearwatermarine.eu\/fr\/wp-json\/wp\/v2\/media\/10402"}],"wp:attachment":[{"href":"https:\/\/clearwatermarine.eu\/fr\/wp-json\/wp\/v2\/media?parent=16822"}],"wp:term":[{"taxonomy":"product_brand","embeddable":true,"href":"https:\/\/clearwatermarine.eu\/fr\/wp-json\/wp\/v2\/product_brand?post=16822"},{"taxonomy":"product_cat","embeddable":true,"href":"https:\/\/clearwatermarine.eu\/fr\/wp-json\/wp\/v2\/product_cat?post=16822"},{"taxonomy":"product_tag","embeddable":true,"href":"https:\/\/clearwatermarine.eu\/fr\/wp-json\/wp\/v2\/product_tag?post=16822"}],"curies":[{"name":"wp","href":"https:\/\/api.w.org\/{rel}","templated":true}]}}