{"id":16824,"date":"2021-04-26T14:00:26","date_gmt":"2021-04-26T14:00:26","guid":{"rendered":"https:\/\/clearwatermarine.eu\/producto\/nimbus-405-flybridge\/"},"modified":"2023-04-20T13:41:19","modified_gmt":"2023-04-20T13:41:19","slug":"nimbus-405-flybridge","status":"publish","type":"product","link":"https:\/\/clearwatermarine.eu\/fr\/producto\/nimbus-405-flybridge\/","title":{"rendered":"Nimbus 405 Flybridge"},"content":{"rendered":"<h1 style=\"text-align: center;\">Excellentes propri\u00e9t\u00e9s de croisi\u00e8re au long cours<\/h1>\n<p align=\"center\"><iframe src=\"https:\/\/player.vimeo.com\/video\/144288829?title=0&amp;byline=0&amp;portrait=0\" width=\"640\" height=\"360\" frameborder=\"0\" allowfullscreen=\"allowfullscreen\" data-mce-fragment=\"1\"><\/iframe><\/p>\n<div class=\"str13_des\">\n<p>Le 405 Flybridge est un Nimbus construit pour des plaisanciers avertis qui appr\u00e9cient les activit\u00e9s sociales, les espaces de vie confortables, la facilit\u00e9 de man\u0153uvre et d&rsquo;excellentes propri\u00e9t\u00e9s de croisi\u00e8re au long cours.<\/p>\n<p>\u00ab\u00a0Nous avons consacr\u00e9 un travail extraordinaire \u00e0 l&rsquo;agencement et \u00e0 la conception afin de garantir un flybridge optimal. Non seulement pour cr\u00e9er un beau bateau, mais aussi pour offrir des espaces sociaux multifonctionnels avec la bonne ambiance.\u00a0\u00bb &#8211; Joacim Gustafsson, designer en chef chez Nimbus<\/p>\n<p>Le toit a des lignes l\u00e9g\u00e8res et \u00e9lanc\u00e9es et incorpore le m\u00e2t pliant caract\u00e9ristique. Un grand puits de lumi\u00e8re fixe rend le salon tr\u00e8s clair et a\u00e9r\u00e9 malgr\u00e9 la superstructure. Le flybridge comprend un wet bar, avec \u00e9vier, grill et r\u00e9frig\u00e9rateur, un bain de soleil, un grand canap\u00e9 et un si\u00e8ge de barreur double. Le si\u00e8ge double peut \u00eatre tourn\u00e9 \u00e0 180 degr\u00e9s et former ainsi un groupe de si\u00e8ges sociaux spacieux avec le canap\u00e9. Si n\u00e9cessaire, le canap\u00e9 peut \u00eatre facilement converti en un lit de soleil suppl\u00e9mentaire. Toutes les fonctions du flybridge ont \u00e9t\u00e9 con\u00e7ues pour permettre au bateau de passer sous les ponts apr\u00e8s quelques ajustements simples. Et gr\u00e2ce au plan de pont \u00ab\u00a0trottoir\u00a0\u00bb, l&rsquo;espace de marche est maximis\u00e9 sur le c\u00f4t\u00e9 tribord, ce qui facilite la mont\u00e9e et la descente du bateau et permet de passer du temps sur le pont, tout en laissant un espace g\u00e9n\u00e9reux dans le cockpit et la cabine.<\/p>\n<\/div>\n","protected":false},"excerpt":{"rendered":"<p>Excellentes propri\u00e9t\u00e9s de croisi\u00e8re au long cours Le 405 Flybridge est un Nimbus construit pour des plaisanciers avertis qui appr\u00e9cient les activit\u00e9s sociales, les espaces de vie confortables, la facilit\u00e9 de man\u0153uvre et d&rsquo;excellentes propri\u00e9t\u00e9s de croisi\u00e8re au long cours. \u00ab\u00a0Nous avons consacr\u00e9 un travail extraordinaire \u00e0 l&rsquo;agencement et \u00e0 la conception afin de garantir [&#8230;]\n","protected":false},"featured_media":10408,"comment_status":"open","ping_status":"closed","template":"","meta":{"_acf_changed":false},"product_brand":[],"product_cat":[147],"product_tag":[],"class_list":{"0":"post-16824","1":"product","2":"type-product","3":"status-publish","4":"has-post-thumbnail","6":"product_marcas-nimbus-fr","7":"product_cat-model-boat-fr","9":"first","10":"instock","11":"shipping-taxable","12":"product-type-simple"},"acf":[],"_links":{"self":[{"href":"https:\/\/clearwatermarine.eu\/fr\/wp-json\/wp\/v2\/product\/16824","targetHints":{"allow":["GET"]}}],"collection":[{"href":"https:\/\/clearwatermarine.eu\/fr\/wp-json\/wp\/v2\/product"}],"about":[{"href":"https:\/\/clearwatermarine.eu\/fr\/wp-json\/wp\/v2\/types\/product"}],"replies":[{"embeddable":true,"href":"https:\/\/clearwatermarine.eu\/fr\/wp-json\/wp\/v2\/comments?post=16824"}],"wp:featuredmedia":[{"embeddable":true,"href":"https:\/\/clearwatermarine.eu\/fr\/wp-json\/wp\/v2\/media\/10408"}],"wp:attachment":[{"href":"https:\/\/clearwatermarine.eu\/fr\/wp-json\/wp\/v2\/media?parent=16824"}],"wp:term":[{"taxonomy":"product_brand","embeddable":true,"href":"https:\/\/clearwatermarine.eu\/fr\/wp-json\/wp\/v2\/product_brand?post=16824"},{"taxonomy":"product_cat","embeddable":true,"href":"https:\/\/clearwatermarine.eu\/fr\/wp-json\/wp\/v2\/product_cat?post=16824"},{"taxonomy":"product_tag","embeddable":true,"href":"https:\/\/clearwatermarine.eu\/fr\/wp-json\/wp\/v2\/product_tag?post=16824"}],"curies":[{"name":"wp","href":"https:\/\/api.w.org\/{rel}","templated":true}]}}