{"id":16828,"date":"2021-04-28T10:05:35","date_gmt":"2021-04-28T10:05:35","guid":{"rendered":"https:\/\/clearwatermarine.eu\/producto\/nimbus-c11\/"},"modified":"2023-04-20T13:48:08","modified_gmt":"2023-04-20T13:48:08","slug":"nimbus-c11","status":"publish","type":"product","link":"https:\/\/clearwatermarine.eu\/fr\/producto\/nimbus-c11\/","title":{"rendered":"Nimbus C11"},"content":{"rendered":"<h3 style=\"text-align: center;\">COMMUTER DE NOUVELLE G\u00c9N\u00c9RATION<\/h3>\n<p>Le C11 est un Commuter rapide et spacieux, con\u00e7u pour le transport sur de longues distances avec un grand confort. Ce qui distingue le C11 des Commuters traditionnels, c&rsquo;est qu&rsquo;il peut facilement changer ses caract\u00e9ristiques de \u00ab\u00a0ferm\u00e9\u00a0\u00bb \u00e0 \u00ab\u00a0ouvert\u00a0\u00bb pour mieux s&rsquo;adapter aux activit\u00e9s quotidiennes ou en tant que bateau de vacances pour la famille.<\/p>\n<p>Le C11 offre la m\u00eame maniabilit\u00e9 et la m\u00eame navigabilit\u00e9 que le T11. Sa vitesse est comprise entre 20 et 40 n\u0153uds et il peut facilement parcourir de longues distances \u00e0 grande vitesse tout en conservant son confort. L&rsquo;autonomie est d&rsquo;environ 225 milles nautiques avec un moteur hors-bord et d&rsquo;environ 300 milles nautiques avec un moteur in-board (* donn\u00e9es pr\u00e9liminaires).<\/p>\n<p>Le C11 est con\u00e7u pour transporter facilement jusqu&rsquo;\u00e0 9 personnes de mani\u00e8re rapide, prot\u00e9g\u00e9e et confortable tout au long de l&rsquo;ann\u00e9e, quelles que soient les conditions m\u00e9t\u00e9orologiques. Ce qui est remarquable, c&rsquo;est la flexibilit\u00e9 du bateau qui lui permet d&rsquo;\u00eatre utilis\u00e9 dans de nombreuses situations.<\/p>\n<p>De larges passages pour une plus grande libert\u00e9 de mouvement. Comme son fr\u00e8re T11, le C11 dispose de nombreux espaces sociaux sur le pont, d&rsquo;un large walk-around avec un espace de pont tr\u00e8s g\u00e9n\u00e9reux et de larges passages qui offrent une grande libert\u00e9 de mouvement \u00e0 bord. Les larges portes coulissantes permettent \u00e0 deux personnes de se croiser facilement dans l&#8217;embrasure des portes sans \u00eatre encombr\u00e9es. Le C11 est facile et pratique \u00e0 embarquer ou d\u00e9barquer et est facile \u00e0 charger ou d\u00e9charger.<\/p>\n<p>&nbsp;<\/p>\n<p><a href=\"https:\/\/indd.adobe.com\/view\/8103a116-0309-4ac6-bd0b-ab28f272fe9f\">BROCHURE NIMBUS C11<\/a><\/p>\n","protected":false},"excerpt":{"rendered":"<p>COMMUTER DE NOUVELLE G\u00c9N\u00c9RATION Le C11 est un Commuter rapide et spacieux, con\u00e7u pour le transport sur de longues distances avec un grand confort. Ce qui distingue le C11 des Commuters traditionnels, c&rsquo;est qu&rsquo;il peut facilement changer ses caract\u00e9ristiques de \u00ab\u00a0ferm\u00e9\u00a0\u00bb \u00e0 \u00ab\u00a0ouvert\u00a0\u00bb pour mieux s&rsquo;adapter aux activit\u00e9s quotidiennes ou en tant que bateau de [&#8230;]\n","protected":false},"featured_media":10520,"comment_status":"open","ping_status":"closed","template":"","meta":{"_acf_changed":false},"product_brand":[],"product_cat":[147],"product_tag":[],"class_list":{"0":"post-16828","1":"product","2":"type-product","3":"status-publish","4":"has-post-thumbnail","6":"product_marcas-nimbus-fr","7":"product_cat-model-boat-fr","9":"first","10":"instock","11":"shipping-taxable","12":"product-type-simple"},"acf":[],"_links":{"self":[{"href":"https:\/\/clearwatermarine.eu\/fr\/wp-json\/wp\/v2\/product\/16828","targetHints":{"allow":["GET"]}}],"collection":[{"href":"https:\/\/clearwatermarine.eu\/fr\/wp-json\/wp\/v2\/product"}],"about":[{"href":"https:\/\/clearwatermarine.eu\/fr\/wp-json\/wp\/v2\/types\/product"}],"replies":[{"embeddable":true,"href":"https:\/\/clearwatermarine.eu\/fr\/wp-json\/wp\/v2\/comments?post=16828"}],"wp:featuredmedia":[{"embeddable":true,"href":"https:\/\/clearwatermarine.eu\/fr\/wp-json\/wp\/v2\/media\/10520"}],"wp:attachment":[{"href":"https:\/\/clearwatermarine.eu\/fr\/wp-json\/wp\/v2\/media?parent=16828"}],"wp:term":[{"taxonomy":"product_brand","embeddable":true,"href":"https:\/\/clearwatermarine.eu\/fr\/wp-json\/wp\/v2\/product_brand?post=16828"},{"taxonomy":"product_cat","embeddable":true,"href":"https:\/\/clearwatermarine.eu\/fr\/wp-json\/wp\/v2\/product_cat?post=16828"},{"taxonomy":"product_tag","embeddable":true,"href":"https:\/\/clearwatermarine.eu\/fr\/wp-json\/wp\/v2\/product_tag?post=16828"}],"curies":[{"name":"wp","href":"https:\/\/api.w.org\/{rel}","templated":true}]}}