{"id":16830,"date":"2021-04-28T09:49:33","date_gmt":"2021-04-28T09:49:33","guid":{"rendered":"https:\/\/clearwatermarine.eu\/producto\/nimbus-c9\/"},"modified":"2023-04-20T13:50:28","modified_gmt":"2023-04-20T13:50:28","slug":"nimbus-c9","status":"publish","type":"product","link":"https:\/\/clearwatermarine.eu\/fr\/producto\/nimbus-c9\/","title":{"rendered":"Nimbus C9"},"content":{"rendered":"<h1 style=\"text-align: center;\">Un moyen de transport rapide tout au long de l&rsquo;ann\u00e9e.<\/h1>\n<p align=\"center\"><iframe src=\"https:\/\/player.vimeo.com\/video\/307041318\" width=\"640\" height=\"360\" frameborder=\"0\" allowfullscreen=\"allowfullscreen\" data-mce-fragment=\"1\"><\/iframe><\/p>\n<div class=\"str13_des\">\n<p>Le C9 est le troisi\u00e8me de la nouvelle s\u00e9rie Nimbus de neuf m\u00e8tres, apr\u00e8s les derniers mod\u00e8les W9 et T9. Le C9 est un bateau de navette rapide, construit pour r\u00e9pondre aux besoins des navetteurs tout au long de l&rsquo;ann\u00e9e, des excursionnistes actifs ou de ceux qui planifient des voyages plus longs et plus \u00e9chelonn\u00e9s avec des nuit\u00e9es.<\/p>\n<p>Le Nimbus C9 est un bateau pour les connaisseurs du design scandinave contemporain, ceux qui appr\u00e9cient les solutions bien pens\u00e9es et les fonctionnalit\u00e9s intelligentes. Le cockpit spacieux offre une lumi\u00e8re naturelle splendide, avec un grand toit vitr\u00e9 coulissant et un poste de pilotage moderne et confortable.<\/p>\n<p>\u00ab\u00a0Le C9 est un bateau de banlieue contemporain con\u00e7u pour rendre la vie quotidienne \u00e0 bord aussi simple et confortable que possible, que l&rsquo;on voyage seul ou avec des passagers. Nous avons privil\u00e9gi\u00e9 la libert\u00e9 de mouvement au volume int\u00e9rieur afin de faciliter au maximum l&#8217;embarquement, la circulation dans le navire et le d\u00e9barquement. Comme point de d\u00e9part du processus de conception, nous avons cherch\u00e9 l&rsquo;inspiration et l&rsquo;ADN de notre Max II Coup\u00e9 et de la s\u00e9rie Paragon\u00a0\u00bb, explique Joacim Gustavsson, designer en chef chez Nimbus Boats Sweden AB.<\/p>\n<\/div>\n","protected":false},"excerpt":{"rendered":"<p>Un moyen de transport rapide tout au long de l&rsquo;ann\u00e9e. Le C9 est le troisi\u00e8me de la nouvelle s\u00e9rie Nimbus de neuf m\u00e8tres, apr\u00e8s les derniers mod\u00e8les W9 et T9. Le C9 est un bateau de navette rapide, construit pour r\u00e9pondre aux besoins des navetteurs tout au long de l&rsquo;ann\u00e9e, des excursionnistes actifs ou de [&#8230;]\n","protected":false},"featured_media":10498,"comment_status":"open","ping_status":"closed","template":"","meta":{"_acf_changed":false},"product_brand":[],"product_cat":[147],"product_tag":[],"class_list":{"0":"post-16830","1":"product","2":"type-product","3":"status-publish","4":"has-post-thumbnail","6":"product_marcas-nimbus-fr","7":"product_cat-model-boat-fr","9":"first","10":"instock","11":"shipping-taxable","12":"product-type-simple"},"acf":[],"_links":{"self":[{"href":"https:\/\/clearwatermarine.eu\/fr\/wp-json\/wp\/v2\/product\/16830","targetHints":{"allow":["GET"]}}],"collection":[{"href":"https:\/\/clearwatermarine.eu\/fr\/wp-json\/wp\/v2\/product"}],"about":[{"href":"https:\/\/clearwatermarine.eu\/fr\/wp-json\/wp\/v2\/types\/product"}],"replies":[{"embeddable":true,"href":"https:\/\/clearwatermarine.eu\/fr\/wp-json\/wp\/v2\/comments?post=16830"}],"wp:featuredmedia":[{"embeddable":true,"href":"https:\/\/clearwatermarine.eu\/fr\/wp-json\/wp\/v2\/media\/10498"}],"wp:attachment":[{"href":"https:\/\/clearwatermarine.eu\/fr\/wp-json\/wp\/v2\/media?parent=16830"}],"wp:term":[{"taxonomy":"product_brand","embeddable":true,"href":"https:\/\/clearwatermarine.eu\/fr\/wp-json\/wp\/v2\/product_brand?post=16830"},{"taxonomy":"product_cat","embeddable":true,"href":"https:\/\/clearwatermarine.eu\/fr\/wp-json\/wp\/v2\/product_cat?post=16830"},{"taxonomy":"product_tag","embeddable":true,"href":"https:\/\/clearwatermarine.eu\/fr\/wp-json\/wp\/v2\/product_tag?post=16830"}],"curies":[{"name":"wp","href":"https:\/\/api.w.org\/{rel}","templated":true}]}}