{"id":16832,"date":"2021-04-26T10:37:42","date_gmt":"2021-04-26T10:37:42","guid":{"rendered":"https:\/\/clearwatermarine.eu\/producto\/nimbus-t11\/"},"modified":"2023-04-20T13:53:07","modified_gmt":"2023-04-20T13:53:07","slug":"nimbus-t11","status":"publish","type":"product","link":"https:\/\/clearwatermarine.eu\/fr\/producto\/nimbus-t11\/","title":{"rendered":"Nimbus T11"},"content":{"rendered":"<p>Le Nimbus T11 est un bateau de promenade de 12,4 m qui offre beaucoup d&rsquo;espace \u00e0 12 personnes pour socialiser, participer \u00e0 toutes sortes d&rsquo;activit\u00e9s, se d\u00e9tendre, d\u00eener et se divertir. Lors de la conception de l&rsquo;am\u00e9nagement, Nimbus a voulu offrir de grands espaces de socialisation flexibles, beaucoup d&rsquo;espace pour se d\u00e9placer, une bonne protection contre le soleil qui couvre une bonne partie du bateau et plusieurs endroits pour s&rsquo;allonger et prendre un bain de soleil ou s&rsquo;asseoir. Il y a beaucoup d&rsquo;espace de r\u00e9frig\u00e9ration pour stocker la nourriture et les boissons, une v\u00e9ritable cuisine ext\u00e9rieure avec barbecue (en option), une grande plate-forme de baignade avec de la place pour plusieurs personnes pour profiter d&rsquo;une baignade en m\u00eame temps et enfin un espace de rangement extra-large mais facilement accessible pour le mat\u00e9riel et les jouets. L&rsquo;int\u00e9rieur offre deux cabines avec des couchettes doubles confortables et une salle d&rsquo;eau s\u00e9par\u00e9e avec toilettes et douche.<\/p>\n<p>L&rsquo;exp\u00e9rience de la navigation : \u00ab\u00a0Lors du processus de conception et de d\u00e9veloppement, nous avons d\u00e9lib\u00e9r\u00e9ment mis l&rsquo;accent sur la \u00ab\u00a0simplicit\u00e9\u00a0\u00bb et la \u00ab\u00a0vie facile\u00a0\u00bb pour tous \u00e0 bord. Cela inclut la possibilit\u00e9 de monter \u00e0 bord ou de quitter le bateau facilement et commod\u00e9ment, de charger, de voyager, de rester \u00e0 bord et d&rsquo;\u00eatre propri\u00e9taire du bateau. Tout ce qui concerne votre Nimbus doit \u00eatre naturel et facile, quelle que soit l&rsquo;activit\u00e9. Lorsque les choses sont faciles, nous nous sentons tout simplement plus d\u00e9tendus et nous pouvons nous concentrer sur l&rsquo;exp\u00e9rience de la navigation\u00a0\u00bb &#8211; Mats Jacobsson &#8211; Directeur technique de Nimbus.<\/p>\n","protected":false},"excerpt":{"rendered":"<p>Le Nimbus T11 est un bateau de promenade de 12,4 m qui offre beaucoup d&rsquo;espace \u00e0 12 personnes pour socialiser, participer \u00e0 toutes sortes d&rsquo;activit\u00e9s, se d\u00e9tendre, d\u00eener et se divertir. Lors de la conception de l&rsquo;am\u00e9nagement, Nimbus a voulu offrir de grands espaces de socialisation flexibles, beaucoup d&rsquo;espace pour se d\u00e9placer, une bonne protection [&#8230;]\n","protected":false},"featured_media":10328,"comment_status":"open","ping_status":"closed","template":"","meta":{"_acf_changed":false},"product_brand":[],"product_cat":[147],"product_tag":[],"class_list":{"0":"post-16832","1":"product","2":"type-product","3":"status-publish","4":"has-post-thumbnail","6":"product_marcas-nimbus-fr","7":"product_cat-model-boat-fr","9":"first","10":"instock","11":"shipping-taxable","12":"product-type-simple"},"acf":[],"_links":{"self":[{"href":"https:\/\/clearwatermarine.eu\/fr\/wp-json\/wp\/v2\/product\/16832","targetHints":{"allow":["GET"]}}],"collection":[{"href":"https:\/\/clearwatermarine.eu\/fr\/wp-json\/wp\/v2\/product"}],"about":[{"href":"https:\/\/clearwatermarine.eu\/fr\/wp-json\/wp\/v2\/types\/product"}],"replies":[{"embeddable":true,"href":"https:\/\/clearwatermarine.eu\/fr\/wp-json\/wp\/v2\/comments?post=16832"}],"wp:featuredmedia":[{"embeddable":true,"href":"https:\/\/clearwatermarine.eu\/fr\/wp-json\/wp\/v2\/media\/10328"}],"wp:attachment":[{"href":"https:\/\/clearwatermarine.eu\/fr\/wp-json\/wp\/v2\/media?parent=16832"}],"wp:term":[{"taxonomy":"product_brand","embeddable":true,"href":"https:\/\/clearwatermarine.eu\/fr\/wp-json\/wp\/v2\/product_brand?post=16832"},{"taxonomy":"product_cat","embeddable":true,"href":"https:\/\/clearwatermarine.eu\/fr\/wp-json\/wp\/v2\/product_cat?post=16832"},{"taxonomy":"product_tag","embeddable":true,"href":"https:\/\/clearwatermarine.eu\/fr\/wp-json\/wp\/v2\/product_tag?post=16832"}],"curies":[{"name":"wp","href":"https:\/\/api.w.org\/{rel}","templated":true}]}}