{"id":16834,"date":"2021-04-21T08:30:30","date_gmt":"2021-04-21T08:30:30","guid":{"rendered":"https:\/\/clearwatermarine.eu\/producto\/nimbus-t8\/"},"modified":"2023-04-20T13:56:04","modified_gmt":"2023-04-20T13:56:04","slug":"nimbus-t8","status":"publish","type":"product","link":"https:\/\/clearwatermarine.eu\/fr\/producto\/nimbus-t8\/","title":{"rendered":"Nimbus T8"},"content":{"rendered":"<h4 style=\"text-align: center;\"><strong>VAINQUEUR DANS LA CAT\u00c9GORIE \u00ab\u00a0BATEAUX DE SPORT\u00a0\u00bb AUX 2021 MOTOR BOAT &amp; YACHTING AWARDS<\/strong><\/h4>\n<p>Le T8 est un day boat multifonctionnel, bien \u00e9quip\u00e9 et rapide pour ceux qui appr\u00e9cient le design scandinave authentique et appr\u00e9cient les solutions bien pens\u00e9es et le confort. Destin\u00e9 \u00e0 la croisi\u00e8re \u00e0 la journ\u00e9e, aux sports nautiques et au simple plaisir sur l&rsquo;eau, le T-8 dispose d&rsquo;un cockpit spacieux et bien r\u00e9parti et d&rsquo;un h\u00e9bergement confortable pour deux personnes.<\/p>\n<p>Il est dot\u00e9 d&rsquo;une nouvelle coque \u00e0 redans lubrifi\u00e9e \u00e0 l&rsquo;air, avec d&rsquo;excellentes qualit\u00e9s de tenue de mer et un faible seuil de planification. Le T8 a une vitesse de croisi\u00e8re comprise entre 20 et 35 n\u0153uds, avec une vitesse maximale sup\u00e9rieure \u00e0 40 n\u0153uds. Le T8 offre des performances stables, s\u00fbres et silencieuses, ce qui facilite l&rsquo;utilisation du bateau \u00e0 des vitesses \u00e9lev\u00e9es, m\u00eame dans des conditions m\u00e9t\u00e9orologiques d\u00e9favorables. La qualit\u00e9 de la construction, l&rsquo;excellente tenue de mer et la maniabilit\u00e9, combin\u00e9es \u00e0 des ressources de vitesse sup\u00e9rieures, invitent \u00e0 un style de conduite plus actif, tout en se sentant en s\u00e9curit\u00e9, m\u00eame lorsque le T8 est mis \u00e0 rude \u00e9preuve.<\/p>\n<p>Une nouvelle caract\u00e9ristique du T8 est qu&rsquo;il peut \u00eatre \u00e9quip\u00e9 d&rsquo;un robuste T-top avec un toit en Lexan qui offre une protection contre le soleil sans nuire \u00e0 la sensation d&rsquo;ouverture que l&rsquo;on attend d&rsquo;un bateau de jour. La combinaison du T-top et du grand auvent, qui couvre l&rsquo;ensemble du pont arri\u00e8re, permet \u00e0 5 personnes de s&rsquo;asseoir confortablement dans un cadre lumineux et spacieux tout en \u00e9tant \u00e0 l&rsquo;abri.<\/p>\n<p>Les si\u00e8ges r\u00e9versibles du conducteur et la table escamotable permettent de cr\u00e9er une salle \u00e0 manger pour cinq personnes en trois mouvements. Le canap\u00e9 arri\u00e8re peut accueillir 6 personnes, 3 face \u00e0 la poupe du bateau et 3 face \u00e0 la proue. Le dossier du canap\u00e9 arri\u00e8re peut \u00eatre r\u00e9gl\u00e9 sur trois positions diff\u00e9rentes (angles) en fonction de l&rsquo;utilisation du canap\u00e9 \u00e0 ce moment-l\u00e0 &#8211; si\u00e8ge pendant un voyage (position verticale), canap\u00e9 de salon arri\u00e8re (angle) ou transat complet (rabattu). Sous le canap\u00e9 arri\u00e8re se trouve un r\u00e9frig\u00e9rateur escamotable et un espace d&rsquo;\u00e9quipement facilement accessible. Sur le pont arri\u00e8re, il y a \u00e9galement une sortie de douche et deux compartiments de rangement lat\u00e9raux.<\/p>\n","protected":false},"excerpt":{"rendered":"<p>VAINQUEUR DANS LA CAT\u00c9GORIE \u00ab\u00a0BATEAUX DE SPORT\u00a0\u00bb AUX 2021 MOTOR BOAT &amp; YACHTING AWARDS Le T8 est un day boat multifonctionnel, bien \u00e9quip\u00e9 et rapide pour ceux qui appr\u00e9cient le design scandinave authentique et appr\u00e9cient les solutions bien pens\u00e9es et le confort. Destin\u00e9 \u00e0 la croisi\u00e8re \u00e0 la journ\u00e9e, aux sports nautiques et au simple [&#8230;]\n","protected":false},"featured_media":10302,"comment_status":"open","ping_status":"closed","template":"","meta":{"_acf_changed":false},"product_brand":[],"product_cat":[147],"product_tag":[],"class_list":{"0":"post-16834","1":"product","2":"type-product","3":"status-publish","4":"has-post-thumbnail","6":"product_marcas-nimbus-fr","7":"product_cat-model-boat-fr","9":"first","10":"instock","11":"shipping-taxable","12":"product-type-simple"},"acf":[],"_links":{"self":[{"href":"https:\/\/clearwatermarine.eu\/fr\/wp-json\/wp\/v2\/product\/16834","targetHints":{"allow":["GET"]}}],"collection":[{"href":"https:\/\/clearwatermarine.eu\/fr\/wp-json\/wp\/v2\/product"}],"about":[{"href":"https:\/\/clearwatermarine.eu\/fr\/wp-json\/wp\/v2\/types\/product"}],"replies":[{"embeddable":true,"href":"https:\/\/clearwatermarine.eu\/fr\/wp-json\/wp\/v2\/comments?post=16834"}],"wp:featuredmedia":[{"embeddable":true,"href":"https:\/\/clearwatermarine.eu\/fr\/wp-json\/wp\/v2\/media\/10302"}],"wp:attachment":[{"href":"https:\/\/clearwatermarine.eu\/fr\/wp-json\/wp\/v2\/media?parent=16834"}],"wp:term":[{"taxonomy":"product_brand","embeddable":true,"href":"https:\/\/clearwatermarine.eu\/fr\/wp-json\/wp\/v2\/product_brand?post=16834"},{"taxonomy":"product_cat","embeddable":true,"href":"https:\/\/clearwatermarine.eu\/fr\/wp-json\/wp\/v2\/product_cat?post=16834"},{"taxonomy":"product_tag","embeddable":true,"href":"https:\/\/clearwatermarine.eu\/fr\/wp-json\/wp\/v2\/product_tag?post=16834"}],"curies":[{"name":"wp","href":"https:\/\/api.w.org\/{rel}","templated":true}]}}