{"id":16836,"date":"2021-04-21T09:04:08","date_gmt":"2021-04-21T09:04:08","guid":{"rendered":"https:\/\/clearwatermarine.eu\/producto\/nimbus-t9\/"},"modified":"2023-04-20T14:11:11","modified_gmt":"2023-04-20T14:11:11","slug":"nimbus-t9","status":"publish","type":"product","link":"https:\/\/clearwatermarine.eu\/fr\/producto\/nimbus-t9\/","title":{"rendered":"Nimbus T9"},"content":{"rendered":"<h3 style=\"text-align: center;\">UNE COUPE AU-DESSUS.<\/h3>\n<p>Le Nimbus T9 est un day boat de neuf m\u00e8tres qui offre de grandes possibilit\u00e9s d&rsquo;adaptation individuelle et qui est destin\u00e9 \u00e0 tous les types d&rsquo;activit\u00e9s quotidiennes, telles que le transport, les sports nautiques et les loisirs.<\/p>\n<p>Une navigabilit\u00e9 et une vitesse excellentes : \u00ab\u00a0Le renouvellement d&rsquo;une s\u00e9rie qui a connu un tel succ\u00e8s et qui est si fortement associ\u00e9e \u00e0 l&rsquo;ADN et \u00e0 la marque Nimbus n&rsquo;est pas une t\u00e2che facile. Cet h\u00e9ritage a v\u00e9ritablement impr\u00e9gn\u00e9 tous les domaines et toutes les phases, depuis la conception, la construction, la fonctionnalit\u00e9 et l&rsquo;apparence jusqu&rsquo;aux moindres d\u00e9tails. Toutes les personnes impliqu\u00e9es ont travaill\u00e9 dans le but de faire du T9 le meilleur produit possible et donc un digne successeur du Nova\u00a0\u00bb, d\u00e9clare Joacim Gustavsson, Chief Designer chez Nimbus Boats Sweden AB.<\/p>\n","protected":false},"excerpt":{"rendered":"<p>UNE COUPE AU-DESSUS. Le Nimbus T9 est un day boat de neuf m\u00e8tres qui offre de grandes possibilit\u00e9s d&rsquo;adaptation individuelle et qui est destin\u00e9 \u00e0 tous les types d&rsquo;activit\u00e9s quotidiennes, telles que le transport, les sports nautiques et les loisirs. Une navigabilit\u00e9 et une vitesse excellentes : \u00ab\u00a0Le renouvellement d&rsquo;une s\u00e9rie qui a connu un [&#8230;]\n","protected":false},"featured_media":28392,"comment_status":"open","ping_status":"closed","template":"","meta":{"_acf_changed":false},"product_brand":[],"product_cat":[147],"product_tag":[],"class_list":{"0":"post-16836","1":"product","2":"type-product","3":"status-publish","4":"has-post-thumbnail","6":"product_marcas-nimbus-fr","7":"product_cat-model-boat-fr","9":"first","10":"instock","11":"shipping-taxable","12":"product-type-simple"},"acf":[],"_links":{"self":[{"href":"https:\/\/clearwatermarine.eu\/fr\/wp-json\/wp\/v2\/product\/16836","targetHints":{"allow":["GET"]}}],"collection":[{"href":"https:\/\/clearwatermarine.eu\/fr\/wp-json\/wp\/v2\/product"}],"about":[{"href":"https:\/\/clearwatermarine.eu\/fr\/wp-json\/wp\/v2\/types\/product"}],"replies":[{"embeddable":true,"href":"https:\/\/clearwatermarine.eu\/fr\/wp-json\/wp\/v2\/comments?post=16836"}],"wp:featuredmedia":[{"embeddable":true,"href":"https:\/\/clearwatermarine.eu\/fr\/wp-json\/wp\/v2\/media\/28392"}],"wp:attachment":[{"href":"https:\/\/clearwatermarine.eu\/fr\/wp-json\/wp\/v2\/media?parent=16836"}],"wp:term":[{"taxonomy":"product_brand","embeddable":true,"href":"https:\/\/clearwatermarine.eu\/fr\/wp-json\/wp\/v2\/product_brand?post=16836"},{"taxonomy":"product_cat","embeddable":true,"href":"https:\/\/clearwatermarine.eu\/fr\/wp-json\/wp\/v2\/product_cat?post=16836"},{"taxonomy":"product_tag","embeddable":true,"href":"https:\/\/clearwatermarine.eu\/fr\/wp-json\/wp\/v2\/product_tag?post=16836"}],"curies":[{"name":"wp","href":"https:\/\/api.w.org\/{rel}","templated":true}]}}