{"id":16838,"date":"2021-04-26T10:43:06","date_gmt":"2021-04-26T10:43:06","guid":{"rendered":"https:\/\/clearwatermarine.eu\/producto\/nimbus-w9\/"},"modified":"2023-04-20T14:13:40","modified_gmt":"2023-04-20T14:13:40","slug":"nimbus-w9","status":"publish","type":"product","link":"https:\/\/clearwatermarine.eu\/fr\/producto\/nimbus-w9\/","title":{"rendered":"Nimbus W9"},"content":{"rendered":"<h1 style=\"text-align: center;\">Day cruiser pour un style de vie actif.<\/h1>\n<p align=\"center\"><iframe title=\"vimeo-player\" src=\"https:\/\/player.vimeo.com\/video\/307041375\" width=\"640\" height=\"360\" frameborder=\"0\" allowfullscreen=\"allowfullscreen\" data-mce-fragment=\"1\"><\/iframe><\/p>\n<h4 class=\"str13_des\"><strong>Bateau \u00e0 moteur de l&rsquo;ann\u00e9e 2019<\/strong><br \/>\nLe W9 est destin\u00e9 \u00e0 ceux qui recherchent un day cruiser bien \u00e9quip\u00e9, un peu plus rapide, avec un ADN Nimbus \u00e9vident ; un bateau pour ceux qui appr\u00e9cient le design scandinave fonctionnel, la simplicit\u00e9, la s\u00e9curit\u00e9 et l&rsquo;attention port\u00e9e aux d\u00e9tails. \u00ab\u00a0Nous avons soigneusement s\u00e9lectionn\u00e9 certains des points forts de nos bateaux les plus vendus, en affinant soigneusement le design et en d\u00e9veloppant de nouvelles fonctionnalit\u00e9s afin de rendre la vie aussi facile et confortable que possible pour tout le monde \u00e0 bord. Le W9 a h\u00e9rit\u00e9 d&rsquo;une grande partie du langage et des \u00e9l\u00e9ments de conception de nos anciens mod\u00e8les embl\u00e9matiques\u00a0\u00bb, explique Joacim Gustavsson, designer en chef de Nimbus.<\/h4>\n","protected":false},"excerpt":{"rendered":"<p>Day cruiser pour un style de vie actif. Bateau \u00e0 moteur de l&rsquo;ann\u00e9e 2019 Le W9 est destin\u00e9 \u00e0 ceux qui recherchent un day cruiser bien \u00e9quip\u00e9, un peu plus rapide, avec un ADN Nimbus \u00e9vident ; un bateau pour ceux qui appr\u00e9cient le design scandinave fonctionnel, la simplicit\u00e9, la s\u00e9curit\u00e9 et l&rsquo;attention port\u00e9e aux [&#8230;]\n","protected":false},"featured_media":10374,"comment_status":"open","ping_status":"closed","template":"","meta":{"_acf_changed":false},"product_brand":[],"product_cat":[147],"product_tag":[],"class_list":{"0":"post-16838","1":"product","2":"type-product","3":"status-publish","4":"has-post-thumbnail","6":"product_marcas-nimbus-fr","7":"product_cat-model-boat-fr","9":"first","10":"instock","11":"shipping-taxable","12":"product-type-simple"},"acf":[],"_links":{"self":[{"href":"https:\/\/clearwatermarine.eu\/fr\/wp-json\/wp\/v2\/product\/16838","targetHints":{"allow":["GET"]}}],"collection":[{"href":"https:\/\/clearwatermarine.eu\/fr\/wp-json\/wp\/v2\/product"}],"about":[{"href":"https:\/\/clearwatermarine.eu\/fr\/wp-json\/wp\/v2\/types\/product"}],"replies":[{"embeddable":true,"href":"https:\/\/clearwatermarine.eu\/fr\/wp-json\/wp\/v2\/comments?post=16838"}],"wp:featuredmedia":[{"embeddable":true,"href":"https:\/\/clearwatermarine.eu\/fr\/wp-json\/wp\/v2\/media\/10374"}],"wp:attachment":[{"href":"https:\/\/clearwatermarine.eu\/fr\/wp-json\/wp\/v2\/media?parent=16838"}],"wp:term":[{"taxonomy":"product_brand","embeddable":true,"href":"https:\/\/clearwatermarine.eu\/fr\/wp-json\/wp\/v2\/product_brand?post=16838"},{"taxonomy":"product_cat","embeddable":true,"href":"https:\/\/clearwatermarine.eu\/fr\/wp-json\/wp\/v2\/product_cat?post=16838"},{"taxonomy":"product_tag","embeddable":true,"href":"https:\/\/clearwatermarine.eu\/fr\/wp-json\/wp\/v2\/product_tag?post=16838"}],"curies":[{"name":"wp","href":"https:\/\/api.w.org\/{rel}","templated":true}]}}