{"id":16840,"date":"2023-01-30T11:16:28","date_gmt":"2023-01-30T11:16:28","guid":{"rendered":"https:\/\/clearwatermarine.eu\/producto\/nimbus-w11\/"},"modified":"2023-04-20T14:22:36","modified_gmt":"2023-04-20T14:22:36","slug":"nimbus-w11","status":"publish","type":"product","link":"https:\/\/clearwatermarine.eu\/fr\/producto\/nimbus-w11\/","title":{"rendered":"Nimbus Weekender 11"},"content":{"rendered":"<p>Le W11, la vision de Nimbus de la croisi\u00e8re id\u00e9ale pour le week-end, est con\u00e7u pour les personnes ayant un style de vie actif qui souhaitent prolonger leurs week-ends, voyager plus loin et passer du temps avec leurs proches.<\/p>\n<p>&nbsp;<\/p>\n<p>Le W11 est une \u00e9volution du W9, con\u00e7u avec plus d&rsquo;espace et de fonctionnalit\u00e9s \u00e0 bord. Cela comprend un salon arri\u00e8re spacieux avec des si\u00e8ges r\u00e9glables, de multiples transats, une cuisine ext\u00e9rieure, une stabilisation gyroscopique, de nombreux rangements pour le mat\u00e9riel et les jouets, ainsi qu&rsquo;un espace de pont g\u00e9n\u00e9reux, permettant une libert\u00e9 de mouvement maximale.<\/p>\n<p>Le W11 est construit avec un design scandinave fonctionnel comme \u00e9l\u00e9ment central, dans la plus pure tradition Nimbus, ex\u00e9cut\u00e9 avec soin pour assurer le meilleur confort et la meilleure exp\u00e9rience pour l&rsquo;utilisateur. Il pr\u00e9sente \u00e9galement le design prim\u00e9 du trottoir Nimbus, qui offre un vaste espace int\u00e9rieur et permet de se d\u00e9placer facilement et en toute s\u00e9curit\u00e9 sur le pont.<\/p>\n<p>L&rsquo;am\u00e9nagement int\u00e9rieur et la disposition multifonctionnelle des si\u00e8ges sont sp\u00e9cialement con\u00e7us pour les activit\u00e9s sociales et les divertissements. De vastes espaces sociaux sont disponibles o\u00f9 vous pouvez passer du temps avec vos amis ou votre famille, vous d\u00e9tendre, prendre un bain ou profiter du soleil, que ce soit sur le pont avant ou sur le pont arri\u00e8re. Le W11 comprend \u00e9galement de nouvelles caract\u00e9ristiques telles que des balcons lat\u00e9raux rabattables pour plus d&rsquo;espace et de flexibilit\u00e9 lorsque le bateau est ancr\u00e9, ainsi qu&rsquo;une plate-forme de bain hydraulique optionnelle qui s&rsquo;\u00e9tend \u00e0 l&rsquo;arri\u00e8re des moteurs et qui peut \u00eatre ajust\u00e9e en fonction de l&rsquo;usage qui en est fait.<\/p>\n<p>&nbsp;<\/p>\n<p>Moteurs en option :<\/p>\n<p>2 x Mercury Verado V8 300 ch<\/p>\n<p>2 x Mercury Verado V10 400 hp<\/p>\n","protected":false},"excerpt":{"rendered":"<p>Le W11, la vision de Nimbus de la croisi\u00e8re id\u00e9ale pour le week-end, est con\u00e7u pour les personnes ayant un style de vie actif qui souhaitent prolonger leurs week-ends, voyager plus loin et passer du temps avec leurs proches. &nbsp; Le W11 est une \u00e9volution du W9, con\u00e7u avec plus d&rsquo;espace et de fonctionnalit\u00e9s \u00e0 [&#8230;]\n","protected":false},"featured_media":15750,"comment_status":"open","ping_status":"closed","template":"","meta":{"_acf_changed":false},"product_brand":[],"product_cat":[147],"product_tag":[],"class_list":{"0":"post-16840","1":"product","2":"type-product","3":"status-publish","4":"has-post-thumbnail","6":"product_marcas-nimbus-fr","7":"product_cat-model-boat-fr","9":"first","10":"instock","11":"shipping-taxable","12":"product-type-simple"},"acf":[],"_links":{"self":[{"href":"https:\/\/clearwatermarine.eu\/fr\/wp-json\/wp\/v2\/product\/16840","targetHints":{"allow":["GET"]}}],"collection":[{"href":"https:\/\/clearwatermarine.eu\/fr\/wp-json\/wp\/v2\/product"}],"about":[{"href":"https:\/\/clearwatermarine.eu\/fr\/wp-json\/wp\/v2\/types\/product"}],"replies":[{"embeddable":true,"href":"https:\/\/clearwatermarine.eu\/fr\/wp-json\/wp\/v2\/comments?post=16840"}],"wp:featuredmedia":[{"embeddable":true,"href":"https:\/\/clearwatermarine.eu\/fr\/wp-json\/wp\/v2\/media\/15750"}],"wp:attachment":[{"href":"https:\/\/clearwatermarine.eu\/fr\/wp-json\/wp\/v2\/media?parent=16840"}],"wp:term":[{"taxonomy":"product_brand","embeddable":true,"href":"https:\/\/clearwatermarine.eu\/fr\/wp-json\/wp\/v2\/product_brand?post=16840"},{"taxonomy":"product_cat","embeddable":true,"href":"https:\/\/clearwatermarine.eu\/fr\/wp-json\/wp\/v2\/product_cat?post=16840"},{"taxonomy":"product_tag","embeddable":true,"href":"https:\/\/clearwatermarine.eu\/fr\/wp-json\/wp\/v2\/product_tag?post=16840"}],"curies":[{"name":"wp","href":"https:\/\/api.w.org\/{rel}","templated":true}]}}