{"id":16851,"date":"2021-04-06T08:55:09","date_gmt":"2021-04-06T08:55:09","guid":{"rendered":"https:\/\/clearwatermarine.eu\/producto\/princess-f45\/"},"modified":"2023-04-24T09:57:59","modified_gmt":"2023-04-24T09:57:59","slug":"princess-f45","status":"publish","type":"product","link":"https:\/\/clearwatermarine.eu\/fr\/producto\/princess-f45\/","title":{"rendered":"Princess F45"},"content":{"rendered":"<p>L&rsquo;exceptionnel nouveau flybridge F45 offre un espace, une qualit\u00e9 et une flexibilit\u00e9 in\u00e9gal\u00e9s pour une exp\u00e9rience ultime sur l&rsquo;eau. Son flybridge \u00e9tendu comprend un coin salon avec une table \u00e0 manger en teck et des si\u00e8ges en L \u00e0 l&rsquo;avant qui se transforment en bain de soleil si n\u00e9cessaire. Sur simple pression d&rsquo;un bouton, les si\u00e8ges du tableau arri\u00e8re, uniques et coulissants \u00e9lectriquement, s&rsquo;\u00e9tendent sur toute la longueur du cockpit, offrant ainsi un espace in\u00e9gal\u00e9 sur le pont principal pour un yacht de 45 pieds.<\/p>\n<p>Sous le pont, une cabine propri\u00e9taire pleine largeur, compl\u00e9t\u00e9e par une cabine avant avec salle de bain, attendront et d\u00e9passeront vos attentes en mati\u00e8re d&rsquo;h\u00e9bergement, malgr\u00e9 ses proportions \u00e9l\u00e9gantes. Propuls\u00e9 par des moteurs Volvo IPS 600 et atteignant une vitesse de pointe de 31 n\u0153uds, le F45 est un bateau d&rsquo;une beaut\u00e9 \u00e0 couper le souffle. Avec ses \u00e9l\u00e9gantes fen\u00eatres sur toute la longueur de la coque, ses surfaces magnifiquement r\u00e9solues et ses d\u00e9tails de conception inhabituels, le F45 s&rsquo;impose comme le summum des petits yachts \u00e0 flybridge.<\/p>\n<p>&nbsp;<\/p>\n<p>Consultez la <a href=\"https:\/\/www.princess.co.uk\/wp-content\/uploads\/2018\/10\/f45-f-class-brochure-book-1.pdf\">brochure<\/a> du Princess F45.<\/p>\n","protected":false},"excerpt":{"rendered":"<p>L&rsquo;exceptionnel nouveau flybridge F45 offre un espace, une qualit\u00e9 et une flexibilit\u00e9 in\u00e9gal\u00e9s pour une exp\u00e9rience ultime sur l&rsquo;eau. Son flybridge \u00e9tendu comprend un coin salon avec une table \u00e0 manger en teck et des si\u00e8ges en L \u00e0 l&rsquo;avant qui se transforment en bain de soleil si n\u00e9cessaire. Sur simple pression d&rsquo;un bouton, les [&#8230;]\n","protected":false},"featured_media":10000,"comment_status":"open","ping_status":"closed","template":"","meta":{"_acf_changed":false},"product_brand":[],"product_cat":[147],"product_tag":[],"class_list":{"0":"post-16851","1":"product","2":"type-product","3":"status-publish","4":"has-post-thumbnail","6":"product_marcas-princess-fr","7":"product_cat-model-boat-fr","9":"first","10":"instock","11":"shipping-taxable","12":"product-type-simple"},"acf":[],"_links":{"self":[{"href":"https:\/\/clearwatermarine.eu\/fr\/wp-json\/wp\/v2\/product\/16851","targetHints":{"allow":["GET"]}}],"collection":[{"href":"https:\/\/clearwatermarine.eu\/fr\/wp-json\/wp\/v2\/product"}],"about":[{"href":"https:\/\/clearwatermarine.eu\/fr\/wp-json\/wp\/v2\/types\/product"}],"replies":[{"embeddable":true,"href":"https:\/\/clearwatermarine.eu\/fr\/wp-json\/wp\/v2\/comments?post=16851"}],"wp:featuredmedia":[{"embeddable":true,"href":"https:\/\/clearwatermarine.eu\/fr\/wp-json\/wp\/v2\/media\/10000"}],"wp:attachment":[{"href":"https:\/\/clearwatermarine.eu\/fr\/wp-json\/wp\/v2\/media?parent=16851"}],"wp:term":[{"taxonomy":"product_brand","embeddable":true,"href":"https:\/\/clearwatermarine.eu\/fr\/wp-json\/wp\/v2\/product_brand?post=16851"},{"taxonomy":"product_cat","embeddable":true,"href":"https:\/\/clearwatermarine.eu\/fr\/wp-json\/wp\/v2\/product_cat?post=16851"},{"taxonomy":"product_tag","embeddable":true,"href":"https:\/\/clearwatermarine.eu\/fr\/wp-json\/wp\/v2\/product_tag?post=16851"}],"curies":[{"name":"wp","href":"https:\/\/api.w.org\/{rel}","templated":true}]}}