{"id":16853,"date":"2021-04-06T09:28:00","date_gmt":"2021-04-06T09:28:00","guid":{"rendered":"https:\/\/clearwatermarine.eu\/producto\/princess-f50\/"},"modified":"2023-04-24T11:06:21","modified_gmt":"2023-04-24T11:06:21","slug":"princess-f50","status":"publish","type":"product","link":"https:\/\/clearwatermarine.eu\/fr\/producto\/princess-f50\/","title":{"rendered":"Princess F50"},"content":{"rendered":"<p>Premier flybridge Princess \u00e9quip\u00e9 du syst\u00e8me de propulsion IPS, le nouveau Princess F50 est une classe \u00e0 part. Ce mod\u00e8le unique allie la facilit\u00e9 de man\u0153uvre \u00e0 l&rsquo;espace de vie suppl\u00e9mentaire dont b\u00e9n\u00e9ficient de nombreux mod\u00e8les de flybridge Princess. Les fen\u00eatres panoramiques et les si\u00e8ges g\u00e9n\u00e9reux cr\u00e9ent un espace lumineux pour les divertissements, tandis que sous le pont, l&rsquo;h\u00e9bergement comprend une cabine pleine largeur magnifiquement am\u00e9nag\u00e9e et deux autres cabines pour les invit\u00e9s.<\/p>\n<p>Lanc\u00e9 en septembre 2019, le Princess F50 combine astucieusement haute performance, tenue de mer \u00e9conomique, man\u0153uvrabilit\u00e9 et facilit\u00e9 de manipulation associ\u00e9e au tout dernier syst\u00e8me de propulsion \u00e0 pods IPS. Il s&rsquo;agit du tout premier flybridge Princess \u00e9quip\u00e9 d&rsquo;un syst\u00e8me de propulsion IPS.<\/p>\n<p>Fendant les vagues \u00e0 des vitesses allant jusqu&rsquo;\u00e0 35 n\u0153uds ou naviguant \u00e0 une vitesse tr\u00e8s \u00e9conomique de 30 n\u0153uds, le nouveau Princess F50 promet d&rsquo;\u00eatre sublimement agr\u00e9able. Les invit\u00e9s peuvent profiter d&rsquo;un logement spacieux \u00e0 la fois sur et sous le pont &#8211; parfait pour recevoir gr\u00e2ce \u00e0 la coque en V profond au design unique.<\/p>\n<p>Tout le monde peut profiter de la vue depuis le flybridge qui comprend un double si\u00e8ge de pilotage, un grand canap\u00e9 en forme de L qui se transforme en bain de soleil, et un g\u00e9n\u00e9reux coin salon \u00e0 l&rsquo;arri\u00e8re avec une table pliante. Une glaci\u00e8re r\u00e9frig\u00e9r\u00e9e est install\u00e9e de s\u00e9rie et un wetbar avec barbecue est disponible en option.<\/p>\n<p>L&rsquo;am\u00e9nagement sociable se poursuit dans le salon de pont bien con\u00e7u qui est baign\u00e9 de lumi\u00e8re par les fen\u00eatres panoramiques et qui comporte un ing\u00e9nieux couloir arri\u00e8re qui peut \u00eatre \u00e9quip\u00e9 d&rsquo;un r\u00e9frig\u00e9rateur\/cong\u00e9lateur pleine hauteur et d&rsquo;une machine \u00e0 gla\u00e7ons en option. Cet espace lumineux donne sur le cockpit par des portes coulissantes triples qui incorporent des si\u00e8ges en U et une table pliante en teck pour profiter encore plus de la vie en plein air.<\/p>\n","protected":false},"excerpt":{"rendered":"<p>Premier flybridge Princess \u00e9quip\u00e9 du syst\u00e8me de propulsion IPS, le nouveau Princess F50 est une classe \u00e0 part. Ce mod\u00e8le unique allie la facilit\u00e9 de man\u0153uvre \u00e0 l&rsquo;espace de vie suppl\u00e9mentaire dont b\u00e9n\u00e9ficient de nombreux mod\u00e8les de flybridge Princess. Les fen\u00eatres panoramiques et les si\u00e8ges g\u00e9n\u00e9reux cr\u00e9ent un espace lumineux pour les divertissements, tandis que [&#8230;]\n","protected":false},"featured_media":0,"comment_status":"open","ping_status":"closed","template":"","meta":{"_acf_changed":false},"product_brand":[],"product_cat":[147],"product_tag":[],"class_list":{"0":"post-16853","1":"product","2":"type-product","3":"status-publish","5":"product_marcas-princess-fr","6":"product_cat-model-boat-fr","8":"first","9":"instock","10":"shipping-taxable","11":"product-type-simple"},"acf":[],"_links":{"self":[{"href":"https:\/\/clearwatermarine.eu\/fr\/wp-json\/wp\/v2\/product\/16853","targetHints":{"allow":["GET"]}}],"collection":[{"href":"https:\/\/clearwatermarine.eu\/fr\/wp-json\/wp\/v2\/product"}],"about":[{"href":"https:\/\/clearwatermarine.eu\/fr\/wp-json\/wp\/v2\/types\/product"}],"replies":[{"embeddable":true,"href":"https:\/\/clearwatermarine.eu\/fr\/wp-json\/wp\/v2\/comments?post=16853"}],"wp:attachment":[{"href":"https:\/\/clearwatermarine.eu\/fr\/wp-json\/wp\/v2\/media?parent=16853"}],"wp:term":[{"taxonomy":"product_brand","embeddable":true,"href":"https:\/\/clearwatermarine.eu\/fr\/wp-json\/wp\/v2\/product_brand?post=16853"},{"taxonomy":"product_cat","embeddable":true,"href":"https:\/\/clearwatermarine.eu\/fr\/wp-json\/wp\/v2\/product_cat?post=16853"},{"taxonomy":"product_tag","embeddable":true,"href":"https:\/\/clearwatermarine.eu\/fr\/wp-json\/wp\/v2\/product_tag?post=16853"}],"curies":[{"name":"wp","href":"https:\/\/api.w.org\/{rel}","templated":true}]}}