{"id":16956,"date":"2021-04-12T09:52:00","date_gmt":"2021-04-12T09:52:00","guid":{"rendered":"https:\/\/clearwatermarine.eu\/producto\/princess-f62-2\/"},"modified":"2023-04-27T08:25:46","modified_gmt":"2023-04-27T08:25:46","slug":"princess-f62-2","status":"publish","type":"product","link":"https:\/\/clearwatermarine.eu\/fr\/producto\/princess-f62-2\/","title":{"rendered":"Princess F62"},"content":{"rendered":"<p>Ce yacht est con\u00e7u pour la convivialit\u00e9. Il y a trois cabines d&rsquo;invit\u00e9s magnifiquement am\u00e9nag\u00e9es &#8211; toutes avec salle de bain, une immense salle \u00e0 manger, un bain de soleil \u00e0 l&rsquo;arri\u00e8re, et des hectares d&rsquo;espace dans le salon a\u00e9r\u00e9. Il y a \u00e9galement un si\u00e8ge circulaire unique \u00e0 l&rsquo;avant qui peut \u00eatre converti en un autre bain de soleil si n\u00e9cessaire ! Tous ces \u00e9l\u00e9ments ont \u00e9t\u00e9 cr\u00e9\u00e9s avec une attention m\u00e9ticuleuse aux d\u00e9tails afin de cr\u00e9er un environnement moderne, cool et frais.<br \/>\nLe tout nouveau Princess 62 incarne notre \u00e9thique de conception m\u00e9ticuleuse et tous les avantages de la derni\u00e8re technologie d&rsquo;infusion, permettant l&rsquo;inclusion de caract\u00e9ristiques qui ne sont normalement possibles que sur des bateaux beaucoup plus grands. Son flybridge inspire la d\u00e9tente avec une grande salle \u00e0 manger, un bain de soleil \u00e0 l&rsquo;arri\u00e8re et un si\u00e8ge circulaire unique \u00e0 l&rsquo;avant qui peut \u00eatre converti en un bain de soleil suppl\u00e9mentaire. Dot\u00e9 d&rsquo;un espace de divertissement sur le pont avant et d&rsquo;une plateforme de bain hydraulique en standard, il constitue un ajout ing\u00e9nieux et convaincant \u00e0 notre gamme Flybridge.<\/p>\n<p>Son salon caverneux sur le pont principal est reli\u00e9 au monde ext\u00e9rieur par des fen\u00eatres lat\u00e9rales sur toute la longueur, tandis que sa cuisine conviviale est situ\u00e9e \u00e0 l&rsquo;arri\u00e8re et s&rsquo;ouvre sur le cockpit. Le poste de pilotage est situ\u00e9 \u00e0 tribord et les si\u00e8ges des invit\u00e9s sont orient\u00e9s vers l&rsquo;avant. Sous le pont, six invit\u00e9s profitent de trois cabines en suite magnifiquement am\u00e9nag\u00e9es, toutes baign\u00e9es de lumi\u00e8re naturelle gr\u00e2ce aux \u00e9l\u00e9gants vitrages de la coque, avec l&rsquo;option d&rsquo;une autre cabine double \u00e0 l&rsquo;arri\u00e8re pour les invit\u00e9s occasionnels ou l&rsquo;\u00e9quipage.<\/p>\n<p>Options de moteur &#8211; Diesel<br \/>\nDeux Volvo D13-900 (2 x 900mhp)<br \/>\nPlage de vitesse : 30-31 n\u0153uds\u2020<\/p>\n<p>Caterpillar 12.9 1000 (2 x 1000mhp)<br \/>\nPlage de vitesse : 31-32,5 n\u0153uds\u2020<\/p>\n","protected":false},"excerpt":{"rendered":"<p>Ce yacht est con\u00e7u pour la convivialit\u00e9. Il y a trois cabines d&rsquo;invit\u00e9s magnifiquement am\u00e9nag\u00e9es &#8211; toutes avec salle de bain, une immense salle \u00e0 manger, un bain de soleil \u00e0 l&rsquo;arri\u00e8re, et des hectares d&rsquo;espace dans le salon a\u00e9r\u00e9. Il y a \u00e9galement un si\u00e8ge circulaire unique \u00e0 l&rsquo;avant qui peut \u00eatre converti en [&#8230;]\n","protected":false},"featured_media":10066,"comment_status":"open","ping_status":"closed","template":"","meta":{"_acf_changed":false},"product_brand":[],"product_cat":[147],"product_tag":[],"class_list":{"0":"post-16956","1":"product","2":"type-product","3":"status-publish","4":"has-post-thumbnail","6":"product_marcas-princess-fr","7":"product_cat-model-boat-fr","9":"first","10":"instock","11":"shipping-taxable","12":"product-type-simple"},"acf":[],"_links":{"self":[{"href":"https:\/\/clearwatermarine.eu\/fr\/wp-json\/wp\/v2\/product\/16956","targetHints":{"allow":["GET"]}}],"collection":[{"href":"https:\/\/clearwatermarine.eu\/fr\/wp-json\/wp\/v2\/product"}],"about":[{"href":"https:\/\/clearwatermarine.eu\/fr\/wp-json\/wp\/v2\/types\/product"}],"replies":[{"embeddable":true,"href":"https:\/\/clearwatermarine.eu\/fr\/wp-json\/wp\/v2\/comments?post=16956"}],"wp:featuredmedia":[{"embeddable":true,"href":"https:\/\/clearwatermarine.eu\/fr\/wp-json\/wp\/v2\/media\/10066"}],"wp:attachment":[{"href":"https:\/\/clearwatermarine.eu\/fr\/wp-json\/wp\/v2\/media?parent=16956"}],"wp:term":[{"taxonomy":"product_brand","embeddable":true,"href":"https:\/\/clearwatermarine.eu\/fr\/wp-json\/wp\/v2\/product_brand?post=16956"},{"taxonomy":"product_cat","embeddable":true,"href":"https:\/\/clearwatermarine.eu\/fr\/wp-json\/wp\/v2\/product_cat?post=16956"},{"taxonomy":"product_tag","embeddable":true,"href":"https:\/\/clearwatermarine.eu\/fr\/wp-json\/wp\/v2\/product_tag?post=16956"}],"curies":[{"name":"wp","href":"https:\/\/api.w.org\/{rel}","templated":true}]}}