{"id":20910,"date":"2023-08-10T11:05:22","date_gmt":"2023-08-10T11:05:22","guid":{"rendered":"https:\/\/clearwatermarine.eu\/producto\/chaser-500cc\/"},"modified":"2024-11-21T10:27:03","modified_gmt":"2024-11-21T10:27:03","slug":"chaser-54-laguna-for-sale","status":"publish","type":"product","link":"https:\/\/clearwatermarine.eu\/fr\/producto\/chaser-54-laguna-for-sale\/","title":{"rendered":"Chaser 54 Laguna &#8211; 2023"},"content":{"rendered":"<h3>CONSTRUCTION HOLLANDAISE . CON\u00c7U SUR MESURE<\/h3>\n<p>Constructeur n\u00e9erlandais tr\u00e8s respect\u00e9, Chaser Yachts con\u00e7oit et construit des bateaux de haute technologie et de tr\u00e8s haute performance pour le march\u00e9 des bateaux de luxe et des superyachts. Le nouveau Chaser 50 Laguna est une console centrale innovante, con\u00e7ue sur mesure, qui offre un espace ext\u00e9rieur \u00e9l\u00e9gant, id\u00e9al pour se d\u00e9tendre, se divertir et prendre un bain de soleil. L&rsquo;acc\u00e8s \u00e0 l&rsquo;eau est facilit\u00e9 par une astucieuse terrasse lat\u00e9rale rabattable qui cr\u00e9e une sensation suppl\u00e9mentaire d&rsquo;espace et de luxe. Sous le pont se trouvent une chambre \u00e0 coucher et une salle de bain magnifiquement finies et extr\u00eamement confortables.<\/p>\n<p>Sur l&rsquo;eau, le 50 Laguna poss\u00e8de l&rsquo;une des meilleures capacit\u00e9s de tenue de mer du march\u00e9. Sans entretien et tr\u00e8s rigides, ces bateaux haute performance ont la vitesse, l&rsquo;autonomie et la fiabilit\u00e9 n\u00e9cessaires pour affronter tout ce que la mer peut vous r\u00e9server. Un am\u00e9nagement ultra-sp\u00e9cialis\u00e9 garantit une navigation exaltante et fluide \u00e0 chaque fois et le Chaser est un v\u00e9ritable bateau de pilote.<\/p>\n<p>Une qualit\u00e9 de construction in\u00e9gal\u00e9e, une attention m\u00e9ticuleuse aux d\u00e9tails, des caract\u00e9ristiques de conception exquises et pratiques et l&rsquo;utilisation des derni\u00e8res technologies sont les caract\u00e9ristiques de ce bateau vraiment unique.<\/p>\n<p>PRIX SUR DEMANDE &#8211; Veuillez contacter notre \u00e9quipe pour plus de d\u00e9tails &#8211; info@clearwater.es<\/p>\n<p>&nbsp;<\/p>\n<h3 style=\"text-align: center;\">REGARDEZ NOTRE VID\u00c9O DU CHASER 50 LAGUNA EN ACTION<\/h3>\n<p style=\"text-align: center;\"><iframe title=\"YouTube video player\" src=\"https:\/\/www.youtube.com\/embed\/rQhKxiTELIk\" width=\"560\" height=\"315\" frameborder=\"0\" allowfullscreen=\"allowfullscreen\"><\/iframe><\/p>\n<p>&nbsp;<\/p>\n<h3 style=\"text-align: center;\">REGARDER ENCORE UN CHASER 50 LAGUNA ON THE SEA<\/h3>\n<p style=\"text-align: center;\"><iframe title=\"YouTube video player\" src=\"https:\/\/www.youtube.com\/embed\/empK54iFVMA?si=WxdldI0C07Hs_h84\" width=\"560\" height=\"315\" frameborder=\"0\" allowfullscreen=\"allowfullscreen\"><\/iframe><\/p>\n","protected":false},"excerpt":{"rendered":"<p>CONSTRUCTION HOLLANDAISE . CON\u00c7U SUR MESURE Constructeur n\u00e9erlandais tr\u00e8s respect\u00e9, Chaser Yachts con\u00e7oit et construit des bateaux de haute technologie et de tr\u00e8s haute performance pour le march\u00e9 des bateaux de luxe et des superyachts. Le nouveau Chaser 50 Laguna est une console centrale innovante, con\u00e7ue sur mesure, qui offre un espace ext\u00e9rieur \u00e9l\u00e9gant, id\u00e9al [&#8230;]\n","protected":false},"featured_media":18952,"comment_status":"open","ping_status":"closed","template":"","meta":{"_acf_changed":false},"product_brand":[],"product_cat":[118],"product_tag":[],"class_list":{"0":"post-20910","1":"product","2":"type-product","3":"status-publish","4":"has-post-thumbnail","6":"product_marcas-chaser-yacht-fr","7":"product_cat-preowned-fr","9":"first","10":"instock","11":"shipping-taxable","12":"purchasable","13":"product-type-simple"},"acf":[],"_links":{"self":[{"href":"https:\/\/clearwatermarine.eu\/fr\/wp-json\/wp\/v2\/product\/20910","targetHints":{"allow":["GET"]}}],"collection":[{"href":"https:\/\/clearwatermarine.eu\/fr\/wp-json\/wp\/v2\/product"}],"about":[{"href":"https:\/\/clearwatermarine.eu\/fr\/wp-json\/wp\/v2\/types\/product"}],"replies":[{"embeddable":true,"href":"https:\/\/clearwatermarine.eu\/fr\/wp-json\/wp\/v2\/comments?post=20910"}],"wp:featuredmedia":[{"embeddable":true,"href":"https:\/\/clearwatermarine.eu\/fr\/wp-json\/wp\/v2\/media\/18952"}],"wp:attachment":[{"href":"https:\/\/clearwatermarine.eu\/fr\/wp-json\/wp\/v2\/media?parent=20910"}],"wp:term":[{"taxonomy":"product_brand","embeddable":true,"href":"https:\/\/clearwatermarine.eu\/fr\/wp-json\/wp\/v2\/product_brand?post=20910"},{"taxonomy":"product_cat","embeddable":true,"href":"https:\/\/clearwatermarine.eu\/fr\/wp-json\/wp\/v2\/product_cat?post=20910"},{"taxonomy":"product_tag","embeddable":true,"href":"https:\/\/clearwatermarine.eu\/fr\/wp-json\/wp\/v2\/product_tag?post=20910"}],"curies":[{"name":"wp","href":"https:\/\/api.w.org\/{rel}","templated":true}]}}